{"id":1365,"date":"2022-06-01T10:00:12","date_gmt":"2022-06-01T08:00:12","guid":{"rendered":"https:\/\/philouequestrian.com\/?page_id=1365"},"modified":"2022-06-01T10:00:14","modified_gmt":"2022-06-01T08:00:14","slug":"merettablazat","status":"publish","type":"page","link":"https:\/\/philouequestrian.com\/en\/size-chart\/","title":{"rendered":"Size chart"},"content":{"rendered":"<figure class=\"wp-block-table\"><table><tbody><tr><td>Size<\/td><td>Shoulder width (cm)<\/td><td>Breast measurement (cm)<\/td><td>Waist width (cm)<\/td><td>Hip width (cm)<\/td><\/tr><tr><td>XS-34<\/td><td>36<\/td><td>36<\/td><td>34<\/td><td><\/td><\/tr><tr><td>S-36<\/td><td>37<\/td><td>38<\/td><td>36<\/td><td><\/td><\/tr><tr><td>M-38<\/td><td>38<\/td><td>40<\/td><td>38<\/td><td><\/td><\/tr><tr><td>L-40<\/td><td>39<\/td><td>42<\/td><td>40<\/td><td><\/td><\/tr><\/tbody><\/table><\/figure>","protected":false},"excerpt":{"rendered":"<p>M\u00e9ret V\u00e1llb\u0151s\u00e9g (cm) Mellb\u0151s\u00e9g (cm) Der\u00e9kb\u0151s\u00e9g (cm) Cs\u00edp\u0151b\u0151s\u00e9g (cm) XS-34 36 36 34 S-36 37 38 36 M-38 38 40 38 L-40 39 42 40<\/p>","protected":false},"author":1,"featured_media":0,"parent":0,"menu_order":0,"comment_status":"closed","ping_status":"closed","template":"template-compact.php","meta":{"_acf_changed":false,"footnotes":""},"class_list":["post-1365","page","type-page","status-publish","hentry"],"acf":[],"yoast_head":"<!-- This site is optimized with the Yoast SEO plugin v23.8 - https:\/\/yoast.com\/wordpress\/plugins\/seo\/ -->\n<title>M\u00e9rett\u00e1bl\u00e1zat - Philou<\/title>\n<meta name=\"robots\" content=\"index, follow, max-snippet:-1, max-image-preview:large, max-video-preview:-1\" \/>\n<link rel=\"canonical\" href=\"https:\/\/philouequestrian.com\/en\/size-chart\/\" \/>\n<meta property=\"og:locale\" content=\"en_US\" \/>\n<meta property=\"og:type\" content=\"article\" \/>\n<meta property=\"og:title\" content=\"M\u00e9rett\u00e1bl\u00e1zat - Philou\" \/>\n<meta property=\"og:description\" content=\"M\u00e9ret V\u00e1llb\u0151s\u00e9g (cm) Mellb\u0151s\u00e9g (cm) Der\u00e9kb\u0151s\u00e9g (cm) Cs\u00edp\u0151b\u0151s\u00e9g (cm) XS-34 36 36 34 S-36 37 38 36 M-38 38 40 38 L-40 39 42 40\" \/>\n<meta property=\"og:url\" content=\"https:\/\/philouequestrian.com\/en\/size-chart\/\" \/>\n<meta property=\"og:site_name\" content=\"Philou\" \/>\n<meta property=\"article:publisher\" content=\"https:\/\/www.facebook.com\/philouequestrian\" \/>\n<meta property=\"article:modified_time\" content=\"2022-06-01T08:00:14+00:00\" \/>\n<meta name=\"twitter:card\" content=\"summary_large_image\" \/>\n<script type=\"application\/ld+json\" class=\"yoast-schema-graph\">{\"@context\":\"https:\/\/schema.org\",\"@graph\":[{\"@type\":\"WebPage\",\"@id\":\"https:\/\/philouequestrian.com\/merettablazat\/\",\"url\":\"https:\/\/philouequestrian.com\/merettablazat\/\",\"name\":\"M\u00e9rett\u00e1bl\u00e1zat - Philou\",\"isPartOf\":{\"@id\":\"https:\/\/philouequestrian.com\/#website\"},\"datePublished\":\"2022-06-01T08:00:12+00:00\",\"dateModified\":\"2022-06-01T08:00:14+00:00\",\"breadcrumb\":{\"@id\":\"https:\/\/philouequestrian.com\/merettablazat\/#breadcrumb\"},\"inLanguage\":\"en-US\",\"potentialAction\":[{\"@type\":\"ReadAction\",\"target\":[\"https:\/\/philouequestrian.com\/merettablazat\/\"]}]},{\"@type\":\"BreadcrumbList\",\"@id\":\"https:\/\/philouequestrian.com\/merettablazat\/#breadcrumb\",\"itemListElement\":[{\"@type\":\"ListItem\",\"position\":1,\"name\":\"Kezd\u0151lap\",\"item\":\"https:\/\/philouequestrian.com\/\"},{\"@type\":\"ListItem\",\"position\":2,\"name\":\"M\u00e9rett\u00e1bl\u00e1zat\"}]},{\"@type\":\"WebSite\",\"@id\":\"https:\/\/philouequestrian.com\/#website\",\"url\":\"https:\/\/philouequestrian.com\/\",\"name\":\"Philou\",\"description\":\"Equestrian Clothing\",\"publisher\":{\"@id\":\"https:\/\/philouequestrian.com\/#organization\"},\"potentialAction\":[{\"@type\":\"SearchAction\",\"target\":{\"@type\":\"EntryPoint\",\"urlTemplate\":\"https:\/\/philouequestrian.com\/?s={search_term_string}\"},\"query-input\":{\"@type\":\"PropertyValueSpecification\",\"valueRequired\":true,\"valueName\":\"search_term_string\"}}],\"inLanguage\":\"en-US\"},{\"@type\":\"Organization\",\"@id\":\"https:\/\/philouequestrian.com\/#organization\",\"name\":\"Philou Equestrian Clothing\",\"url\":\"https:\/\/philouequestrian.com\/\",\"logo\":{\"@type\":\"ImageObject\",\"inLanguage\":\"en-US\",\"@id\":\"https:\/\/philouequestrian.com\/#\/schema\/logo\/image\/\",\"url\":\"https:\/\/philouequestrian.com\/wp-content\/uploads\/2022\/05\/philou-wbg.png\",\"contentUrl\":\"https:\/\/philouequestrian.com\/wp-content\/uploads\/2022\/05\/philou-wbg.png\",\"width\":2000,\"height\":2000,\"caption\":\"Philou Equestrian Clothing\"},\"image\":{\"@id\":\"https:\/\/philouequestrian.com\/#\/schema\/logo\/image\/\"},\"sameAs\":[\"https:\/\/www.facebook.com\/philouequestrian\",\"https:\/\/www.instagram.com\/philou_equestrian\/\"]}]}<\/script>\n<!-- \/ Yoast SEO plugin. -->","yoast_head_json":{"title":"M\u00e9rett\u00e1bl\u00e1zat - Philou","robots":{"index":"index","follow":"follow","max-snippet":"max-snippet:-1","max-image-preview":"max-image-preview:large","max-video-preview":"max-video-preview:-1"},"canonical":"https:\/\/philouequestrian.com\/en\/size-chart\/","og_locale":"en_US","og_type":"article","og_title":"M\u00e9rett\u00e1bl\u00e1zat - Philou","og_description":"M\u00e9ret V\u00e1llb\u0151s\u00e9g (cm) Mellb\u0151s\u00e9g (cm) Der\u00e9kb\u0151s\u00e9g (cm) Cs\u00edp\u0151b\u0151s\u00e9g (cm) XS-34 36 36 34 S-36 37 38 36 M-38 38 40 38 L-40 39 42 40","og_url":"https:\/\/philouequestrian.com\/en\/size-chart\/","og_site_name":"Philou","article_publisher":"https:\/\/www.facebook.com\/philouequestrian","article_modified_time":"2022-06-01T08:00:14+00:00","twitter_card":"summary_large_image","schema":{"@context":"https:\/\/schema.org","@graph":[{"@type":"WebPage","@id":"https:\/\/philouequestrian.com\/merettablazat\/","url":"https:\/\/philouequestrian.com\/merettablazat\/","name":"M\u00e9rett\u00e1bl\u00e1zat - Philou","isPartOf":{"@id":"https:\/\/philouequestrian.com\/#website"},"datePublished":"2022-06-01T08:00:12+00:00","dateModified":"2022-06-01T08:00:14+00:00","breadcrumb":{"@id":"https:\/\/philouequestrian.com\/merettablazat\/#breadcrumb"},"inLanguage":"en-US","potentialAction":[{"@type":"ReadAction","target":["https:\/\/philouequestrian.com\/merettablazat\/"]}]},{"@type":"BreadcrumbList","@id":"https:\/\/philouequestrian.com\/merettablazat\/#breadcrumb","itemListElement":[{"@type":"ListItem","position":1,"name":"Kezd\u0151lap","item":"https:\/\/philouequestrian.com\/"},{"@type":"ListItem","position":2,"name":"M\u00e9rett\u00e1bl\u00e1zat"}]},{"@type":"WebSite","@id":"https:\/\/philouequestrian.com\/#website","url":"https:\/\/philouequestrian.com\/","name":"Philou","description":"Equestrian Clothing","publisher":{"@id":"https:\/\/philouequestrian.com\/#organization"},"potentialAction":[{"@type":"SearchAction","target":{"@type":"EntryPoint","urlTemplate":"https:\/\/philouequestrian.com\/?s={search_term_string}"},"query-input":{"@type":"PropertyValueSpecification","valueRequired":true,"valueName":"search_term_string"}}],"inLanguage":"en-US"},{"@type":"Organization","@id":"https:\/\/philouequestrian.com\/#organization","name":"Philou Equestrian Clothing","url":"https:\/\/philouequestrian.com\/","logo":{"@type":"ImageObject","inLanguage":"en-US","@id":"https:\/\/philouequestrian.com\/#\/schema\/logo\/image\/","url":"https:\/\/philouequestrian.com\/wp-content\/uploads\/2022\/05\/philou-wbg.png","contentUrl":"https:\/\/philouequestrian.com\/wp-content\/uploads\/2022\/05\/philou-wbg.png","width":2000,"height":2000,"caption":"Philou Equestrian Clothing"},"image":{"@id":"https:\/\/philouequestrian.com\/#\/schema\/logo\/image\/"},"sameAs":["https:\/\/www.facebook.com\/philouequestrian","https:\/\/www.instagram.com\/philou_equestrian\/"]}]}},"_links":{"self":[{"href":"https:\/\/philouequestrian.com\/en\/wp-json\/wp\/v2\/pages\/1365","targetHints":{"allow":["GET"]}}],"collection":[{"href":"https:\/\/philouequestrian.com\/en\/wp-json\/wp\/v2\/pages"}],"about":[{"href":"https:\/\/philouequestrian.com\/en\/wp-json\/wp\/v2\/types\/page"}],"author":[{"embeddable":true,"href":"https:\/\/philouequestrian.com\/en\/wp-json\/wp\/v2\/users\/1"}],"replies":[{"embeddable":true,"href":"https:\/\/philouequestrian.com\/en\/wp-json\/wp\/v2\/comments?post=1365"}],"version-history":[{"count":2,"href":"https:\/\/philouequestrian.com\/en\/wp-json\/wp\/v2\/pages\/1365\/revisions"}],"predecessor-version":[{"id":1367,"href":"https:\/\/philouequestrian.com\/en\/wp-json\/wp\/v2\/pages\/1365\/revisions\/1367"}],"wp:attachment":[{"href":"https:\/\/philouequestrian.com\/en\/wp-json\/wp\/v2\/media?parent=1365"}],"curies":[{"name":"wp","href":"https:\/\/api.w.org\/{rel}","templated":true}]}}