{"id":1374,"date":"2022-06-01T10:05:10","date_gmt":"2022-06-01T08:05:10","guid":{"rendered":"https:\/\/philouequestrian.com\/?page_id=1374"},"modified":"2022-06-01T10:16:14","modified_gmt":"2022-06-01T08:16:14","slug":"garancia","status":"publish","type":"page","link":"https:\/\/philouequestrian.com\/en\/guarantee\/","title":{"rendered":"Guarantee"},"content":{"rendered":"<p>We offer a guarantee for orders placed through our website, and we are ready to assist you in the event of a size problem!<\/p><p>In case of exchange, request our package exchange option by e-mail, so we can quickly and easily exchange your ordered product. You can pay the package exchange fee by cash on delivery at the GLS courier, the amount is HUF 2,190 in all cases, and the price difference between the products, if any. The pickup of the product you wish to exchange and the delivery of the new product are carried out by the same courier, so all you have to do is hand over the product in its original packaging to the GLS employee.<\/p><p>Don't like the product? You can return the ordered products to us within 14 days without any reason. We can only take back and exchange products that are completely new and in their original condition.<\/p><p>The address to which we await the return of the products that are to be exchanged:<br>Philou Equestrian<br>Eco-Bait Kft.<br>Hungary, 2365 In\u00e1rcs, Sz\u00e9chenyi \u00fat 60.<\/p>","protected":false},"excerpt":{"rendered":"<p>Weboldalunkon kereszt\u00fcl leadott rendel\u00e9seidre garanci\u00e1t v\u00e1llalunk, m\u00e9retprobl\u00e9ma eset\u00e9n k\u00e9szs\u00e9ggel \u00e1llunk rendelkez\u00e9sedre! Csere eset\u00e9n ig\u00e9nyeld e-mailben csomagcsere opci\u00f3nkat, mellyel gyorsan \u00e9s k\u00f6nnyed\u00e9n ki tudjuk cser\u00e9lni rendelt term\u00e9kedet. A csomagcsere d\u00edj\u00e1t ut\u00e1nv\u00e9ttel tudod rendezni a GLS fut\u00e1rn\u00e1l, az \u00f6sszeg minden esetben 2.190 Ft, illetve ha van, a term\u00e9kek k\u00f6z\u00f6tti \u00e1rk\u00fcl\u00f6nb\u00f6zet. A cser\u00e9lni k\u00edv\u00e1nt term\u00e9k felv\u00e9tel\u00e9t \u00e9s az [&hellip;]<\/p>","protected":false},"author":1,"featured_media":0,"parent":0,"menu_order":0,"comment_status":"closed","ping_status":"closed","template":"template-compact.php","meta":{"_acf_changed":false,"footnotes":""},"class_list":["post-1374","page","type-page","status-publish","hentry"],"acf":[],"yoast_head":"<!-- This site is optimized with the Yoast SEO plugin v23.8 - https:\/\/yoast.com\/wordpress\/plugins\/seo\/ -->\n<title>Garancia - Philou<\/title>\n<meta name=\"robots\" content=\"index, follow, max-snippet:-1, max-image-preview:large, max-video-preview:-1\" \/>\n<link rel=\"canonical\" href=\"https:\/\/philouequestrian.com\/en\/guarantee\/\" \/>\n<meta property=\"og:locale\" content=\"en_US\" \/>\n<meta property=\"og:type\" content=\"article\" \/>\n<meta property=\"og:title\" content=\"Garancia - Philou\" \/>\n<meta property=\"og:description\" content=\"Weboldalunkon kereszt\u00fcl leadott rendel\u00e9seidre garanci\u00e1t v\u00e1llalunk, m\u00e9retprobl\u00e9ma eset\u00e9n k\u00e9szs\u00e9ggel \u00e1llunk rendelkez\u00e9sedre! Csere eset\u00e9n ig\u00e9nyeld e-mailben csomagcsere opci\u00f3nkat, mellyel gyorsan \u00e9s k\u00f6nnyed\u00e9n ki tudjuk cser\u00e9lni rendelt term\u00e9kedet. A csomagcsere d\u00edj\u00e1t ut\u00e1nv\u00e9ttel tudod rendezni a GLS fut\u00e1rn\u00e1l, az \u00f6sszeg minden esetben 2.190 Ft, illetve ha van, a term\u00e9kek k\u00f6z\u00f6tti \u00e1rk\u00fcl\u00f6nb\u00f6zet. A cser\u00e9lni k\u00edv\u00e1nt term\u00e9k felv\u00e9tel\u00e9t \u00e9s az [&hellip;]\" \/>\n<meta property=\"og:url\" content=\"https:\/\/philouequestrian.com\/en\/guarantee\/\" \/>\n<meta property=\"og:site_name\" content=\"Philou\" \/>\n<meta property=\"article:publisher\" content=\"https:\/\/www.facebook.com\/philouequestrian\" \/>\n<meta property=\"article:modified_time\" content=\"2022-06-01T08:16:14+00:00\" \/>\n<meta name=\"twitter:card\" content=\"summary_large_image\" \/>\n<meta name=\"twitter:label1\" content=\"Est. reading time\" \/>\n\t<meta name=\"twitter:data1\" content=\"1 minute\" \/>\n<script type=\"application\/ld+json\" class=\"yoast-schema-graph\">{\"@context\":\"https:\/\/schema.org\",\"@graph\":[{\"@type\":\"WebPage\",\"@id\":\"https:\/\/philouequestrian.com\/garancia\/\",\"url\":\"https:\/\/philouequestrian.com\/garancia\/\",\"name\":\"Garancia - Philou\",\"isPartOf\":{\"@id\":\"https:\/\/philouequestrian.com\/#website\"},\"datePublished\":\"2022-06-01T08:05:10+00:00\",\"dateModified\":\"2022-06-01T08:16:14+00:00\",\"breadcrumb\":{\"@id\":\"https:\/\/philouequestrian.com\/garancia\/#breadcrumb\"},\"inLanguage\":\"en-US\",\"potentialAction\":[{\"@type\":\"ReadAction\",\"target\":[\"https:\/\/philouequestrian.com\/garancia\/\"]}]},{\"@type\":\"BreadcrumbList\",\"@id\":\"https:\/\/philouequestrian.com\/garancia\/#breadcrumb\",\"itemListElement\":[{\"@type\":\"ListItem\",\"position\":1,\"name\":\"Kezd\u0151lap\",\"item\":\"https:\/\/philouequestrian.com\/\"},{\"@type\":\"ListItem\",\"position\":2,\"name\":\"Garancia\"}]},{\"@type\":\"WebSite\",\"@id\":\"https:\/\/philouequestrian.com\/#website\",\"url\":\"https:\/\/philouequestrian.com\/\",\"name\":\"Philou\",\"description\":\"Equestrian Clothing\",\"publisher\":{\"@id\":\"https:\/\/philouequestrian.com\/#organization\"},\"potentialAction\":[{\"@type\":\"SearchAction\",\"target\":{\"@type\":\"EntryPoint\",\"urlTemplate\":\"https:\/\/philouequestrian.com\/?s={search_term_string}\"},\"query-input\":{\"@type\":\"PropertyValueSpecification\",\"valueRequired\":true,\"valueName\":\"search_term_string\"}}],\"inLanguage\":\"en-US\"},{\"@type\":\"Organization\",\"@id\":\"https:\/\/philouequestrian.com\/#organization\",\"name\":\"Philou Equestrian Clothing\",\"url\":\"https:\/\/philouequestrian.com\/\",\"logo\":{\"@type\":\"ImageObject\",\"inLanguage\":\"en-US\",\"@id\":\"https:\/\/philouequestrian.com\/#\/schema\/logo\/image\/\",\"url\":\"https:\/\/philouequestrian.com\/wp-content\/uploads\/2022\/05\/philou-wbg.png\",\"contentUrl\":\"https:\/\/philouequestrian.com\/wp-content\/uploads\/2022\/05\/philou-wbg.png\",\"width\":2000,\"height\":2000,\"caption\":\"Philou Equestrian Clothing\"},\"image\":{\"@id\":\"https:\/\/philouequestrian.com\/#\/schema\/logo\/image\/\"},\"sameAs\":[\"https:\/\/www.facebook.com\/philouequestrian\",\"https:\/\/www.instagram.com\/philou_equestrian\/\"]}]}<\/script>\n<!-- \/ Yoast SEO plugin. -->","yoast_head_json":{"title":"Garancia - Philou","robots":{"index":"index","follow":"follow","max-snippet":"max-snippet:-1","max-image-preview":"max-image-preview:large","max-video-preview":"max-video-preview:-1"},"canonical":"https:\/\/philouequestrian.com\/en\/guarantee\/","og_locale":"en_US","og_type":"article","og_title":"Garancia - Philou","og_description":"Weboldalunkon kereszt\u00fcl leadott rendel\u00e9seidre garanci\u00e1t v\u00e1llalunk, m\u00e9retprobl\u00e9ma eset\u00e9n k\u00e9szs\u00e9ggel \u00e1llunk rendelkez\u00e9sedre! Csere eset\u00e9n ig\u00e9nyeld e-mailben csomagcsere opci\u00f3nkat, mellyel gyorsan \u00e9s k\u00f6nnyed\u00e9n ki tudjuk cser\u00e9lni rendelt term\u00e9kedet. A csomagcsere d\u00edj\u00e1t ut\u00e1nv\u00e9ttel tudod rendezni a GLS fut\u00e1rn\u00e1l, az \u00f6sszeg minden esetben 2.190 Ft, illetve ha van, a term\u00e9kek k\u00f6z\u00f6tti \u00e1rk\u00fcl\u00f6nb\u00f6zet. A cser\u00e9lni k\u00edv\u00e1nt term\u00e9k felv\u00e9tel\u00e9t \u00e9s az [&hellip;]","og_url":"https:\/\/philouequestrian.com\/en\/guarantee\/","og_site_name":"Philou","article_publisher":"https:\/\/www.facebook.com\/philouequestrian","article_modified_time":"2022-06-01T08:16:14+00:00","twitter_card":"summary_large_image","twitter_misc":{"Est. reading time":"1 minute"},"schema":{"@context":"https:\/\/schema.org","@graph":[{"@type":"WebPage","@id":"https:\/\/philouequestrian.com\/garancia\/","url":"https:\/\/philouequestrian.com\/garancia\/","name":"Garancia - Philou","isPartOf":{"@id":"https:\/\/philouequestrian.com\/#website"},"datePublished":"2022-06-01T08:05:10+00:00","dateModified":"2022-06-01T08:16:14+00:00","breadcrumb":{"@id":"https:\/\/philouequestrian.com\/garancia\/#breadcrumb"},"inLanguage":"en-US","potentialAction":[{"@type":"ReadAction","target":["https:\/\/philouequestrian.com\/garancia\/"]}]},{"@type":"BreadcrumbList","@id":"https:\/\/philouequestrian.com\/garancia\/#breadcrumb","itemListElement":[{"@type":"ListItem","position":1,"name":"Kezd\u0151lap","item":"https:\/\/philouequestrian.com\/"},{"@type":"ListItem","position":2,"name":"Garancia"}]},{"@type":"WebSite","@id":"https:\/\/philouequestrian.com\/#website","url":"https:\/\/philouequestrian.com\/","name":"Philou","description":"Equestrian Clothing","publisher":{"@id":"https:\/\/philouequestrian.com\/#organization"},"potentialAction":[{"@type":"SearchAction","target":{"@type":"EntryPoint","urlTemplate":"https:\/\/philouequestrian.com\/?s={search_term_string}"},"query-input":{"@type":"PropertyValueSpecification","valueRequired":true,"valueName":"search_term_string"}}],"inLanguage":"en-US"},{"@type":"Organization","@id":"https:\/\/philouequestrian.com\/#organization","name":"Philou Equestrian Clothing","url":"https:\/\/philouequestrian.com\/","logo":{"@type":"ImageObject","inLanguage":"en-US","@id":"https:\/\/philouequestrian.com\/#\/schema\/logo\/image\/","url":"https:\/\/philouequestrian.com\/wp-content\/uploads\/2022\/05\/philou-wbg.png","contentUrl":"https:\/\/philouequestrian.com\/wp-content\/uploads\/2022\/05\/philou-wbg.png","width":2000,"height":2000,"caption":"Philou Equestrian Clothing"},"image":{"@id":"https:\/\/philouequestrian.com\/#\/schema\/logo\/image\/"},"sameAs":["https:\/\/www.facebook.com\/philouequestrian","https:\/\/www.instagram.com\/philou_equestrian\/"]}]}},"_links":{"self":[{"href":"https:\/\/philouequestrian.com\/en\/wp-json\/wp\/v2\/pages\/1374","targetHints":{"allow":["GET"]}}],"collection":[{"href":"https:\/\/philouequestrian.com\/en\/wp-json\/wp\/v2\/pages"}],"about":[{"href":"https:\/\/philouequestrian.com\/en\/wp-json\/wp\/v2\/types\/page"}],"author":[{"embeddable":true,"href":"https:\/\/philouequestrian.com\/en\/wp-json\/wp\/v2\/users\/1"}],"replies":[{"embeddable":true,"href":"https:\/\/philouequestrian.com\/en\/wp-json\/wp\/v2\/comments?post=1374"}],"version-history":[{"count":6,"href":"https:\/\/philouequestrian.com\/en\/wp-json\/wp\/v2\/pages\/1374\/revisions"}],"predecessor-version":[{"id":1399,"href":"https:\/\/philouequestrian.com\/en\/wp-json\/wp\/v2\/pages\/1374\/revisions\/1399"}],"wp:attachment":[{"href":"https:\/\/philouequestrian.com\/en\/wp-json\/wp\/v2\/media?parent=1374"}],"curies":[{"name":"wp","href":"https:\/\/api.w.org\/{rel}","templated":true}]}}