{"id":397,"date":"2021-07-26T07:42:41","date_gmt":"2021-07-26T05:42:41","guid":{"rendered":"https:\/\/philou.hu\/about\/"},"modified":"2022-06-03T13:46:32","modified_gmt":"2022-06-03T11:46:32","slug":"rolunk","status":"publish","type":"page","link":"https:\/\/philouequestrian.com\/en\/about-us\/","title":{"rendered":"About Us"},"content":{"rendered":"<div data-elementor-type=\"wp-page\" data-elementor-id=\"397\" class=\"elementor elementor-397\" data-elementor-post-type=\"page\">\n\t\t\t\t\t\t<section class=\"elementor-section elementor-top-section elementor-element elementor-element-ba38b0c elementor-section-boxed elementor-section-height-default elementor-section-height-default\" data-id=\"ba38b0c\" data-element_type=\"section\">\n\t\t\t\t\t\t<div class=\"elementor-container elementor-column-gap-no\">\n\t\t\t\t\t<div class=\"elementor-column elementor-col-100 elementor-top-column elementor-element elementor-element-3e1967f\" data-id=\"3e1967f\" data-element_type=\"column\">\n\t\t\t<div class=\"elementor-column-wrap--3e1967f elementor-widget-wrap elementor-element-populated\">\n\t\t\t\t\t\t<div class=\"elementor-element elementor-element-281a995 elementor-widget elementor-widget-heading\" data-id=\"281a995\" data-element_type=\"widget\" data-widget_type=\"heading.default\">\n\t\t\t\t<div class=\"elementor-widget-container\">\n\t\t\t<h1 class=\"elementor-heading-title elementor-size-default\">About Us<\/h1>\t\t<\/div>\n\t\t\t\t<\/div>\n\t\t\t\t<section class=\"elementor-section elementor-inner-section elementor-element elementor-element-cff6f7e elementor-reverse-mobile elementor-section-boxed elementor-section-height-default elementor-section-height-default\" data-id=\"cff6f7e\" data-element_type=\"section\">\n\t\t\t\t\t\t<div class=\"elementor-container elementor-column-gap-no\">\n\t\t\t\t\t<div class=\"elementor-column elementor-col-50 elementor-inner-column elementor-element elementor-element-17bc25d rey-colbg--classic\" data-id=\"17bc25d\" data-element_type=\"column\" data-settings=\"{&quot;background_background&quot;:&quot;classic&quot;}\">\n\t\t\t<div class=\"elementor-column-wrap--17bc25d elementor-widget-wrap elementor-element-populated\">\n\t\t\t\t\t\t<div class=\"elementor-element elementor-element-009b968 elementor-position-top elementor-widget elementor-widget-image-box\" data-id=\"009b968\" data-element_type=\"widget\" data-widget_type=\"image-box.default\">\n\t\t\t\t<div class=\"elementor-widget-container\">\n\t\t\t<div class=\"elementor-image-box-wrapper\"><figure class=\"elementor-image-box-img\"><img fetchpriority=\"high\" decoding=\"async\" width=\"1600\" height=\"2528\" src=\"https:\/\/philouequestrian.com\/wp-content\/uploads\/2022\/05\/rose 1.jpg\" class=\"attachment-full size-full wp-image-1116\" alt=\"fekete csipk\u00e9zett hossz\u00fa ujj\u00fa versenying 3\" srcset=\"https:\/\/philouequestrian.com\/wp-content\/uploads\/2022\/05\/rose%201.jpg 1600w, https:\/\/philouequestrian.com\/wp-content\/uploads\/2022\/05\/rose%201-800x1264.jpg 800w\" sizes=\"(max-width: 1600px) 100vw, 1600px\" \/><\/figure><div class=\"elementor-image-box-content\"><h4 class=\"elementor-image-box-title\">Anna van Doremalen<\/h4><p class=\"elementor-image-box-description\">Founder<\/p><\/div><\/div>\t\t<\/div>\n\t\t\t\t<\/div>\n\t\t\t\t<div class=\"elementor-element elementor-element-da045b6 e-grid-align-left elementor-hidden-desktop elementor-hidden-tablet elementor-hidden-mobile elementor-shape-rounded elementor-grid-0 elementor-widget elementor-widget-social-icons\" data-id=\"da045b6\" data-element_type=\"widget\" data-widget_type=\"social-icons.default\">\n\t\t\t\t<div class=\"elementor-widget-container\">\n\t\t\t\t\t<div class=\"elementor-social-icons-wrapper elementor-grid\">\n\t\t\t\t\t\t\t<span class=\"elementor-grid-item\">\n\t\t\t\t\t<a class=\"elementor-icon elementor-social-icon elementor-social-icon-facebook elementor-repeater-item-0135f7b\" target=\"_blank\">\n\t\t\t\t\t\t<span class=\"elementor-screen-only\">Facebook<\/span>\n\t\t\t\t\t\t<i class=\"fab fa-facebook\"><\/i>\t\t\t\t\t<\/a>\n\t\t\t\t<\/span>\n\t\t\t\t\t\t\t<span class=\"elementor-grid-item\">\n\t\t\t\t\t<a class=\"elementor-icon elementor-social-icon elementor-social-icon-twitter elementor-repeater-item-77c9b55\" target=\"_blank\">\n\t\t\t\t\t\t<span class=\"elementor-screen-only\">Twitter<\/span>\n\t\t\t\t\t\t<i class=\"fab fa-twitter\"><\/i>\t\t\t\t\t<\/a>\n\t\t\t\t<\/span>\n\t\t\t\t\t\t\t<span class=\"elementor-grid-item\">\n\t\t\t\t\t<a class=\"elementor-icon elementor-social-icon elementor-social-icon-youtube elementor-repeater-item-d16ccf4\" target=\"_blank\">\n\t\t\t\t\t\t<span class=\"elementor-screen-only\">Youtube<\/span>\n\t\t\t\t\t\t<i class=\"fab fa-youtube\"><\/i>\t\t\t\t\t<\/a>\n\t\t\t\t<\/span>\n\t\t\t\t\t<\/div>\n\t\t\t\t<\/div>\n\t\t\t\t<\/div>\n\t\t\t\t\t<\/div>\n\t\t<\/div>\n\t\t\t\t<div class=\"elementor-column elementor-col-50 elementor-inner-column elementor-element elementor-element-28b28de\" data-id=\"28b28de\" data-element_type=\"column\">\n\t\t\t<div class=\"elementor-column-wrap--28b28de elementor-widget-wrap elementor-element-populated\">\n\t\t\t\t\t\t<div class=\"elementor-element elementor-element-952c0ae elementor-widget elementor-widget-heading\" data-id=\"952c0ae\" data-element_type=\"widget\" data-widget_type=\"heading.default\">\n\t\t\t\t<div class=\"elementor-widget-container\">\n\t\t\t<div class=\"elementor-heading-title elementor-size-default\">The essence of femininity is to absolutely love being a woman - Madonna\n<\/div>\t\t<\/div>\n\t\t\t\t<\/div>\n\t\t\t\t<div class=\"elementor-element elementor-element-2a6fb3a elementor-widget elementor-widget-text-editor\" data-id=\"2a6fb3a\" data-element_type=\"widget\" data-widget_type=\"text-editor.default\">\n\t\t\t\t<div class=\"elementor-widget-container\">\n\t\t\t\t\t\t\t<p>Since I was a little girl I have been a fan of clothes, especially more feminine pieces, and of course horses! There was a decisive period in my life when I worked as an international model in many parts of the world and gained a deeper insight into the world of fashion and design. There I was completely captivated by the creativity interwoven in the creation process.\u00a0<br \/><span style=\"font-style: inherit; font-weight: inherit; color: var(--ast-global-color-3);\"><br \/>I was enchanted by many different styles, materials, and cuts. I have experienced wearing a lot of flashy, yet comfortable clothing as it is ingrained in me when choosing clothing such as sportswear.\u00a0<\/span><span style=\"font-style: inherit; font-weight: inherit; color: var(--ast-global-color-3);\">When playing sports, we tend to forget about our femininity and instead focus only on comfort.<\/span><\/p><p>One day it occurred to me that I would like to have my own clothing brand that would satisfy all needs. Where light materials and feminine cut lines are priority.<br \/>That's why I created the brand Philout Equestrian Clothing, so that we can always remain the true women we are with full comfort every day.<\/p>\t\t\t\t\t\t<\/div>\n\t\t\t\t<\/div>\n\t\t\t\t<div class=\"elementor-element elementor-element-a57389e elementor-widget-divider--view-line elementor-widget elementor-widget-divider\" data-id=\"a57389e\" data-element_type=\"widget\" data-widget_type=\"divider.default\">\n\t\t\t\t<div class=\"elementor-widget-container\">\n\t\t\t\t\t<div class=\"elementor-divider\">\n\t\t\t<span class=\"elementor-divider-separator\">\n\t\t\t\t\t\t<\/span>\n\t\t<\/div>\n\t\t\t\t<\/div>\n\t\t\t\t<\/div>\n\t\t\t\t\t<\/div>\n\t\t<\/div>\n\t\t\t\t\t<\/div>\n\t\t<\/section>\n\t\t\t\t<section class=\"elementor-section elementor-inner-section elementor-element elementor-element-7175c7e elementor-section-boxed elementor-section-height-default elementor-section-height-default\" data-id=\"7175c7e\" data-element_type=\"section\">\n\t\t\t\t\t\t<div class=\"elementor-container elementor-column-gap-no\">\n\t\t\t\t\t<div class=\"elementor-column elementor-col-33 elementor-inner-column elementor-element elementor-element-6897c0b\" data-id=\"6897c0b\" data-element_type=\"column\">\n\t\t\t<div class=\"elementor-column-wrap--6897c0b elementor-widget-wrap elementor-element-populated\">\n\t\t\t\t\t\t<div class=\"elementor-element elementor-element-69696e0 elementor-widget elementor-widget-heading\" data-id=\"69696e0\" data-element_type=\"widget\" data-widget_type=\"heading.default\">\n\t\t\t\t<div class=\"elementor-widget-container\">\n\t\t\t<h5 class=\"elementor-heading-title elementor-size-default\">Philosophy<\/h5>\t\t<\/div>\n\t\t\t\t<\/div>\n\t\t\t\t\t<\/div>\n\t\t<\/div>\n\t\t\t\t<div class=\"elementor-column elementor-col-66 elementor-inner-column elementor-element elementor-element-02b32a3\" data-id=\"02b32a3\" data-element_type=\"column\">\n\t\t\t<div class=\"elementor-column-wrap--02b32a3 elementor-widget-wrap elementor-element-populated\">\n\t\t\t\t\t\t<div class=\"elementor-element elementor-element-31d62bf elementor-widget elementor-widget-text-editor\" data-id=\"31d62bf\" data-element_type=\"widget\" data-widget_type=\"text-editor.default\">\n\t\t\t\t<div class=\"elementor-widget-container\">\n\t\t\t\t\t\t\t<p>Sophistication and elegance are central to our brand. Besides innovative design we also offer great value for money. Our pieces are created with passion and great attention to detail, all the way from picking materials.<\/p><p>Philou is a whole new brand on the market, with a fully novel approach. This might raise the question what can we offer that other already existing brands can\u2019t?!<\/p><p>We think it\u2019s fresh momentum, the power of novelty, our inexhaustible passion, that we want to do better than the already existing brands. But most importantly, that we want to create something lasting in order to advance into an internationally recognized, excellent equestrian clothing brand in the name of timeless quality. We aim to create new market trends so that everyone can find the most comfortable pieces that match their personality and that stand out from the crowd.  From picking materials to design and placing last buttons, the whole production process takes place in Europe under fully ethical working conditions.<\/p>\t\t\t\t\t\t<\/div>\n\t\t\t\t<\/div>\n\t\t\t\t\t<\/div>\n\t\t<\/div>\n\t\t\t\t\t<\/div>\n\t\t<\/section>\n\t\t\t\t<section class=\"elementor-section elementor-inner-section elementor-element elementor-element-74d8844 elementor-section-boxed elementor-section-height-default elementor-section-height-default\" data-id=\"74d8844\" data-element_type=\"section\">\n\t\t\t\t\t\t<div class=\"elementor-container elementor-column-gap-no\">\n\t\t\t\t\t<div class=\"elementor-column elementor-col-100 elementor-inner-column elementor-element elementor-element-f638590\" data-id=\"f638590\" data-element_type=\"column\">\n\t\t\t<div class=\"elementor-column-wrap--f638590 elementor-widget-wrap elementor-element-populated\">\n\t\t\t\t\t\t<div class=\"elementor-element elementor-element-2ff5163 elementor-widget elementor-widget-image\" data-id=\"2ff5163\" data-element_type=\"widget\" data-widget_type=\"image.default\">\n\t\t\t\t<div class=\"elementor-widget-container\">\n\t\t\t\t\t\t\t\t\t\t\t\t\t<img decoding=\"async\" width=\"1024\" height=\"403\" src=\"https:\/\/philouequestrian.com\/wp-content\/uploads\/2022\/06\/rolunk-1024x403.jpg\" class=\"attachment-large size-large wp-image-1566\" alt=\"feh\u00e9r csipk\u00e9zett hossz\u00fa ujj\u00fa versenying 2\" srcset=\"https:\/\/philouequestrian.com\/wp-content\/uploads\/2022\/06\/rolunk-1024x403.jpg 1024w, https:\/\/philouequestrian.com\/wp-content\/uploads\/2022\/06\/rolunk-450x177.jpg 450w, https:\/\/philouequestrian.com\/wp-content\/uploads\/2022\/06\/rolunk-768x302.jpg 768w, https:\/\/philouequestrian.com\/wp-content\/uploads\/2022\/06\/rolunk-1536x604.jpg 1536w, https:\/\/philouequestrian.com\/wp-content\/uploads\/2022\/06\/rolunk-2048x805.jpg 2048w, https:\/\/philouequestrian.com\/wp-content\/uploads\/2022\/06\/rolunk-800x315.jpg 800w\" sizes=\"(max-width: 1024px) 100vw, 1024px\" \/>\t\t\t\t\t\t\t\t\t\t\t\t\t<\/div>\n\t\t\t\t<\/div>\n\t\t\t\t\t<\/div>\n\t\t<\/div>\n\t\t\t\t\t<\/div>\n\t\t<\/section>\n\t\t\t\t\t<\/div>\n\t\t<\/div>\n\t\t\t\t\t<\/div>\n\t\t<\/section>\n\t\t\t\t<\/div>","protected":false},"excerpt":{"rendered":"<p>R\u00f3lunk Anna van Doremalen Alap\u00edt\u00f3 Facebook Twitter Youtube The essence of femininity is to absolutely love being a woman &#8211; Madonna Kisl\u00e1ny korom \u00f3ta rajongok a ruh\u00e1k\u00e9rt, f\u0151leg a n\u0151iesebb darabok\u00e9rt, na meg persze a lovak\u00e9rt! \u00c9letem sor\u00e1n volt egy meghat\u00e1roz\u00f3 id\u0151szak, mikor nemzetk\u00f6zi modellk\u00e9nt dolgoztam a vil\u00e1g sz\u00e1mos pontj\u00e1n, ekkor m\u00e9lyebb betekint\u00e9st nyerhettem a [&hellip;]<\/p>","protected":false},"author":1,"featured_media":0,"parent":0,"menu_order":0,"comment_status":"closed","ping_status":"closed","template":"","meta":{"_acf_changed":false,"footnotes":""},"class_list":["post-397","page","type-page","status-publish","hentry"],"acf":[],"yoast_head":"<!-- This site is optimized with the Yoast SEO plugin v23.8 - https:\/\/yoast.com\/wordpress\/plugins\/seo\/ -->\n<title>R\u00f3lunk - Philou<\/title>\n<meta name=\"robots\" content=\"index, follow, max-snippet:-1, max-image-preview:large, max-video-preview:-1\" \/>\n<link rel=\"canonical\" href=\"https:\/\/philouequestrian.com\/en\/about-us\/\" \/>\n<meta property=\"og:locale\" content=\"en_US\" \/>\n<meta property=\"og:type\" content=\"article\" \/>\n<meta property=\"og:title\" content=\"R\u00f3lunk - Philou\" \/>\n<meta property=\"og:description\" content=\"R\u00f3lunk Anna van Doremalen Alap\u00edt\u00f3 Facebook Twitter Youtube The essence of femininity is to absolutely love being a woman &#8211; Madonna Kisl\u00e1ny korom \u00f3ta rajongok a ruh\u00e1k\u00e9rt, f\u0151leg a n\u0151iesebb darabok\u00e9rt, na meg persze a lovak\u00e9rt! \u00c9letem sor\u00e1n volt egy meghat\u00e1roz\u00f3 id\u0151szak, mikor nemzetk\u00f6zi modellk\u00e9nt dolgoztam a vil\u00e1g sz\u00e1mos pontj\u00e1n, ekkor m\u00e9lyebb betekint\u00e9st nyerhettem a [&hellip;]\" \/>\n<meta property=\"og:url\" content=\"https:\/\/philouequestrian.com\/en\/about-us\/\" \/>\n<meta property=\"og:site_name\" content=\"Philou\" \/>\n<meta property=\"article:publisher\" content=\"https:\/\/www.facebook.com\/philouequestrian\" \/>\n<meta property=\"article:modified_time\" content=\"2022-06-03T11:46:32+00:00\" \/>\n<meta property=\"og:image\" content=\"https:\/\/philouequestrian.com\/wp-content\/uploads\/2022\/06\/rolunk-1024x403.jpg\" \/>\n<meta name=\"twitter:card\" content=\"summary_large_image\" \/>\n<meta name=\"twitter:label1\" content=\"Est. reading time\" \/>\n\t<meta name=\"twitter:data1\" content=\"2 minutes\" \/>\n<script type=\"application\/ld+json\" class=\"yoast-schema-graph\">{\"@context\":\"https:\/\/schema.org\",\"@graph\":[{\"@type\":\"WebPage\",\"@id\":\"https:\/\/philouequestrian.com\/rolunk\/\",\"url\":\"https:\/\/philouequestrian.com\/rolunk\/\",\"name\":\"R\u00f3lunk - Philou\",\"isPartOf\":{\"@id\":\"https:\/\/philouequestrian.com\/#website\"},\"primaryImageOfPage\":{\"@id\":\"https:\/\/philouequestrian.com\/rolunk\/#primaryimage\"},\"image\":{\"@id\":\"https:\/\/philouequestrian.com\/rolunk\/#primaryimage\"},\"thumbnailUrl\":\"https:\/\/philouequestrian.com\/wp-content\/uploads\/2022\/06\/rolunk-1024x403.jpg\",\"datePublished\":\"2021-07-26T05:42:41+00:00\",\"dateModified\":\"2022-06-03T11:46:32+00:00\",\"breadcrumb\":{\"@id\":\"https:\/\/philouequestrian.com\/rolunk\/#breadcrumb\"},\"inLanguage\":\"en-US\",\"potentialAction\":[{\"@type\":\"ReadAction\",\"target\":[\"https:\/\/philouequestrian.com\/rolunk\/\"]}]},{\"@type\":\"ImageObject\",\"inLanguage\":\"en-US\",\"@id\":\"https:\/\/philouequestrian.com\/rolunk\/#primaryimage\",\"url\":\"https:\/\/philouequestrian.com\/wp-content\/uploads\/2022\/06\/rolunk-1024x403.jpg\",\"contentUrl\":\"https:\/\/philouequestrian.com\/wp-content\/uploads\/2022\/06\/rolunk-1024x403.jpg\"},{\"@type\":\"BreadcrumbList\",\"@id\":\"https:\/\/philouequestrian.com\/rolunk\/#breadcrumb\",\"itemListElement\":[{\"@type\":\"ListItem\",\"position\":1,\"name\":\"Kezd\u0151lap\",\"item\":\"https:\/\/philouequestrian.com\/\"},{\"@type\":\"ListItem\",\"position\":2,\"name\":\"R\u00f3lunk\"}]},{\"@type\":\"WebSite\",\"@id\":\"https:\/\/philouequestrian.com\/#website\",\"url\":\"https:\/\/philouequestrian.com\/\",\"name\":\"Philou\",\"description\":\"Equestrian Clothing\",\"publisher\":{\"@id\":\"https:\/\/philouequestrian.com\/#organization\"},\"potentialAction\":[{\"@type\":\"SearchAction\",\"target\":{\"@type\":\"EntryPoint\",\"urlTemplate\":\"https:\/\/philouequestrian.com\/?s={search_term_string}\"},\"query-input\":{\"@type\":\"PropertyValueSpecification\",\"valueRequired\":true,\"valueName\":\"search_term_string\"}}],\"inLanguage\":\"en-US\"},{\"@type\":\"Organization\",\"@id\":\"https:\/\/philouequestrian.com\/#organization\",\"name\":\"Philou Equestrian Clothing\",\"url\":\"https:\/\/philouequestrian.com\/\",\"logo\":{\"@type\":\"ImageObject\",\"inLanguage\":\"en-US\",\"@id\":\"https:\/\/philouequestrian.com\/#\/schema\/logo\/image\/\",\"url\":\"https:\/\/philouequestrian.com\/wp-content\/uploads\/2022\/05\/philou-wbg.png\",\"contentUrl\":\"https:\/\/philouequestrian.com\/wp-content\/uploads\/2022\/05\/philou-wbg.png\",\"width\":2000,\"height\":2000,\"caption\":\"Philou Equestrian Clothing\"},\"image\":{\"@id\":\"https:\/\/philouequestrian.com\/#\/schema\/logo\/image\/\"},\"sameAs\":[\"https:\/\/www.facebook.com\/philouequestrian\",\"https:\/\/www.instagram.com\/philou_equestrian\/\"]}]}<\/script>\n<!-- \/ Yoast SEO plugin. -->","yoast_head_json":{"title":"R\u00f3lunk - Philou","robots":{"index":"index","follow":"follow","max-snippet":"max-snippet:-1","max-image-preview":"max-image-preview:large","max-video-preview":"max-video-preview:-1"},"canonical":"https:\/\/philouequestrian.com\/en\/about-us\/","og_locale":"en_US","og_type":"article","og_title":"R\u00f3lunk - Philou","og_description":"R\u00f3lunk Anna van Doremalen Alap\u00edt\u00f3 Facebook Twitter Youtube The essence of femininity is to absolutely love being a woman &#8211; Madonna Kisl\u00e1ny korom \u00f3ta rajongok a ruh\u00e1k\u00e9rt, f\u0151leg a n\u0151iesebb darabok\u00e9rt, na meg persze a lovak\u00e9rt! \u00c9letem sor\u00e1n volt egy meghat\u00e1roz\u00f3 id\u0151szak, mikor nemzetk\u00f6zi modellk\u00e9nt dolgoztam a vil\u00e1g sz\u00e1mos pontj\u00e1n, ekkor m\u00e9lyebb betekint\u00e9st nyerhettem a [&hellip;]","og_url":"https:\/\/philouequestrian.com\/en\/about-us\/","og_site_name":"Philou","article_publisher":"https:\/\/www.facebook.com\/philouequestrian","article_modified_time":"2022-06-03T11:46:32+00:00","og_image":[{"url":"https:\/\/philouequestrian.com\/wp-content\/uploads\/2022\/06\/rolunk-1024x403.jpg"}],"twitter_card":"summary_large_image","twitter_misc":{"Est. reading time":"2 minutes"},"schema":{"@context":"https:\/\/schema.org","@graph":[{"@type":"WebPage","@id":"https:\/\/philouequestrian.com\/rolunk\/","url":"https:\/\/philouequestrian.com\/rolunk\/","name":"R\u00f3lunk - Philou","isPartOf":{"@id":"https:\/\/philouequestrian.com\/#website"},"primaryImageOfPage":{"@id":"https:\/\/philouequestrian.com\/rolunk\/#primaryimage"},"image":{"@id":"https:\/\/philouequestrian.com\/rolunk\/#primaryimage"},"thumbnailUrl":"https:\/\/philouequestrian.com\/wp-content\/uploads\/2022\/06\/rolunk-1024x403.jpg","datePublished":"2021-07-26T05:42:41+00:00","dateModified":"2022-06-03T11:46:32+00:00","breadcrumb":{"@id":"https:\/\/philouequestrian.com\/rolunk\/#breadcrumb"},"inLanguage":"en-US","potentialAction":[{"@type":"ReadAction","target":["https:\/\/philouequestrian.com\/rolunk\/"]}]},{"@type":"ImageObject","inLanguage":"en-US","@id":"https:\/\/philouequestrian.com\/rolunk\/#primaryimage","url":"https:\/\/philouequestrian.com\/wp-content\/uploads\/2022\/06\/rolunk-1024x403.jpg","contentUrl":"https:\/\/philouequestrian.com\/wp-content\/uploads\/2022\/06\/rolunk-1024x403.jpg"},{"@type":"BreadcrumbList","@id":"https:\/\/philouequestrian.com\/rolunk\/#breadcrumb","itemListElement":[{"@type":"ListItem","position":1,"name":"Kezd\u0151lap","item":"https:\/\/philouequestrian.com\/"},{"@type":"ListItem","position":2,"name":"R\u00f3lunk"}]},{"@type":"WebSite","@id":"https:\/\/philouequestrian.com\/#website","url":"https:\/\/philouequestrian.com\/","name":"Philou","description":"Equestrian Clothing","publisher":{"@id":"https:\/\/philouequestrian.com\/#organization"},"potentialAction":[{"@type":"SearchAction","target":{"@type":"EntryPoint","urlTemplate":"https:\/\/philouequestrian.com\/?s={search_term_string}"},"query-input":{"@type":"PropertyValueSpecification","valueRequired":true,"valueName":"search_term_string"}}],"inLanguage":"en-US"},{"@type":"Organization","@id":"https:\/\/philouequestrian.com\/#organization","name":"Philou Equestrian Clothing","url":"https:\/\/philouequestrian.com\/","logo":{"@type":"ImageObject","inLanguage":"en-US","@id":"https:\/\/philouequestrian.com\/#\/schema\/logo\/image\/","url":"https:\/\/philouequestrian.com\/wp-content\/uploads\/2022\/05\/philou-wbg.png","contentUrl":"https:\/\/philouequestrian.com\/wp-content\/uploads\/2022\/05\/philou-wbg.png","width":2000,"height":2000,"caption":"Philou Equestrian Clothing"},"image":{"@id":"https:\/\/philouequestrian.com\/#\/schema\/logo\/image\/"},"sameAs":["https:\/\/www.facebook.com\/philouequestrian","https:\/\/www.instagram.com\/philou_equestrian\/"]}]}},"_links":{"self":[{"href":"https:\/\/philouequestrian.com\/en\/wp-json\/wp\/v2\/pages\/397","targetHints":{"allow":["GET"]}}],"collection":[{"href":"https:\/\/philouequestrian.com\/en\/wp-json\/wp\/v2\/pages"}],"about":[{"href":"https:\/\/philouequestrian.com\/en\/wp-json\/wp\/v2\/types\/page"}],"author":[{"embeddable":true,"href":"https:\/\/philouequestrian.com\/en\/wp-json\/wp\/v2\/users\/1"}],"replies":[{"embeddable":true,"href":"https:\/\/philouequestrian.com\/en\/wp-json\/wp\/v2\/comments?post=397"}],"version-history":[{"count":32,"href":"https:\/\/philouequestrian.com\/en\/wp-json\/wp\/v2\/pages\/397\/revisions"}],"predecessor-version":[{"id":1575,"href":"https:\/\/philouequestrian.com\/en\/wp-json\/wp\/v2\/pages\/397\/revisions\/1575"}],"wp:attachment":[{"href":"https:\/\/philouequestrian.com\/en\/wp-json\/wp\/v2\/media?parent=397"}],"curies":[{"name":"wp","href":"https:\/\/api.w.org\/{rel}","templated":true}]}}