{"id":4248,"date":"2025-10-15T13:50:13","date_gmt":"2025-10-15T11:50:13","guid":{"rendered":"https:\/\/philouequestrian.com\/?page_id=4248"},"modified":"2025-10-15T13:59:25","modified_gmt":"2025-10-15T11:59:25","slug":"impresszum","status":"publish","type":"page","link":"https:\/\/philouequestrian.com\/en\/impresszum\/","title":{"rendered":"Impresszum"},"content":{"rendered":"<div data-elementor-type=\"wp-page\" data-elementor-id=\"4248\" class=\"elementor elementor-4248\" data-elementor-post-type=\"page\">\n\t\t\t\t\t\t<section class=\"elementor-section elementor-top-section elementor-element elementor-element-7d053ac1 elementor-section-boxed elementor-section-height-default elementor-section-height-default\" data-id=\"7d053ac1\" data-element_type=\"section\">\n\t\t\t\t\t\t<div class=\"elementor-container elementor-column-gap-default\">\n\t\t\t\t\t<div class=\"elementor-column elementor-col-100 elementor-top-column elementor-element elementor-element-36fdb1c\" data-id=\"36fdb1c\" data-element_type=\"column\">\n\t\t\t<div class=\"elementor-column-wrap--36fdb1c elementor-widget-wrap elementor-element-populated\">\n\t\t\t\t\t\t<div class=\"elementor-element elementor-element-43b56510 elementor-widget elementor-widget-text-editor\" data-id=\"43b56510\" data-element_type=\"widget\" data-widget_type=\"text-editor.default\">\n\t\t\t\t<div class=\"elementor-widget-container\">\n\t\t\t\t\t\t\t<!-- wp:paragraph -->\n<p><strong>\u00dczemeltet\u0151:<\/strong> Eco-Bait Kft.<br \/><strong>Sz\u00e9khely:<\/strong> Hungary, 2365 In\u00e1rcs, Sz\u00e9chenyi \u00fat 60.<br \/><strong>C\u00e9gjegyz\u00e9ksz\u00e1m:<\/strong> 13-09-202393<br \/><strong>Ad\u00f3sz\u00e1m:<\/strong> 27100749-2-13<br \/><strong>Nyilv\u00e1ntart\u00f3 hat\u00f3s\u00e1g:<\/strong> Pest Megyei C\u00e9gb\u00edr\u00f3s\u00e1g<\/p>\n<!-- \/wp:paragraph --><!-- wp:paragraph -->\n<p><strong>El\u00e9rhet\u0151s\u00e9gek:<\/strong><br \/>E-mail: <a>info@philouequestrian.com<\/a><br \/>Telefon: +36 70 637 1340<br \/>\u00dcgyf\u00e9lszolg\u00e1lat el\u00e9rhet\u0151: H\u00e9tf\u0151t\u0151l p\u00e9ntekig 9:00\u201316:00<\/p>\n<!-- \/wp:paragraph --><!-- wp:paragraph -->\n<p><strong>Fel\u00fcgyeleti szerv:<\/strong><br \/>A fogyaszt\u00f3i jogvit\u00e1k rendez\u00e9s\u00e9re az Eco-Bait Kft. sz\u00e9khelye szerint illet\u00e9kes <strong>Budapesti B\u00e9k\u00e9ltet\u0151 Test\u00fclet<\/strong> jogosult.<br \/>C\u00edm: 1016 Budapest, Krisztina krt. 99.<br \/>Honlap: <a>h<\/a><a href=\"https:\/\/bekeltet.bkik.hu\/\">ttps:\/\/bekeltet.bkik.hu<\/a><\/p>\n<!-- \/wp:paragraph --><!-- wp:paragraph -->\n<p>A v\u00e1llalkoz\u00e1s tev\u00e9kenys\u00e9ge felett a fogyaszt\u00f3v\u00e9delmi hat\u00f3s\u00e1gk\u00e9nt a ter\u00fcletileg illet\u00e9kes <strong>korm\u00e1nyhivatal<\/strong> j\u00e1r el.<\/p>\n<!-- \/wp:paragraph --><!-- wp:paragraph -->\n<p><strong>Kamarai tags\u00e1g:<\/strong> Pest Megyei Kereskedelmi \u00e9s Iparkamara<\/p>\n<!-- \/wp:paragraph --><!-- wp:paragraph -->\n<p><strong>Kapcsol\u00f3d\u00f3 dokumentumok:<\/strong><\/p>\n<!-- \/wp:paragraph --><!-- wp:list -->\n<ul class=\"wp-block-list\"><!-- wp:list-item -->\n<li><a href=\"https:\/\/philouequestrian.com\/en\/terms-and-conditions\/\">\u00c1ltal\u00e1nos Szerz\u0151d\u00e9si Felt\u00e9telek (\u00c1SZF)<\/a><\/li>\n<!-- \/wp:list-item --><!-- wp:list-item -->\n<li><a href=\"https:\/\/philouequestrian.com\/en\/privacy-policy\/\">Privacy Policy<\/a><\/li>\n<!-- \/wp:list-item --><\/ul>\n<!-- \/wp:list --><!-- wp:paragraph -->\n<p>\u00a0<\/p>\n<!-- \/wp:paragraph -->\t\t\t\t\t\t<\/div>\n\t\t\t\t<\/div>\n\t\t\t\t\t<\/div>\n\t\t<\/div>\n\t\t\t\t\t<\/div>\n\t\t<\/section>\n\t\t\t\t<\/div>","protected":false},"excerpt":{"rendered":"<p>\u00dczemeltet\u0151: Eco-Bait Kft.Sz\u00e9khely: 2365 In\u00e1rcs, Sz\u00e9chenyi \u00fat 60.C\u00e9gjegyz\u00e9ksz\u00e1m: 13-09-202393Ad\u00f3sz\u00e1m: 27100749-2-13Nyilv\u00e1ntart\u00f3 hat\u00f3s\u00e1g: Pest Megyei C\u00e9gb\u00edr\u00f3s\u00e1g El\u00e9rhet\u0151s\u00e9gek:E-mail: info@philouequestrian.comTelefon: +36 70 637 1340\u00dcgyf\u00e9lszolg\u00e1lat el\u00e9rhet\u0151: H\u00e9tf\u0151t\u0151l p\u00e9ntekig 9:00\u201316:00 Fel\u00fcgyeleti szerv:A fogyaszt\u00f3i jogvit\u00e1k rendez\u00e9s\u00e9re az Eco-Bait Kft. sz\u00e9khelye szerint illet\u00e9kes Budapesti B\u00e9k\u00e9ltet\u0151 Test\u00fclet jogosult.C\u00edm: 1016 Budapest, Krisztina krt. 99.Honlap: https:\/\/bekeltet.bkik.hu A v\u00e1llalkoz\u00e1s tev\u00e9kenys\u00e9ge felett a fogyaszt\u00f3v\u00e9delmi hat\u00f3s\u00e1gk\u00e9nt a ter\u00fcletileg illet\u00e9kes [&hellip;]<\/p>","protected":false},"author":129,"featured_media":0,"parent":0,"menu_order":0,"comment_status":"closed","ping_status":"closed","template":"","meta":{"_acf_changed":false,"footnotes":""},"class_list":["post-4248","page","type-page","status-publish","hentry"],"acf":[],"yoast_head":"<!-- This site is optimized with the Yoast SEO plugin v23.8 - https:\/\/yoast.com\/wordpress\/plugins\/seo\/ -->\n<title>Impresszum - Philou<\/title>\n<meta name=\"robots\" content=\"index, follow, max-snippet:-1, max-image-preview:large, max-video-preview:-1\" \/>\n<link rel=\"canonical\" href=\"https:\/\/philouequestrian.com\/en\/impresszum\/\" \/>\n<meta property=\"og:locale\" content=\"en_US\" \/>\n<meta property=\"og:type\" content=\"article\" \/>\n<meta property=\"og:title\" content=\"Impresszum - Philou\" \/>\n<meta property=\"og:description\" content=\"\u00dczemeltet\u0151: Eco-Bait Kft.Sz\u00e9khely: 2365 In\u00e1rcs, Sz\u00e9chenyi \u00fat 60.C\u00e9gjegyz\u00e9ksz\u00e1m: 13-09-202393Ad\u00f3sz\u00e1m: 27100749-2-13Nyilv\u00e1ntart\u00f3 hat\u00f3s\u00e1g: Pest Megyei C\u00e9gb\u00edr\u00f3s\u00e1g El\u00e9rhet\u0151s\u00e9gek:E-mail: info@philouequestrian.comTelefon: +36 70 637 1340\u00dcgyf\u00e9lszolg\u00e1lat el\u00e9rhet\u0151: H\u00e9tf\u0151t\u0151l p\u00e9ntekig 9:00\u201316:00 Fel\u00fcgyeleti szerv:A fogyaszt\u00f3i jogvit\u00e1k rendez\u00e9s\u00e9re az Eco-Bait Kft. sz\u00e9khelye szerint illet\u00e9kes Budapesti B\u00e9k\u00e9ltet\u0151 Test\u00fclet jogosult.C\u00edm: 1016 Budapest, Krisztina krt. 99.Honlap: https:\/\/bekeltet.bkik.hu A v\u00e1llalkoz\u00e1s tev\u00e9kenys\u00e9ge felett a fogyaszt\u00f3v\u00e9delmi hat\u00f3s\u00e1gk\u00e9nt a ter\u00fcletileg illet\u00e9kes [&hellip;]\" \/>\n<meta property=\"og:url\" content=\"https:\/\/philouequestrian.com\/en\/impresszum\/\" \/>\n<meta property=\"og:site_name\" content=\"Philou\" \/>\n<meta property=\"article:publisher\" content=\"https:\/\/www.facebook.com\/philouequestrian\" \/>\n<meta property=\"article:modified_time\" content=\"2025-10-15T11:59:25+00:00\" \/>\n<meta name=\"twitter:card\" content=\"summary_large_image\" \/>\n<meta name=\"twitter:label1\" content=\"Est. reading time\" \/>\n\t<meta name=\"twitter:data1\" content=\"1 minute\" \/>\n<script type=\"application\/ld+json\" class=\"yoast-schema-graph\">{\"@context\":\"https:\/\/schema.org\",\"@graph\":[{\"@type\":\"WebPage\",\"@id\":\"https:\/\/philouequestrian.com\/impresszum\/\",\"url\":\"https:\/\/philouequestrian.com\/impresszum\/\",\"name\":\"Impresszum - Philou\",\"isPartOf\":{\"@id\":\"https:\/\/philouequestrian.com\/#website\"},\"datePublished\":\"2025-10-15T11:50:13+00:00\",\"dateModified\":\"2025-10-15T11:59:25+00:00\",\"breadcrumb\":{\"@id\":\"https:\/\/philouequestrian.com\/impresszum\/#breadcrumb\"},\"inLanguage\":\"en-US\",\"potentialAction\":[{\"@type\":\"ReadAction\",\"target\":[\"https:\/\/philouequestrian.com\/impresszum\/\"]}]},{\"@type\":\"BreadcrumbList\",\"@id\":\"https:\/\/philouequestrian.com\/impresszum\/#breadcrumb\",\"itemListElement\":[{\"@type\":\"ListItem\",\"position\":1,\"name\":\"Kezd\u0151lap\",\"item\":\"https:\/\/philouequestrian.com\/\"},{\"@type\":\"ListItem\",\"position\":2,\"name\":\"Impresszum\"}]},{\"@type\":\"WebSite\",\"@id\":\"https:\/\/philouequestrian.com\/#website\",\"url\":\"https:\/\/philouequestrian.com\/\",\"name\":\"Philou\",\"description\":\"Equestrian Clothing\",\"publisher\":{\"@id\":\"https:\/\/philouequestrian.com\/#organization\"},\"potentialAction\":[{\"@type\":\"SearchAction\",\"target\":{\"@type\":\"EntryPoint\",\"urlTemplate\":\"https:\/\/philouequestrian.com\/?s={search_term_string}\"},\"query-input\":{\"@type\":\"PropertyValueSpecification\",\"valueRequired\":true,\"valueName\":\"search_term_string\"}}],\"inLanguage\":\"en-US\"},{\"@type\":\"Organization\",\"@id\":\"https:\/\/philouequestrian.com\/#organization\",\"name\":\"Philou Equestrian Clothing\",\"url\":\"https:\/\/philouequestrian.com\/\",\"logo\":{\"@type\":\"ImageObject\",\"inLanguage\":\"en-US\",\"@id\":\"https:\/\/philouequestrian.com\/#\/schema\/logo\/image\/\",\"url\":\"https:\/\/philouequestrian.com\/wp-content\/uploads\/2022\/05\/philou-wbg.png\",\"contentUrl\":\"https:\/\/philouequestrian.com\/wp-content\/uploads\/2022\/05\/philou-wbg.png\",\"width\":2000,\"height\":2000,\"caption\":\"Philou Equestrian Clothing\"},\"image\":{\"@id\":\"https:\/\/philouequestrian.com\/#\/schema\/logo\/image\/\"},\"sameAs\":[\"https:\/\/www.facebook.com\/philouequestrian\",\"https:\/\/www.instagram.com\/philou_equestrian\/\"]}]}<\/script>\n<!-- \/ Yoast SEO plugin. -->","yoast_head_json":{"title":"Impresszum - Philou","robots":{"index":"index","follow":"follow","max-snippet":"max-snippet:-1","max-image-preview":"max-image-preview:large","max-video-preview":"max-video-preview:-1"},"canonical":"https:\/\/philouequestrian.com\/en\/impresszum\/","og_locale":"en_US","og_type":"article","og_title":"Impresszum - Philou","og_description":"\u00dczemeltet\u0151: Eco-Bait Kft.Sz\u00e9khely: 2365 In\u00e1rcs, Sz\u00e9chenyi \u00fat 60.C\u00e9gjegyz\u00e9ksz\u00e1m: 13-09-202393Ad\u00f3sz\u00e1m: 27100749-2-13Nyilv\u00e1ntart\u00f3 hat\u00f3s\u00e1g: Pest Megyei C\u00e9gb\u00edr\u00f3s\u00e1g El\u00e9rhet\u0151s\u00e9gek:E-mail: info@philouequestrian.comTelefon: +36 70 637 1340\u00dcgyf\u00e9lszolg\u00e1lat el\u00e9rhet\u0151: H\u00e9tf\u0151t\u0151l p\u00e9ntekig 9:00\u201316:00 Fel\u00fcgyeleti szerv:A fogyaszt\u00f3i jogvit\u00e1k rendez\u00e9s\u00e9re az Eco-Bait Kft. sz\u00e9khelye szerint illet\u00e9kes Budapesti B\u00e9k\u00e9ltet\u0151 Test\u00fclet jogosult.C\u00edm: 1016 Budapest, Krisztina krt. 99.Honlap: https:\/\/bekeltet.bkik.hu A v\u00e1llalkoz\u00e1s tev\u00e9kenys\u00e9ge felett a fogyaszt\u00f3v\u00e9delmi hat\u00f3s\u00e1gk\u00e9nt a ter\u00fcletileg illet\u00e9kes [&hellip;]","og_url":"https:\/\/philouequestrian.com\/en\/impresszum\/","og_site_name":"Philou","article_publisher":"https:\/\/www.facebook.com\/philouequestrian","article_modified_time":"2025-10-15T11:59:25+00:00","twitter_card":"summary_large_image","twitter_misc":{"Est. reading time":"1 minute"},"schema":{"@context":"https:\/\/schema.org","@graph":[{"@type":"WebPage","@id":"https:\/\/philouequestrian.com\/impresszum\/","url":"https:\/\/philouequestrian.com\/impresszum\/","name":"Impresszum - Philou","isPartOf":{"@id":"https:\/\/philouequestrian.com\/#website"},"datePublished":"2025-10-15T11:50:13+00:00","dateModified":"2025-10-15T11:59:25+00:00","breadcrumb":{"@id":"https:\/\/philouequestrian.com\/impresszum\/#breadcrumb"},"inLanguage":"en-US","potentialAction":[{"@type":"ReadAction","target":["https:\/\/philouequestrian.com\/impresszum\/"]}]},{"@type":"BreadcrumbList","@id":"https:\/\/philouequestrian.com\/impresszum\/#breadcrumb","itemListElement":[{"@type":"ListItem","position":1,"name":"Kezd\u0151lap","item":"https:\/\/philouequestrian.com\/"},{"@type":"ListItem","position":2,"name":"Impresszum"}]},{"@type":"WebSite","@id":"https:\/\/philouequestrian.com\/#website","url":"https:\/\/philouequestrian.com\/","name":"Philou","description":"Equestrian Clothing","publisher":{"@id":"https:\/\/philouequestrian.com\/#organization"},"potentialAction":[{"@type":"SearchAction","target":{"@type":"EntryPoint","urlTemplate":"https:\/\/philouequestrian.com\/?s={search_term_string}"},"query-input":{"@type":"PropertyValueSpecification","valueRequired":true,"valueName":"search_term_string"}}],"inLanguage":"en-US"},{"@type":"Organization","@id":"https:\/\/philouequestrian.com\/#organization","name":"Philou Equestrian Clothing","url":"https:\/\/philouequestrian.com\/","logo":{"@type":"ImageObject","inLanguage":"en-US","@id":"https:\/\/philouequestrian.com\/#\/schema\/logo\/image\/","url":"https:\/\/philouequestrian.com\/wp-content\/uploads\/2022\/05\/philou-wbg.png","contentUrl":"https:\/\/philouequestrian.com\/wp-content\/uploads\/2022\/05\/philou-wbg.png","width":2000,"height":2000,"caption":"Philou Equestrian Clothing"},"image":{"@id":"https:\/\/philouequestrian.com\/#\/schema\/logo\/image\/"},"sameAs":["https:\/\/www.facebook.com\/philouequestrian","https:\/\/www.instagram.com\/philou_equestrian\/"]}]}},"_links":{"self":[{"href":"https:\/\/philouequestrian.com\/en\/wp-json\/wp\/v2\/pages\/4248","targetHints":{"allow":["GET"]}}],"collection":[{"href":"https:\/\/philouequestrian.com\/en\/wp-json\/wp\/v2\/pages"}],"about":[{"href":"https:\/\/philouequestrian.com\/en\/wp-json\/wp\/v2\/types\/page"}],"author":[{"embeddable":true,"href":"https:\/\/philouequestrian.com\/en\/wp-json\/wp\/v2\/users\/129"}],"replies":[{"embeddable":true,"href":"https:\/\/philouequestrian.com\/en\/wp-json\/wp\/v2\/comments?post=4248"}],"version-history":[{"count":4,"href":"https:\/\/philouequestrian.com\/en\/wp-json\/wp\/v2\/pages\/4248\/revisions"}],"predecessor-version":[{"id":4252,"href":"https:\/\/philouequestrian.com\/en\/wp-json\/wp\/v2\/pages\/4248\/revisions\/4252"}],"wp:attachment":[{"href":"https:\/\/philouequestrian.com\/en\/wp-json\/wp\/v2\/media?parent=4248"}],"curies":[{"name":"wp","href":"https:\/\/api.w.org\/{rel}","templated":true}]}}