{"id":1181,"date":"2022-05-28T14:23:38","date_gmt":"2022-05-28T12:23:38","guid":{"rendered":"https:\/\/philouequestrian.com\/?post_type=product&#038;p=1181"},"modified":"2022-09-05T11:03:58","modified_gmt":"2022-09-05T09:03:58","slug":"mrs-gray","status":"publish","type":"product","link":"https:\/\/philouequestrian.com\/en\/product\/mrs-gray\/","title":{"rendered":"Mrs. Gray"},"content":{"rendered":"","protected":false},"excerpt":{"rendered":"<p>Our long-sleeved Mrs Gray model was made with a jersey neckline and super fine lace on the sleeves for an elegant, feminine style and light wear.<\/p>","protected":false},"featured_media":1186,"template":"","meta":{"_acf_changed":false},"product_cat":[23],"product_tag":[],"class_list":{"0":"post-1181","1":"product","2":"type-product","3":"status-publish","4":"has-post-thumbnail","6":"product_cat-noi-lovas-versenying","8":"first","9":"instock","10":"taxable","11":"shipping-taxable","12":"purchasable","13":"product-type-variable"},"acf":[],"yoast_head":"<!-- This site is optimized with the Yoast SEO plugin v23.8 - https:\/\/yoast.com\/wordpress\/plugins\/seo\/ -->\n<title>Mrs. Gray - Philou<\/title>\n<meta name=\"robots\" content=\"index, follow, max-snippet:-1, max-image-preview:large, max-video-preview:-1\" \/>\n<link rel=\"canonical\" href=\"https:\/\/philouequestrian.com\/en\/product\/mrs-gray\/\" \/>\n<meta property=\"og:locale\" content=\"en_US\" \/>\n<meta property=\"og:type\" content=\"article\" \/>\n<meta property=\"og:title\" content=\"Mrs. Gray - Philou\" \/>\n<meta property=\"og:description\" content=\"Mrs. Gray versenying\u00fcnk k\u00f6nnyed, gy\u0171r\u0151d\u00e9smentes anyagb\u00f3l, l\u00e1gy csipke ujjal, alakform\u00e1l\u00f3 mellr\u00e9sszel k\u00e9sz\u00fclt, azon h\u00f6lgyek sz\u00e1m\u00e1ra akik a l\u00e1gy eleganci\u00e1t r\u00e9szes\u00edtik el\u0151nyben \u00e9s valami igaz\u00e1n k\u00fcl\u00f6nlegesre v\u00e1gynak. Enn\u00e9l a kiviteln\u00e9l kiz\u00e1r\u00f3lag az ing ujj\u00e1t k\u00e9sz\u00edtett\u00fck csipk\u00e9b\u0151l a fesztelen viselet \u00e9rdek\u00e9ben. A mandzsetta \u00e9s a h\u00e1ts\u00f3 nyakr\u00e9szn\u00e9l d\u00edszgombokkal d\u00edsz\u00edtett\u00fck.\" \/>\n<meta property=\"og:url\" content=\"https:\/\/philouequestrian.com\/en\/product\/mrs-gray\/\" \/>\n<meta property=\"og:site_name\" content=\"Philou\" \/>\n<meta property=\"article:publisher\" content=\"https:\/\/www.facebook.com\/philouequestrian\" \/>\n<meta property=\"article:modified_time\" content=\"2022-09-05T09:03:58+00:00\" \/>\n<meta property=\"og:image\" content=\"https:\/\/philouequestrian.com\/wp-content\/uploads\/2022\/05\/mrs%20gray%201.jpg\" \/>\n\t<meta property=\"og:image:width\" content=\"1600\" \/>\n\t<meta property=\"og:image:height\" content=\"2400\" \/>\n\t<meta property=\"og:image:type\" content=\"image\/jpeg\" \/>\n<meta name=\"twitter:card\" content=\"summary_large_image\" \/>\n<script type=\"application\/ld+json\" class=\"yoast-schema-graph\">{\"@context\":\"https:\/\/schema.org\",\"@graph\":[{\"@type\":\"WebPage\",\"@id\":\"https:\/\/philouequestrian.com\/termek\/mrs-gray\/\",\"url\":\"https:\/\/philouequestrian.com\/termek\/mrs-gray\/\",\"name\":\"Mrs. Gray - Philou\",\"isPartOf\":{\"@id\":\"https:\/\/philouequestrian.com\/#website\"},\"primaryImageOfPage\":{\"@id\":\"https:\/\/philouequestrian.com\/termek\/mrs-gray\/#primaryimage\"},\"image\":{\"@id\":\"https:\/\/philouequestrian.com\/termek\/mrs-gray\/#primaryimage\"},\"thumbnailUrl\":\"https:\/\/philouequestrian.com\/wp-content\/uploads\/2022\/05\/mrs gray 1.jpg\",\"datePublished\":\"2022-05-28T12:23:38+00:00\",\"dateModified\":\"2022-09-05T09:03:58+00:00\",\"breadcrumb\":{\"@id\":\"https:\/\/philouequestrian.com\/termek\/mrs-gray\/#breadcrumb\"},\"inLanguage\":\"en-US\",\"potentialAction\":[{\"@type\":\"ReadAction\",\"target\":[\"https:\/\/philouequestrian.com\/termek\/mrs-gray\/\"]}]},{\"@type\":\"ImageObject\",\"inLanguage\":\"en-US\",\"@id\":\"https:\/\/philouequestrian.com\/termek\/mrs-gray\/#primaryimage\",\"url\":\"https:\/\/philouequestrian.com\/wp-content\/uploads\/2022\/05\/mrs gray 1.jpg\",\"contentUrl\":\"https:\/\/philouequestrian.com\/wp-content\/uploads\/2022\/05\/mrs gray 1.jpg\",\"width\":1600,\"height\":2400,\"caption\":\"sz\u00fcrke, csipk\u00e9vel d\u00edsz\u00edtett versenying 3\"},{\"@type\":\"BreadcrumbList\",\"@id\":\"https:\/\/philouequestrian.com\/termek\/mrs-gray\/#breadcrumb\",\"itemListElement\":[{\"@type\":\"ListItem\",\"position\":1,\"name\":\"Kezd\u0151lap\",\"item\":\"https:\/\/philouequestrian.com\/\"},{\"@type\":\"ListItem\",\"position\":2,\"name\":\"\u00dczlet\",\"item\":\"https:\/\/philouequestrian.com\/uzlet\/\"},{\"@type\":\"ListItem\",\"position\":3,\"name\":\"Mrs. Gray\"}]},{\"@type\":\"WebSite\",\"@id\":\"https:\/\/philouequestrian.com\/#website\",\"url\":\"https:\/\/philouequestrian.com\/\",\"name\":\"Philou\",\"description\":\"Equestrian Clothing\",\"publisher\":{\"@id\":\"https:\/\/philouequestrian.com\/#organization\"},\"potentialAction\":[{\"@type\":\"SearchAction\",\"target\":{\"@type\":\"EntryPoint\",\"urlTemplate\":\"https:\/\/philouequestrian.com\/?s={search_term_string}\"},\"query-input\":{\"@type\":\"PropertyValueSpecification\",\"valueRequired\":true,\"valueName\":\"search_term_string\"}}],\"inLanguage\":\"en-US\"},{\"@type\":\"Organization\",\"@id\":\"https:\/\/philouequestrian.com\/#organization\",\"name\":\"Philou Equestrian Clothing\",\"url\":\"https:\/\/philouequestrian.com\/\",\"logo\":{\"@type\":\"ImageObject\",\"inLanguage\":\"en-US\",\"@id\":\"https:\/\/philouequestrian.com\/#\/schema\/logo\/image\/\",\"url\":\"https:\/\/philouequestrian.com\/wp-content\/uploads\/2022\/05\/philou-wbg.png\",\"contentUrl\":\"https:\/\/philouequestrian.com\/wp-content\/uploads\/2022\/05\/philou-wbg.png\",\"width\":2000,\"height\":2000,\"caption\":\"Philou Equestrian Clothing\"},\"image\":{\"@id\":\"https:\/\/philouequestrian.com\/#\/schema\/logo\/image\/\"},\"sameAs\":[\"https:\/\/www.facebook.com\/philouequestrian\",\"https:\/\/www.instagram.com\/philou_equestrian\/\"]}]}<\/script>\n<!-- \/ Yoast SEO plugin. -->","yoast_head_json":{"title":"Mrs. Gray - Philou","robots":{"index":"index","follow":"follow","max-snippet":"max-snippet:-1","max-image-preview":"max-image-preview:large","max-video-preview":"max-video-preview:-1"},"canonical":"https:\/\/philouequestrian.com\/en\/product\/mrs-gray\/","og_locale":"en_US","og_type":"article","og_title":"Mrs. Gray - Philou","og_description":"Mrs. Gray versenying\u00fcnk k\u00f6nnyed, gy\u0171r\u0151d\u00e9smentes anyagb\u00f3l, l\u00e1gy csipke ujjal, alakform\u00e1l\u00f3 mellr\u00e9sszel k\u00e9sz\u00fclt, azon h\u00f6lgyek sz\u00e1m\u00e1ra akik a l\u00e1gy eleganci\u00e1t r\u00e9szes\u00edtik el\u0151nyben \u00e9s valami igaz\u00e1n k\u00fcl\u00f6nlegesre v\u00e1gynak. Enn\u00e9l a kiviteln\u00e9l kiz\u00e1r\u00f3lag az ing ujj\u00e1t k\u00e9sz\u00edtett\u00fck csipk\u00e9b\u0151l a fesztelen viselet \u00e9rdek\u00e9ben. A mandzsetta \u00e9s a h\u00e1ts\u00f3 nyakr\u00e9szn\u00e9l d\u00edszgombokkal d\u00edsz\u00edtett\u00fck.","og_url":"https:\/\/philouequestrian.com\/en\/product\/mrs-gray\/","og_site_name":"Philou","article_publisher":"https:\/\/www.facebook.com\/philouequestrian","article_modified_time":"2022-09-05T09:03:58+00:00","og_image":[{"width":1600,"height":2400,"url":"https:\/\/philouequestrian.com\/wp-content\/uploads\/2022\/05\/mrs gray 1.jpg","type":"image\/jpeg"}],"twitter_card":"summary_large_image","schema":{"@context":"https:\/\/schema.org","@graph":[{"@type":"WebPage","@id":"https:\/\/philouequestrian.com\/termek\/mrs-gray\/","url":"https:\/\/philouequestrian.com\/termek\/mrs-gray\/","name":"Mrs. Gray - Philou","isPartOf":{"@id":"https:\/\/philouequestrian.com\/#website"},"primaryImageOfPage":{"@id":"https:\/\/philouequestrian.com\/termek\/mrs-gray\/#primaryimage"},"image":{"@id":"https:\/\/philouequestrian.com\/termek\/mrs-gray\/#primaryimage"},"thumbnailUrl":"https:\/\/philouequestrian.com\/wp-content\/uploads\/2022\/05\/mrs gray 1.jpg","datePublished":"2022-05-28T12:23:38+00:00","dateModified":"2022-09-05T09:03:58+00:00","breadcrumb":{"@id":"https:\/\/philouequestrian.com\/termek\/mrs-gray\/#breadcrumb"},"inLanguage":"en-US","potentialAction":[{"@type":"ReadAction","target":["https:\/\/philouequestrian.com\/termek\/mrs-gray\/"]}]},{"@type":"ImageObject","inLanguage":"en-US","@id":"https:\/\/philouequestrian.com\/termek\/mrs-gray\/#primaryimage","url":"https:\/\/philouequestrian.com\/wp-content\/uploads\/2022\/05\/mrs gray 1.jpg","contentUrl":"https:\/\/philouequestrian.com\/wp-content\/uploads\/2022\/05\/mrs gray 1.jpg","width":1600,"height":2400,"caption":"sz\u00fcrke, csipk\u00e9vel d\u00edsz\u00edtett versenying 3"},{"@type":"BreadcrumbList","@id":"https:\/\/philouequestrian.com\/termek\/mrs-gray\/#breadcrumb","itemListElement":[{"@type":"ListItem","position":1,"name":"Kezd\u0151lap","item":"https:\/\/philouequestrian.com\/"},{"@type":"ListItem","position":2,"name":"\u00dczlet","item":"https:\/\/philouequestrian.com\/uzlet\/"},{"@type":"ListItem","position":3,"name":"Mrs. Gray"}]},{"@type":"WebSite","@id":"https:\/\/philouequestrian.com\/#website","url":"https:\/\/philouequestrian.com\/","name":"Philou","description":"Equestrian Clothing","publisher":{"@id":"https:\/\/philouequestrian.com\/#organization"},"potentialAction":[{"@type":"SearchAction","target":{"@type":"EntryPoint","urlTemplate":"https:\/\/philouequestrian.com\/?s={search_term_string}"},"query-input":{"@type":"PropertyValueSpecification","valueRequired":true,"valueName":"search_term_string"}}],"inLanguage":"en-US"},{"@type":"Organization","@id":"https:\/\/philouequestrian.com\/#organization","name":"Philou Equestrian Clothing","url":"https:\/\/philouequestrian.com\/","logo":{"@type":"ImageObject","inLanguage":"en-US","@id":"https:\/\/philouequestrian.com\/#\/schema\/logo\/image\/","url":"https:\/\/philouequestrian.com\/wp-content\/uploads\/2022\/05\/philou-wbg.png","contentUrl":"https:\/\/philouequestrian.com\/wp-content\/uploads\/2022\/05\/philou-wbg.png","width":2000,"height":2000,"caption":"Philou Equestrian Clothing"},"image":{"@id":"https:\/\/philouequestrian.com\/#\/schema\/logo\/image\/"},"sameAs":["https:\/\/www.facebook.com\/philouequestrian","https:\/\/www.instagram.com\/philou_equestrian\/"]}]}},"_links":{"self":[{"href":"https:\/\/philouequestrian.com\/en\/wp-json\/wp\/v2\/product\/1181","targetHints":{"allow":["GET"]}}],"collection":[{"href":"https:\/\/philouequestrian.com\/en\/wp-json\/wp\/v2\/product"}],"about":[{"href":"https:\/\/philouequestrian.com\/en\/wp-json\/wp\/v2\/types\/product"}],"wp:featuredmedia":[{"embeddable":true,"href":"https:\/\/philouequestrian.com\/en\/wp-json\/wp\/v2\/media\/1186"}],"wp:attachment":[{"href":"https:\/\/philouequestrian.com\/en\/wp-json\/wp\/v2\/media?parent=1181"}],"wp:term":[{"taxonomy":"product_cat","embeddable":true,"href":"https:\/\/philouequestrian.com\/en\/wp-json\/wp\/v2\/product_cat?post=1181"},{"taxonomy":"product_tag","embeddable":true,"href":"https:\/\/philouequestrian.com\/en\/wp-json\/wp\/v2\/product_tag?post=1181"}],"curies":[{"name":"wp","href":"https:\/\/api.w.org\/{rel}","templated":true}]}}