{"id":1193,"date":"2022-05-28T14:28:38","date_gmt":"2022-05-28T12:28:38","guid":{"rendered":"https:\/\/philouequestrian.com\/?post_type=product&#038;p=1193"},"modified":"2022-09-05T11:06:12","modified_gmt":"2022-09-05T09:06:12","slug":"valentina","status":"publish","type":"product","link":"https:\/\/philouequestrian.com\/en\/product\/valentina\/","title":{"rendered":"Valentina"},"content":{"rendered":"","protected":false},"excerpt":{"rendered":"<p>Our pink short-sleeved Valentina was made with a figure shaping sweetheart-neckline and elastic large-wholemesh insert on the shoulders for a feminine look and full comfort.<\/p>","protected":false},"featured_media":1119,"template":"","meta":{"_acf_changed":false},"product_cat":[23],"product_tag":[],"class_list":{"0":"post-1193","1":"product","2":"type-product","3":"status-publish","4":"has-post-thumbnail","6":"product_cat-noi-lovas-versenying","8":"first","9":"instock","10":"taxable","11":"shipping-taxable","12":"purchasable","13":"product-type-variable"},"acf":[],"yoast_head":"<!-- This site is optimized with the Yoast SEO plugin v23.8 - https:\/\/yoast.com\/wordpress\/plugins\/seo\/ -->\n<title>Valentina - Philou<\/title>\n<meta name=\"robots\" content=\"index, follow, max-snippet:-1, max-image-preview:large, max-video-preview:-1\" \/>\n<link rel=\"canonical\" href=\"https:\/\/philouequestrian.com\/en\/product\/valentina\/\" \/>\n<meta property=\"og:locale\" content=\"en_US\" \/>\n<meta property=\"og:type\" content=\"article\" \/>\n<meta property=\"og:title\" content=\"Valentina - Philou\" \/>\n<meta property=\"og:description\" content=\"Valentina versenying\u00fcnket, nagylyuk\u00fa h\u00e1l\u00f3val k\u00e9sz\u00edtett\u00fck, alakform\u00e1l\u00f3 varr\u00e1ssal, hogy igaz\u00e1n csajos \u00e9s k\u00fcl\u00f6nleges viseletet k\u00f6lcs\u00f6n\u00f6zz\u00f6n visel\u0151j\u00e9nek, hogy kit\u0171nhessen a t\u00f6megb\u0151l. A r\u00f6vid ujjaknak \u00e9s a h\u00e1l\u00f3s bet\u00e9tnek k\u00f6sz\u00f6nhet\u0151en a legnagyobb k\u00e1nikul\u00e1ban is meg\u00e1llja a hely\u00e9t a t\u00f6k\u00e9letes megjelen\u00e9s biztos\u00edt\u00e1sa mellett.\" \/>\n<meta property=\"og:url\" content=\"https:\/\/philouequestrian.com\/en\/product\/valentina\/\" \/>\n<meta property=\"og:site_name\" content=\"Philou\" \/>\n<meta property=\"article:publisher\" content=\"https:\/\/www.facebook.com\/philouequestrian\" \/>\n<meta property=\"article:modified_time\" content=\"2022-09-05T09:06:12+00:00\" \/>\n<meta property=\"og:image\" content=\"https:\/\/philouequestrian.com\/wp-content\/uploads\/2022\/05\/valentina%201.jpg\" \/>\n\t<meta property=\"og:image:width\" content=\"1600\" \/>\n\t<meta property=\"og:image:height\" content=\"2400\" \/>\n\t<meta property=\"og:image:type\" content=\"image\/jpeg\" \/>\n<meta name=\"twitter:card\" content=\"summary_large_image\" \/>\n<script type=\"application\/ld+json\" class=\"yoast-schema-graph\">{\"@context\":\"https:\/\/schema.org\",\"@graph\":[{\"@type\":\"WebPage\",\"@id\":\"https:\/\/philouequestrian.com\/termek\/valentina\/\",\"url\":\"https:\/\/philouequestrian.com\/termek\/valentina\/\",\"name\":\"Valentina - Philou\",\"isPartOf\":{\"@id\":\"https:\/\/philouequestrian.com\/#website\"},\"primaryImageOfPage\":{\"@id\":\"https:\/\/philouequestrian.com\/termek\/valentina\/#primaryimage\"},\"image\":{\"@id\":\"https:\/\/philouequestrian.com\/termek\/valentina\/#primaryimage\"},\"thumbnailUrl\":\"https:\/\/philouequestrian.com\/wp-content\/uploads\/2022\/05\/valentina 1.jpg\",\"datePublished\":\"2022-05-28T12:28:38+00:00\",\"dateModified\":\"2022-09-05T09:06:12+00:00\",\"breadcrumb\":{\"@id\":\"https:\/\/philouequestrian.com\/termek\/valentina\/#breadcrumb\"},\"inLanguage\":\"en-US\",\"potentialAction\":[{\"@type\":\"ReadAction\",\"target\":[\"https:\/\/philouequestrian.com\/termek\/valentina\/\"]}]},{\"@type\":\"ImageObject\",\"inLanguage\":\"en-US\",\"@id\":\"https:\/\/philouequestrian.com\/termek\/valentina\/#primaryimage\",\"url\":\"https:\/\/philouequestrian.com\/wp-content\/uploads\/2022\/05\/valentina 1.jpg\",\"contentUrl\":\"https:\/\/philouequestrian.com\/wp-content\/uploads\/2022\/05\/valentina 1.jpg\",\"width\":1600,\"height\":2400,\"caption\":\"r\u00f3zsasz\u00edn, h\u00e1l\u00f3val d\u00edsz\u00edtett n\u0151i versenying 3\"},{\"@type\":\"BreadcrumbList\",\"@id\":\"https:\/\/philouequestrian.com\/termek\/valentina\/#breadcrumb\",\"itemListElement\":[{\"@type\":\"ListItem\",\"position\":1,\"name\":\"Kezd\u0151lap\",\"item\":\"https:\/\/philouequestrian.com\/\"},{\"@type\":\"ListItem\",\"position\":2,\"name\":\"\u00dczlet\",\"item\":\"https:\/\/philouequestrian.com\/uzlet\/\"},{\"@type\":\"ListItem\",\"position\":3,\"name\":\"Valentina\"}]},{\"@type\":\"WebSite\",\"@id\":\"https:\/\/philouequestrian.com\/#website\",\"url\":\"https:\/\/philouequestrian.com\/\",\"name\":\"Philou\",\"description\":\"Equestrian Clothing\",\"publisher\":{\"@id\":\"https:\/\/philouequestrian.com\/#organization\"},\"potentialAction\":[{\"@type\":\"SearchAction\",\"target\":{\"@type\":\"EntryPoint\",\"urlTemplate\":\"https:\/\/philouequestrian.com\/?s={search_term_string}\"},\"query-input\":{\"@type\":\"PropertyValueSpecification\",\"valueRequired\":true,\"valueName\":\"search_term_string\"}}],\"inLanguage\":\"en-US\"},{\"@type\":\"Organization\",\"@id\":\"https:\/\/philouequestrian.com\/#organization\",\"name\":\"Philou Equestrian Clothing\",\"url\":\"https:\/\/philouequestrian.com\/\",\"logo\":{\"@type\":\"ImageObject\",\"inLanguage\":\"en-US\",\"@id\":\"https:\/\/philouequestrian.com\/#\/schema\/logo\/image\/\",\"url\":\"https:\/\/philouequestrian.com\/wp-content\/uploads\/2022\/05\/philou-wbg.png\",\"contentUrl\":\"https:\/\/philouequestrian.com\/wp-content\/uploads\/2022\/05\/philou-wbg.png\",\"width\":2000,\"height\":2000,\"caption\":\"Philou Equestrian Clothing\"},\"image\":{\"@id\":\"https:\/\/philouequestrian.com\/#\/schema\/logo\/image\/\"},\"sameAs\":[\"https:\/\/www.facebook.com\/philouequestrian\",\"https:\/\/www.instagram.com\/philou_equestrian\/\"]}]}<\/script>\n<!-- \/ Yoast SEO plugin. -->","yoast_head_json":{"title":"Valentina - Philou","robots":{"index":"index","follow":"follow","max-snippet":"max-snippet:-1","max-image-preview":"max-image-preview:large","max-video-preview":"max-video-preview:-1"},"canonical":"https:\/\/philouequestrian.com\/en\/product\/valentina\/","og_locale":"en_US","og_type":"article","og_title":"Valentina - Philou","og_description":"Valentina versenying\u00fcnket, nagylyuk\u00fa h\u00e1l\u00f3val k\u00e9sz\u00edtett\u00fck, alakform\u00e1l\u00f3 varr\u00e1ssal, hogy igaz\u00e1n csajos \u00e9s k\u00fcl\u00f6nleges viseletet k\u00f6lcs\u00f6n\u00f6zz\u00f6n visel\u0151j\u00e9nek, hogy kit\u0171nhessen a t\u00f6megb\u0151l. A r\u00f6vid ujjaknak \u00e9s a h\u00e1l\u00f3s bet\u00e9tnek k\u00f6sz\u00f6nhet\u0151en a legnagyobb k\u00e1nikul\u00e1ban is meg\u00e1llja a hely\u00e9t a t\u00f6k\u00e9letes megjelen\u00e9s biztos\u00edt\u00e1sa mellett.","og_url":"https:\/\/philouequestrian.com\/en\/product\/valentina\/","og_site_name":"Philou","article_publisher":"https:\/\/www.facebook.com\/philouequestrian","article_modified_time":"2022-09-05T09:06:12+00:00","og_image":[{"width":1600,"height":2400,"url":"https:\/\/philouequestrian.com\/wp-content\/uploads\/2022\/05\/valentina 1.jpg","type":"image\/jpeg"}],"twitter_card":"summary_large_image","schema":{"@context":"https:\/\/schema.org","@graph":[{"@type":"WebPage","@id":"https:\/\/philouequestrian.com\/termek\/valentina\/","url":"https:\/\/philouequestrian.com\/termek\/valentina\/","name":"Valentina - Philou","isPartOf":{"@id":"https:\/\/philouequestrian.com\/#website"},"primaryImageOfPage":{"@id":"https:\/\/philouequestrian.com\/termek\/valentina\/#primaryimage"},"image":{"@id":"https:\/\/philouequestrian.com\/termek\/valentina\/#primaryimage"},"thumbnailUrl":"https:\/\/philouequestrian.com\/wp-content\/uploads\/2022\/05\/valentina 1.jpg","datePublished":"2022-05-28T12:28:38+00:00","dateModified":"2022-09-05T09:06:12+00:00","breadcrumb":{"@id":"https:\/\/philouequestrian.com\/termek\/valentina\/#breadcrumb"},"inLanguage":"en-US","potentialAction":[{"@type":"ReadAction","target":["https:\/\/philouequestrian.com\/termek\/valentina\/"]}]},{"@type":"ImageObject","inLanguage":"en-US","@id":"https:\/\/philouequestrian.com\/termek\/valentina\/#primaryimage","url":"https:\/\/philouequestrian.com\/wp-content\/uploads\/2022\/05\/valentina 1.jpg","contentUrl":"https:\/\/philouequestrian.com\/wp-content\/uploads\/2022\/05\/valentina 1.jpg","width":1600,"height":2400,"caption":"r\u00f3zsasz\u00edn, h\u00e1l\u00f3val d\u00edsz\u00edtett n\u0151i versenying 3"},{"@type":"BreadcrumbList","@id":"https:\/\/philouequestrian.com\/termek\/valentina\/#breadcrumb","itemListElement":[{"@type":"ListItem","position":1,"name":"Kezd\u0151lap","item":"https:\/\/philouequestrian.com\/"},{"@type":"ListItem","position":2,"name":"\u00dczlet","item":"https:\/\/philouequestrian.com\/uzlet\/"},{"@type":"ListItem","position":3,"name":"Valentina"}]},{"@type":"WebSite","@id":"https:\/\/philouequestrian.com\/#website","url":"https:\/\/philouequestrian.com\/","name":"Philou","description":"Equestrian Clothing","publisher":{"@id":"https:\/\/philouequestrian.com\/#organization"},"potentialAction":[{"@type":"SearchAction","target":{"@type":"EntryPoint","urlTemplate":"https:\/\/philouequestrian.com\/?s={search_term_string}"},"query-input":{"@type":"PropertyValueSpecification","valueRequired":true,"valueName":"search_term_string"}}],"inLanguage":"en-US"},{"@type":"Organization","@id":"https:\/\/philouequestrian.com\/#organization","name":"Philou Equestrian Clothing","url":"https:\/\/philouequestrian.com\/","logo":{"@type":"ImageObject","inLanguage":"en-US","@id":"https:\/\/philouequestrian.com\/#\/schema\/logo\/image\/","url":"https:\/\/philouequestrian.com\/wp-content\/uploads\/2022\/05\/philou-wbg.png","contentUrl":"https:\/\/philouequestrian.com\/wp-content\/uploads\/2022\/05\/philou-wbg.png","width":2000,"height":2000,"caption":"Philou Equestrian Clothing"},"image":{"@id":"https:\/\/philouequestrian.com\/#\/schema\/logo\/image\/"},"sameAs":["https:\/\/www.facebook.com\/philouequestrian","https:\/\/www.instagram.com\/philou_equestrian\/"]}]}},"_links":{"self":[{"href":"https:\/\/philouequestrian.com\/en\/wp-json\/wp\/v2\/product\/1193","targetHints":{"allow":["GET"]}}],"collection":[{"href":"https:\/\/philouequestrian.com\/en\/wp-json\/wp\/v2\/product"}],"about":[{"href":"https:\/\/philouequestrian.com\/en\/wp-json\/wp\/v2\/types\/product"}],"wp:featuredmedia":[{"embeddable":true,"href":"https:\/\/philouequestrian.com\/en\/wp-json\/wp\/v2\/media\/1119"}],"wp:attachment":[{"href":"https:\/\/philouequestrian.com\/en\/wp-json\/wp\/v2\/media?parent=1193"}],"wp:term":[{"taxonomy":"product_cat","embeddable":true,"href":"https:\/\/philouequestrian.com\/en\/wp-json\/wp\/v2\/product_cat?post=1193"},{"taxonomy":"product_tag","embeddable":true,"href":"https:\/\/philouequestrian.com\/en\/wp-json\/wp\/v2\/product_tag?post=1193"}],"curies":[{"name":"wp","href":"https:\/\/api.w.org\/{rel}","templated":true}]}}