{"id":1706,"date":"2022-06-06T10:04:08","date_gmt":"2022-06-06T08:04:08","guid":{"rendered":"https:\/\/philouequestrian.com\/?post_type=product&#038;p=1706"},"modified":"2022-09-05T11:05:56","modified_gmt":"2022-09-05T09:05:56","slug":"venus","status":"publish","type":"product","link":"https:\/\/philouequestrian.com\/en\/product\/venus\/","title":{"rendered":"Venus"},"content":{"rendered":"","protected":false},"excerpt":{"rendered":"<p>Our short-sleeved white Venus shirt was made with a figure shaping sweetheart-neckline and elastic large-whole mesh insert on the shoulders for a cool feminine style and comfortable wear.<\/p>","protected":false},"featured_media":1637,"template":"","meta":{"_acf_changed":false},"product_cat":[23],"product_tag":[],"class_list":{"0":"post-1706","1":"product","2":"type-product","3":"status-publish","4":"has-post-thumbnail","6":"product_cat-noi-lovas-versenying","8":"first","9":"instock","10":"taxable","11":"shipping-taxable","12":"purchasable","13":"product-type-variable"},"acf":[],"yoast_head":"<!-- This site is optimized with the Yoast SEO plugin v23.8 - https:\/\/yoast.com\/wordpress\/plugins\/seo\/ -->\n<title>Venus - Philou<\/title>\n<meta name=\"robots\" content=\"index, follow, max-snippet:-1, max-image-preview:large, max-video-preview:-1\" \/>\n<link rel=\"canonical\" href=\"https:\/\/philouequestrian.com\/en\/product\/venus\/\" \/>\n<meta property=\"og:locale\" content=\"en_US\" \/>\n<meta property=\"og:type\" content=\"article\" \/>\n<meta property=\"og:title\" content=\"Venus - Philou\" \/>\n<meta property=\"og:description\" content=\"Venus versenying\u00fcnket nagylyuk\u00fa h\u00e1l\u00f3val k\u00e9sz\u00edtett\u00fck, alakform\u00e1l\u00f3 varr\u00e1ssal, hogy n\u0151ies egyben sportos viseletet k\u00f6lcs\u00f6n\u00f6zz\u00f6n visel\u0151j\u00e9nek \u00e9s garant\u00e1ltan kit\u0171nj\u00f6n a t\u00f6megb\u0151l.\" \/>\n<meta property=\"og:url\" content=\"https:\/\/philouequestrian.com\/en\/product\/venus\/\" \/>\n<meta property=\"og:site_name\" content=\"Philou\" \/>\n<meta property=\"article:publisher\" content=\"https:\/\/www.facebook.com\/philouequestrian\" \/>\n<meta property=\"article:modified_time\" content=\"2022-09-05T09:05:56+00:00\" \/>\n<meta property=\"og:image\" content=\"https:\/\/philouequestrian.com\/wp-content\/uploads\/2022\/06\/venus%201.jpg\" \/>\n\t<meta property=\"og:image:width\" content=\"1600\" \/>\n\t<meta property=\"og:image:height\" content=\"1877\" \/>\n\t<meta property=\"og:image:type\" content=\"image\/jpeg\" \/>\n<meta name=\"twitter:card\" content=\"summary_large_image\" \/>\n<script type=\"application\/ld+json\" class=\"yoast-schema-graph\">{\"@context\":\"https:\/\/schema.org\",\"@graph\":[{\"@type\":\"WebPage\",\"@id\":\"https:\/\/philouequestrian.com\/termek\/venus\/\",\"url\":\"https:\/\/philouequestrian.com\/termek\/venus\/\",\"name\":\"Venus - Philou\",\"isPartOf\":{\"@id\":\"https:\/\/philouequestrian.com\/#website\"},\"primaryImageOfPage\":{\"@id\":\"https:\/\/philouequestrian.com\/termek\/venus\/#primaryimage\"},\"image\":{\"@id\":\"https:\/\/philouequestrian.com\/termek\/venus\/#primaryimage\"},\"thumbnailUrl\":\"https:\/\/philouequestrian.com\/wp-content\/uploads\/2022\/06\/venus 1.jpg\",\"datePublished\":\"2022-06-06T08:04:08+00:00\",\"dateModified\":\"2022-09-05T09:05:56+00:00\",\"breadcrumb\":{\"@id\":\"https:\/\/philouequestrian.com\/termek\/venus\/#breadcrumb\"},\"inLanguage\":\"en-US\",\"potentialAction\":[{\"@type\":\"ReadAction\",\"target\":[\"https:\/\/philouequestrian.com\/termek\/venus\/\"]}]},{\"@type\":\"ImageObject\",\"inLanguage\":\"en-US\",\"@id\":\"https:\/\/philouequestrian.com\/termek\/venus\/#primaryimage\",\"url\":\"https:\/\/philouequestrian.com\/wp-content\/uploads\/2022\/06\/venus 1.jpg\",\"contentUrl\":\"https:\/\/philouequestrian.com\/wp-content\/uploads\/2022\/06\/venus 1.jpg\",\"width\":1600,\"height\":1877,\"caption\":\"feh\u00e9r n\u0151i h\u00e1l\u00f3s r\u00f6vid ujj\u00fa versenying 7\"},{\"@type\":\"BreadcrumbList\",\"@id\":\"https:\/\/philouequestrian.com\/termek\/venus\/#breadcrumb\",\"itemListElement\":[{\"@type\":\"ListItem\",\"position\":1,\"name\":\"Kezd\u0151lap\",\"item\":\"https:\/\/philouequestrian.com\/\"},{\"@type\":\"ListItem\",\"position\":2,\"name\":\"\u00dczlet\",\"item\":\"https:\/\/philouequestrian.com\/uzlet\/\"},{\"@type\":\"ListItem\",\"position\":3,\"name\":\"Venus\"}]},{\"@type\":\"WebSite\",\"@id\":\"https:\/\/philouequestrian.com\/#website\",\"url\":\"https:\/\/philouequestrian.com\/\",\"name\":\"Philou\",\"description\":\"Equestrian Clothing\",\"publisher\":{\"@id\":\"https:\/\/philouequestrian.com\/#organization\"},\"potentialAction\":[{\"@type\":\"SearchAction\",\"target\":{\"@type\":\"EntryPoint\",\"urlTemplate\":\"https:\/\/philouequestrian.com\/?s={search_term_string}\"},\"query-input\":{\"@type\":\"PropertyValueSpecification\",\"valueRequired\":true,\"valueName\":\"search_term_string\"}}],\"inLanguage\":\"en-US\"},{\"@type\":\"Organization\",\"@id\":\"https:\/\/philouequestrian.com\/#organization\",\"name\":\"Philou Equestrian Clothing\",\"url\":\"https:\/\/philouequestrian.com\/\",\"logo\":{\"@type\":\"ImageObject\",\"inLanguage\":\"en-US\",\"@id\":\"https:\/\/philouequestrian.com\/#\/schema\/logo\/image\/\",\"url\":\"https:\/\/philouequestrian.com\/wp-content\/uploads\/2022\/05\/philou-wbg.png\",\"contentUrl\":\"https:\/\/philouequestrian.com\/wp-content\/uploads\/2022\/05\/philou-wbg.png\",\"width\":2000,\"height\":2000,\"caption\":\"Philou Equestrian Clothing\"},\"image\":{\"@id\":\"https:\/\/philouequestrian.com\/#\/schema\/logo\/image\/\"},\"sameAs\":[\"https:\/\/www.facebook.com\/philouequestrian\",\"https:\/\/www.instagram.com\/philou_equestrian\/\"]}]}<\/script>\n<!-- \/ Yoast SEO plugin. -->","yoast_head_json":{"title":"Venus - Philou","robots":{"index":"index","follow":"follow","max-snippet":"max-snippet:-1","max-image-preview":"max-image-preview:large","max-video-preview":"max-video-preview:-1"},"canonical":"https:\/\/philouequestrian.com\/en\/product\/venus\/","og_locale":"en_US","og_type":"article","og_title":"Venus - Philou","og_description":"Venus versenying\u00fcnket nagylyuk\u00fa h\u00e1l\u00f3val k\u00e9sz\u00edtett\u00fck, alakform\u00e1l\u00f3 varr\u00e1ssal, hogy n\u0151ies egyben sportos viseletet k\u00f6lcs\u00f6n\u00f6zz\u00f6n visel\u0151j\u00e9nek \u00e9s garant\u00e1ltan kit\u0171nj\u00f6n a t\u00f6megb\u0151l.","og_url":"https:\/\/philouequestrian.com\/en\/product\/venus\/","og_site_name":"Philou","article_publisher":"https:\/\/www.facebook.com\/philouequestrian","article_modified_time":"2022-09-05T09:05:56+00:00","og_image":[{"width":1600,"height":1877,"url":"https:\/\/philouequestrian.com\/wp-content\/uploads\/2022\/06\/venus 1.jpg","type":"image\/jpeg"}],"twitter_card":"summary_large_image","schema":{"@context":"https:\/\/schema.org","@graph":[{"@type":"WebPage","@id":"https:\/\/philouequestrian.com\/termek\/venus\/","url":"https:\/\/philouequestrian.com\/termek\/venus\/","name":"Venus - Philou","isPartOf":{"@id":"https:\/\/philouequestrian.com\/#website"},"primaryImageOfPage":{"@id":"https:\/\/philouequestrian.com\/termek\/venus\/#primaryimage"},"image":{"@id":"https:\/\/philouequestrian.com\/termek\/venus\/#primaryimage"},"thumbnailUrl":"https:\/\/philouequestrian.com\/wp-content\/uploads\/2022\/06\/venus 1.jpg","datePublished":"2022-06-06T08:04:08+00:00","dateModified":"2022-09-05T09:05:56+00:00","breadcrumb":{"@id":"https:\/\/philouequestrian.com\/termek\/venus\/#breadcrumb"},"inLanguage":"en-US","potentialAction":[{"@type":"ReadAction","target":["https:\/\/philouequestrian.com\/termek\/venus\/"]}]},{"@type":"ImageObject","inLanguage":"en-US","@id":"https:\/\/philouequestrian.com\/termek\/venus\/#primaryimage","url":"https:\/\/philouequestrian.com\/wp-content\/uploads\/2022\/06\/venus 1.jpg","contentUrl":"https:\/\/philouequestrian.com\/wp-content\/uploads\/2022\/06\/venus 1.jpg","width":1600,"height":1877,"caption":"feh\u00e9r n\u0151i h\u00e1l\u00f3s r\u00f6vid ujj\u00fa versenying 7"},{"@type":"BreadcrumbList","@id":"https:\/\/philouequestrian.com\/termek\/venus\/#breadcrumb","itemListElement":[{"@type":"ListItem","position":1,"name":"Kezd\u0151lap","item":"https:\/\/philouequestrian.com\/"},{"@type":"ListItem","position":2,"name":"\u00dczlet","item":"https:\/\/philouequestrian.com\/uzlet\/"},{"@type":"ListItem","position":3,"name":"Venus"}]},{"@type":"WebSite","@id":"https:\/\/philouequestrian.com\/#website","url":"https:\/\/philouequestrian.com\/","name":"Philou","description":"Equestrian Clothing","publisher":{"@id":"https:\/\/philouequestrian.com\/#organization"},"potentialAction":[{"@type":"SearchAction","target":{"@type":"EntryPoint","urlTemplate":"https:\/\/philouequestrian.com\/?s={search_term_string}"},"query-input":{"@type":"PropertyValueSpecification","valueRequired":true,"valueName":"search_term_string"}}],"inLanguage":"en-US"},{"@type":"Organization","@id":"https:\/\/philouequestrian.com\/#organization","name":"Philou Equestrian Clothing","url":"https:\/\/philouequestrian.com\/","logo":{"@type":"ImageObject","inLanguage":"en-US","@id":"https:\/\/philouequestrian.com\/#\/schema\/logo\/image\/","url":"https:\/\/philouequestrian.com\/wp-content\/uploads\/2022\/05\/philou-wbg.png","contentUrl":"https:\/\/philouequestrian.com\/wp-content\/uploads\/2022\/05\/philou-wbg.png","width":2000,"height":2000,"caption":"Philou Equestrian Clothing"},"image":{"@id":"https:\/\/philouequestrian.com\/#\/schema\/logo\/image\/"},"sameAs":["https:\/\/www.facebook.com\/philouequestrian","https:\/\/www.instagram.com\/philou_equestrian\/"]}]}},"_links":{"self":[{"href":"https:\/\/philouequestrian.com\/en\/wp-json\/wp\/v2\/product\/1706","targetHints":{"allow":["GET"]}}],"collection":[{"href":"https:\/\/philouequestrian.com\/en\/wp-json\/wp\/v2\/product"}],"about":[{"href":"https:\/\/philouequestrian.com\/en\/wp-json\/wp\/v2\/types\/product"}],"wp:featuredmedia":[{"embeddable":true,"href":"https:\/\/philouequestrian.com\/en\/wp-json\/wp\/v2\/media\/1637"}],"wp:attachment":[{"href":"https:\/\/philouequestrian.com\/en\/wp-json\/wp\/v2\/media?parent=1706"}],"wp:term":[{"taxonomy":"product_cat","embeddable":true,"href":"https:\/\/philouequestrian.com\/en\/wp-json\/wp\/v2\/product_cat?post=1706"},{"taxonomy":"product_tag","embeddable":true,"href":"https:\/\/philouequestrian.com\/en\/wp-json\/wp\/v2\/product_tag?post=1706"}],"curies":[{"name":"wp","href":"https:\/\/api.w.org\/{rel}","templated":true}]}}