{"id":2880,"date":"2023-10-26T11:46:59","date_gmt":"2023-10-26T09:46:59","guid":{"rendered":"https:\/\/philouequestrian.com\/?post_type=product&#038;p=2880"},"modified":"2026-03-13T18:40:29","modified_gmt":"2026-03-13T16:40:29","slug":"sparkle-leggings-beige","status":"publish","type":"product","link":"https:\/\/philouequestrian.com\/en\/product\/sparkle-leggings-beige\/","title":{"rendered":"Sparkle leggings &#8222;Beige&#8221;"},"content":{"rendered":"","protected":false},"excerpt":{"rendered":"<p>Beige breeches for women. Designed with a high-quality four-way stretch compression material for maximum support and comfort. Modern design with practical, stylish sparkling details with two big phone pockets.<\/p>","protected":false},"featured_media":3066,"template":"","meta":{"_acf_changed":false},"product_cat":[107,99],"product_tag":[],"class_list":{"0":"post-2880","1":"product","2":"type-product","3":"status-publish","4":"has-post-thumbnail","6":"product_cat-lovas-nadrag","7":"product_cat-noi","9":"first","10":"instock","11":"sale","12":"taxable","13":"shipping-taxable","14":"purchasable","15":"product-type-variable"},"acf":[],"yoast_head":"<!-- This site is optimized with the Yoast SEO plugin v23.8 - https:\/\/yoast.com\/wordpress\/plugins\/seo\/ -->\n<title>Sparkle leggings &quot;Beige&quot; - Philou<\/title>\n<meta name=\"robots\" content=\"index, follow, max-snippet:-1, max-image-preview:large, max-video-preview:-1\" \/>\n<link rel=\"canonical\" href=\"https:\/\/philouequestrian.com\/en\/product\/sparkle-leggings-beige\/\" \/>\n<meta property=\"og:locale\" content=\"en_US\" \/>\n<meta property=\"og:type\" content=\"article\" \/>\n<meta property=\"og:title\" content=\"Sparkle leggings &quot;Beige&quot; - Philou\" \/>\n<meta property=\"og:description\" content=\"Beige sz\u00edn\u0171 n\u0151i lovagl\u00f3nadr\u00e1g. Pr\u00e9mium min\u0151s\u00e9g\u0171 kompresszi\u00f3s n\u00e9gyir\u00e1ny\u00fa strech anyagb\u00f3l a maxim\u00e1lis teljes\u00edtm\u00e9ny \u00e9s komfort \u00e9rdek\u00e9ben. Modern design praktikus \u00e9s st\u00edlusos csill\u00e1mos r\u00e9szletekkel els\u0151 \u00e9s a h\u00e1ts\u00f3 zsebeken k\u00e9t nagy telefonzsebbel kieg\u00e9sz\u00edtve.\" \/>\n<meta property=\"og:url\" content=\"https:\/\/philouequestrian.com\/en\/product\/sparkle-leggings-beige\/\" \/>\n<meta property=\"og:site_name\" content=\"Philou\" \/>\n<meta property=\"article:publisher\" content=\"https:\/\/www.facebook.com\/philouequestrian\" \/>\n<meta property=\"article:modified_time\" content=\"2026-03-13T16:40:29+00:00\" \/>\n<meta property=\"og:image\" content=\"https:\/\/philouequestrian.com\/wp-content\/uploads\/2023\/10\/IMG_4005-scaled.jpg\" \/>\n\t<meta property=\"og:image:width\" content=\"1707\" \/>\n\t<meta property=\"og:image:height\" content=\"2560\" \/>\n\t<meta property=\"og:image:type\" content=\"image\/jpeg\" \/>\n<meta name=\"twitter:card\" content=\"summary_large_image\" \/>\n<meta name=\"twitter:label1\" content=\"Est. reading time\" \/>\n\t<meta name=\"twitter:data1\" content=\"1 minute\" \/>\n<script type=\"application\/ld+json\" class=\"yoast-schema-graph\">{\"@context\":\"https:\/\/schema.org\",\"@graph\":[{\"@type\":\"WebPage\",\"@id\":\"https:\/\/philouequestrian.com\/termek\/sparkle-leggings-beige\/\",\"url\":\"https:\/\/philouequestrian.com\/termek\/sparkle-leggings-beige\/\",\"name\":\"Sparkle leggings \\\"Beige\\\" - Philou\",\"isPartOf\":{\"@id\":\"https:\/\/philouequestrian.com\/#website\"},\"primaryImageOfPage\":{\"@id\":\"https:\/\/philouequestrian.com\/termek\/sparkle-leggings-beige\/#primaryimage\"},\"image\":{\"@id\":\"https:\/\/philouequestrian.com\/termek\/sparkle-leggings-beige\/#primaryimage\"},\"thumbnailUrl\":\"https:\/\/philouequestrian.com\/wp-content\/uploads\/2023\/10\/IMG_4005-scaled.jpg\",\"datePublished\":\"2023-10-26T09:46:59+00:00\",\"dateModified\":\"2026-03-13T16:40:29+00:00\",\"breadcrumb\":{\"@id\":\"https:\/\/philouequestrian.com\/termek\/sparkle-leggings-beige\/#breadcrumb\"},\"inLanguage\":\"en-US\",\"potentialAction\":[{\"@type\":\"ReadAction\",\"target\":[\"https:\/\/philouequestrian.com\/termek\/sparkle-leggings-beige\/\"]}]},{\"@type\":\"ImageObject\",\"inLanguage\":\"en-US\",\"@id\":\"https:\/\/philouequestrian.com\/termek\/sparkle-leggings-beige\/#primaryimage\",\"url\":\"https:\/\/philouequestrian.com\/wp-content\/uploads\/2023\/10\/IMG_4005-scaled.jpg\",\"contentUrl\":\"https:\/\/philouequestrian.com\/wp-content\/uploads\/2023\/10\/IMG_4005-scaled.jpg\",\"width\":1707,\"height\":2560,\"caption\":\"b\u00e9zs, csill\u00e1md\u00edsz\u00edt\u00e9s\u0171 leggings 2\"},{\"@type\":\"BreadcrumbList\",\"@id\":\"https:\/\/philouequestrian.com\/termek\/sparkle-leggings-beige\/#breadcrumb\",\"itemListElement\":[{\"@type\":\"ListItem\",\"position\":1,\"name\":\"Kezd\u0151lap\",\"item\":\"https:\/\/philouequestrian.com\/\"},{\"@type\":\"ListItem\",\"position\":2,\"name\":\"\u00dczlet\",\"item\":\"https:\/\/philouequestrian.com\/uzlet\/\"},{\"@type\":\"ListItem\",\"position\":3,\"name\":\"Sparkle leggings &#8222;Beige&#8221;\"}]},{\"@type\":\"WebSite\",\"@id\":\"https:\/\/philouequestrian.com\/#website\",\"url\":\"https:\/\/philouequestrian.com\/\",\"name\":\"Philou\",\"description\":\"Equestrian Clothing\",\"publisher\":{\"@id\":\"https:\/\/philouequestrian.com\/#organization\"},\"potentialAction\":[{\"@type\":\"SearchAction\",\"target\":{\"@type\":\"EntryPoint\",\"urlTemplate\":\"https:\/\/philouequestrian.com\/?s={search_term_string}\"},\"query-input\":{\"@type\":\"PropertyValueSpecification\",\"valueRequired\":true,\"valueName\":\"search_term_string\"}}],\"inLanguage\":\"en-US\"},{\"@type\":\"Organization\",\"@id\":\"https:\/\/philouequestrian.com\/#organization\",\"name\":\"Philou Equestrian Clothing\",\"url\":\"https:\/\/philouequestrian.com\/\",\"logo\":{\"@type\":\"ImageObject\",\"inLanguage\":\"en-US\",\"@id\":\"https:\/\/philouequestrian.com\/#\/schema\/logo\/image\/\",\"url\":\"https:\/\/philouequestrian.com\/wp-content\/uploads\/2022\/05\/philou-wbg.png\",\"contentUrl\":\"https:\/\/philouequestrian.com\/wp-content\/uploads\/2022\/05\/philou-wbg.png\",\"width\":2000,\"height\":2000,\"caption\":\"Philou Equestrian Clothing\"},\"image\":{\"@id\":\"https:\/\/philouequestrian.com\/#\/schema\/logo\/image\/\"},\"sameAs\":[\"https:\/\/www.facebook.com\/philouequestrian\",\"https:\/\/www.instagram.com\/philou_equestrian\/\"]}]}<\/script>\n<!-- \/ Yoast SEO plugin. -->","yoast_head_json":{"title":"Sparkle leggings \"Beige\" - Philou","robots":{"index":"index","follow":"follow","max-snippet":"max-snippet:-1","max-image-preview":"max-image-preview:large","max-video-preview":"max-video-preview:-1"},"canonical":"https:\/\/philouequestrian.com\/en\/product\/sparkle-leggings-beige\/","og_locale":"en_US","og_type":"article","og_title":"Sparkle leggings \"Beige\" - Philou","og_description":"Beige sz\u00edn\u0171 n\u0151i lovagl\u00f3nadr\u00e1g. Pr\u00e9mium min\u0151s\u00e9g\u0171 kompresszi\u00f3s n\u00e9gyir\u00e1ny\u00fa strech anyagb\u00f3l a maxim\u00e1lis teljes\u00edtm\u00e9ny \u00e9s komfort \u00e9rdek\u00e9ben. Modern design praktikus \u00e9s st\u00edlusos csill\u00e1mos r\u00e9szletekkel els\u0151 \u00e9s a h\u00e1ts\u00f3 zsebeken k\u00e9t nagy telefonzsebbel kieg\u00e9sz\u00edtve.","og_url":"https:\/\/philouequestrian.com\/en\/product\/sparkle-leggings-beige\/","og_site_name":"Philou","article_publisher":"https:\/\/www.facebook.com\/philouequestrian","article_modified_time":"2026-03-13T16:40:29+00:00","og_image":[{"width":1707,"height":2560,"url":"https:\/\/philouequestrian.com\/wp-content\/uploads\/2023\/10\/IMG_4005-scaled.jpg","type":"image\/jpeg"}],"twitter_card":"summary_large_image","twitter_misc":{"Est. reading time":"1 minute"},"schema":{"@context":"https:\/\/schema.org","@graph":[{"@type":"WebPage","@id":"https:\/\/philouequestrian.com\/termek\/sparkle-leggings-beige\/","url":"https:\/\/philouequestrian.com\/termek\/sparkle-leggings-beige\/","name":"Sparkle leggings \"Beige\" - Philou","isPartOf":{"@id":"https:\/\/philouequestrian.com\/#website"},"primaryImageOfPage":{"@id":"https:\/\/philouequestrian.com\/termek\/sparkle-leggings-beige\/#primaryimage"},"image":{"@id":"https:\/\/philouequestrian.com\/termek\/sparkle-leggings-beige\/#primaryimage"},"thumbnailUrl":"https:\/\/philouequestrian.com\/wp-content\/uploads\/2023\/10\/IMG_4005-scaled.jpg","datePublished":"2023-10-26T09:46:59+00:00","dateModified":"2026-03-13T16:40:29+00:00","breadcrumb":{"@id":"https:\/\/philouequestrian.com\/termek\/sparkle-leggings-beige\/#breadcrumb"},"inLanguage":"en-US","potentialAction":[{"@type":"ReadAction","target":["https:\/\/philouequestrian.com\/termek\/sparkle-leggings-beige\/"]}]},{"@type":"ImageObject","inLanguage":"en-US","@id":"https:\/\/philouequestrian.com\/termek\/sparkle-leggings-beige\/#primaryimage","url":"https:\/\/philouequestrian.com\/wp-content\/uploads\/2023\/10\/IMG_4005-scaled.jpg","contentUrl":"https:\/\/philouequestrian.com\/wp-content\/uploads\/2023\/10\/IMG_4005-scaled.jpg","width":1707,"height":2560,"caption":"b\u00e9zs, csill\u00e1md\u00edsz\u00edt\u00e9s\u0171 leggings 2"},{"@type":"BreadcrumbList","@id":"https:\/\/philouequestrian.com\/termek\/sparkle-leggings-beige\/#breadcrumb","itemListElement":[{"@type":"ListItem","position":1,"name":"Kezd\u0151lap","item":"https:\/\/philouequestrian.com\/"},{"@type":"ListItem","position":2,"name":"\u00dczlet","item":"https:\/\/philouequestrian.com\/uzlet\/"},{"@type":"ListItem","position":3,"name":"Sparkle leggings &#8222;Beige&#8221;"}]},{"@type":"WebSite","@id":"https:\/\/philouequestrian.com\/#website","url":"https:\/\/philouequestrian.com\/","name":"Philou","description":"Equestrian Clothing","publisher":{"@id":"https:\/\/philouequestrian.com\/#organization"},"potentialAction":[{"@type":"SearchAction","target":{"@type":"EntryPoint","urlTemplate":"https:\/\/philouequestrian.com\/?s={search_term_string}"},"query-input":{"@type":"PropertyValueSpecification","valueRequired":true,"valueName":"search_term_string"}}],"inLanguage":"en-US"},{"@type":"Organization","@id":"https:\/\/philouequestrian.com\/#organization","name":"Philou Equestrian Clothing","url":"https:\/\/philouequestrian.com\/","logo":{"@type":"ImageObject","inLanguage":"en-US","@id":"https:\/\/philouequestrian.com\/#\/schema\/logo\/image\/","url":"https:\/\/philouequestrian.com\/wp-content\/uploads\/2022\/05\/philou-wbg.png","contentUrl":"https:\/\/philouequestrian.com\/wp-content\/uploads\/2022\/05\/philou-wbg.png","width":2000,"height":2000,"caption":"Philou Equestrian Clothing"},"image":{"@id":"https:\/\/philouequestrian.com\/#\/schema\/logo\/image\/"},"sameAs":["https:\/\/www.facebook.com\/philouequestrian","https:\/\/www.instagram.com\/philou_equestrian\/"]}]}},"_links":{"self":[{"href":"https:\/\/philouequestrian.com\/en\/wp-json\/wp\/v2\/product\/2880","targetHints":{"allow":["GET"]}}],"collection":[{"href":"https:\/\/philouequestrian.com\/en\/wp-json\/wp\/v2\/product"}],"about":[{"href":"https:\/\/philouequestrian.com\/en\/wp-json\/wp\/v2\/types\/product"}],"wp:featuredmedia":[{"embeddable":true,"href":"https:\/\/philouequestrian.com\/en\/wp-json\/wp\/v2\/media\/3066"}],"wp:attachment":[{"href":"https:\/\/philouequestrian.com\/en\/wp-json\/wp\/v2\/media?parent=2880"}],"wp:term":[{"taxonomy":"product_cat","embeddable":true,"href":"https:\/\/philouequestrian.com\/en\/wp-json\/wp\/v2\/product_cat?post=2880"},{"taxonomy":"product_tag","embeddable":true,"href":"https:\/\/philouequestrian.com\/en\/wp-json\/wp\/v2\/product_tag?post=2880"}],"curies":[{"name":"wp","href":"https:\/\/api.w.org\/{rel}","templated":true}]}}