{"id":3097,"date":"2024-02-29T17:07:42","date_gmt":"2024-02-29T15:07:42","guid":{"rendered":"https:\/\/philouequestrian.com\/?post_type=product&#038;p=3097"},"modified":"2024-02-29T17:11:36","modified_gmt":"2024-02-29T15:11:36","slug":"basic-breeches-bezs","status":"publish","type":"product","link":"https:\/\/philouequestrian.com\/en\/product\/basic-breeches-bezs\/","title":{"rendered":"Basic breeches &#8222;B\u00e9zs&#8221;"},"content":{"rendered":"","protected":false},"excerpt":{"rendered":"<p>Experience comfort and style with our Basic Breeches, the ultimate choice for equestrian enthusiasts. Crafted from innovative four-way stretch fabric, these breeches offer unparalleled flexibility and breathability, ensuring you stay cool and dry during rides. With seamless construction along the inner legs, enjoy maximum comfort and freedom of movement. Available in a wide range of sizes and classic colors, including White, Beige, Black, and Dark Blue, elevate your riding experience with the perfect combination of performance and elegance.<\/p>","protected":false},"featured_media":3104,"template":"","meta":{"_acf_changed":false},"product_cat":[107,99],"product_tag":[],"class_list":{"0":"post-3097","1":"product","2":"type-product","3":"status-publish","4":"has-post-thumbnail","6":"product_cat-lovas-nadrag","7":"product_cat-noi","9":"first","10":"instock","11":"taxable","12":"shipping-taxable","13":"purchasable","14":"product-type-variable"},"acf":[],"yoast_head":"<!-- This site is optimized with the Yoast SEO plugin v23.8 - https:\/\/yoast.com\/wordpress\/plugins\/seo\/ -->\n<title>Basic breeches &quot;B\u00e9zs&quot; - Philou<\/title>\n<meta name=\"robots\" content=\"index, follow, max-snippet:-1, max-image-preview:large, max-video-preview:-1\" \/>\n<link rel=\"canonical\" href=\"https:\/\/philouequestrian.com\/en\/product\/basic-breeches-bezs\/\" \/>\n<meta property=\"og:locale\" content=\"en_US\" \/>\n<meta property=\"og:type\" content=\"article\" \/>\n<meta property=\"og:title\" content=\"Basic breeches &quot;B\u00e9zs&quot; - Philou\" \/>\n<meta property=\"og:description\" content=\"Tapasztald meg a k\u00e9nyelmet \u00e9s st\u00edlust a Basic Breeches-szel, a lovagl\u00e1s szerelmeseinek legjobb v\u00e1laszt\u00e1s\u00e1val. Az innovat\u00edv n\u00e9gyir\u00e1ny\u00fa stretch anyagb\u00f3l k\u00e9sz\u00fclt nadr\u00e1gok p\u00e1ratlan rugalmass\u00e1got \u00e9s l\u00e9legz\u0151s\u00e9get k\u00edn\u00e1lnak, biztos\u00edtva, hogy h\u0171v\u00f6sen \u00e9s sz\u00e1razon maradj a lovagl\u00e1sok sor\u00e1n. Az als\u00f3 l\u00e1bsz\u00e1rak ment\u00e9n varrat n\u00e9lk\u00fcli kialak\u00edt\u00e1ssal \u00e9lvezd a maxim\u00e1lis k\u00e9nyelmet \u00e9s mozg\u00e1sszabads\u00e1got. K\u00fcl\u00f6nb\u00f6z\u0151 m\u00e9retekben \u00e9s klasszikus sz\u00ednekben, k\u00f6zt\u00fck feh\u00e9r, b\u00e9zs, fekete \u00e9s s\u00f6t\u00e9tk\u00e9k, emeld magasabb szintre a lovagl\u00e1s \u00e9lm\u00e9ny\u00e9t a teljes\u00edtm\u00e9ny \u00e9s az elegancia t\u00f6k\u00e9letes kombin\u00e1ci\u00f3j\u00e1val.\" \/>\n<meta property=\"og:url\" content=\"https:\/\/philouequestrian.com\/en\/product\/basic-breeches-bezs\/\" \/>\n<meta property=\"og:site_name\" content=\"Philou\" \/>\n<meta property=\"article:publisher\" content=\"https:\/\/www.facebook.com\/philouequestrian\" \/>\n<meta property=\"article:modified_time\" content=\"2024-02-29T15:11:36+00:00\" \/>\n<meta property=\"og:image\" content=\"https:\/\/philouequestrian.com\/wp-content\/uploads\/2024\/02\/IMG_4009-scaled.jpg\" \/>\n\t<meta property=\"og:image:width\" content=\"1707\" \/>\n\t<meta property=\"og:image:height\" content=\"2560\" \/>\n\t<meta property=\"og:image:type\" content=\"image\/jpeg\" \/>\n<meta name=\"twitter:card\" content=\"summary_large_image\" \/>\n<script type=\"application\/ld+json\" class=\"yoast-schema-graph\">{\"@context\":\"https:\/\/schema.org\",\"@graph\":[{\"@type\":\"WebPage\",\"@id\":\"https:\/\/philouequestrian.com\/termek\/basic-breeches-bezs\/\",\"url\":\"https:\/\/philouequestrian.com\/termek\/basic-breeches-bezs\/\",\"name\":\"Basic breeches \\\"B\u00e9zs\\\" - Philou\",\"isPartOf\":{\"@id\":\"https:\/\/philouequestrian.com\/#website\"},\"primaryImageOfPage\":{\"@id\":\"https:\/\/philouequestrian.com\/termek\/basic-breeches-bezs\/#primaryimage\"},\"image\":{\"@id\":\"https:\/\/philouequestrian.com\/termek\/basic-breeches-bezs\/#primaryimage\"},\"thumbnailUrl\":\"https:\/\/philouequestrian.com\/wp-content\/uploads\/2024\/02\/IMG_4009-scaled.jpg\",\"datePublished\":\"2024-02-29T15:07:42+00:00\",\"dateModified\":\"2024-02-29T15:11:36+00:00\",\"breadcrumb\":{\"@id\":\"https:\/\/philouequestrian.com\/termek\/basic-breeches-bezs\/#breadcrumb\"},\"inLanguage\":\"en-US\",\"potentialAction\":[{\"@type\":\"ReadAction\",\"target\":[\"https:\/\/philouequestrian.com\/termek\/basic-breeches-bezs\/\"]}]},{\"@type\":\"ImageObject\",\"inLanguage\":\"en-US\",\"@id\":\"https:\/\/philouequestrian.com\/termek\/basic-breeches-bezs\/#primaryimage\",\"url\":\"https:\/\/philouequestrian.com\/wp-content\/uploads\/2024\/02\/IMG_4009-scaled.jpg\",\"contentUrl\":\"https:\/\/philouequestrian.com\/wp-content\/uploads\/2024\/02\/IMG_4009-scaled.jpg\",\"width\":1707,\"height\":2560,\"caption\":\"b\u00e9zs versenyleggings 2\"},{\"@type\":\"BreadcrumbList\",\"@id\":\"https:\/\/philouequestrian.com\/termek\/basic-breeches-bezs\/#breadcrumb\",\"itemListElement\":[{\"@type\":\"ListItem\",\"position\":1,\"name\":\"Kezd\u0151lap\",\"item\":\"https:\/\/philouequestrian.com\/\"},{\"@type\":\"ListItem\",\"position\":2,\"name\":\"\u00dczlet\",\"item\":\"https:\/\/philouequestrian.com\/uzlet\/\"},{\"@type\":\"ListItem\",\"position\":3,\"name\":\"Basic breeches &#8222;B\u00e9zs&#8221;\"}]},{\"@type\":\"WebSite\",\"@id\":\"https:\/\/philouequestrian.com\/#website\",\"url\":\"https:\/\/philouequestrian.com\/\",\"name\":\"Philou\",\"description\":\"Equestrian Clothing\",\"publisher\":{\"@id\":\"https:\/\/philouequestrian.com\/#organization\"},\"potentialAction\":[{\"@type\":\"SearchAction\",\"target\":{\"@type\":\"EntryPoint\",\"urlTemplate\":\"https:\/\/philouequestrian.com\/?s={search_term_string}\"},\"query-input\":{\"@type\":\"PropertyValueSpecification\",\"valueRequired\":true,\"valueName\":\"search_term_string\"}}],\"inLanguage\":\"en-US\"},{\"@type\":\"Organization\",\"@id\":\"https:\/\/philouequestrian.com\/#organization\",\"name\":\"Philou Equestrian Clothing\",\"url\":\"https:\/\/philouequestrian.com\/\",\"logo\":{\"@type\":\"ImageObject\",\"inLanguage\":\"en-US\",\"@id\":\"https:\/\/philouequestrian.com\/#\/schema\/logo\/image\/\",\"url\":\"https:\/\/philouequestrian.com\/wp-content\/uploads\/2022\/05\/philou-wbg.png\",\"contentUrl\":\"https:\/\/philouequestrian.com\/wp-content\/uploads\/2022\/05\/philou-wbg.png\",\"width\":2000,\"height\":2000,\"caption\":\"Philou Equestrian Clothing\"},\"image\":{\"@id\":\"https:\/\/philouequestrian.com\/#\/schema\/logo\/image\/\"},\"sameAs\":[\"https:\/\/www.facebook.com\/philouequestrian\",\"https:\/\/www.instagram.com\/philou_equestrian\/\"]}]}<\/script>\n<!-- \/ Yoast SEO plugin. -->","yoast_head_json":{"title":"Basic breeches \"B\u00e9zs\" - Philou","robots":{"index":"index","follow":"follow","max-snippet":"max-snippet:-1","max-image-preview":"max-image-preview:large","max-video-preview":"max-video-preview:-1"},"canonical":"https:\/\/philouequestrian.com\/en\/product\/basic-breeches-bezs\/","og_locale":"en_US","og_type":"article","og_title":"Basic breeches \"B\u00e9zs\" - Philou","og_description":"Tapasztald meg a k\u00e9nyelmet \u00e9s st\u00edlust a Basic Breeches-szel, a lovagl\u00e1s szerelmeseinek legjobb v\u00e1laszt\u00e1s\u00e1val. Az innovat\u00edv n\u00e9gyir\u00e1ny\u00fa stretch anyagb\u00f3l k\u00e9sz\u00fclt nadr\u00e1gok p\u00e1ratlan rugalmass\u00e1got \u00e9s l\u00e9legz\u0151s\u00e9get k\u00edn\u00e1lnak, biztos\u00edtva, hogy h\u0171v\u00f6sen \u00e9s sz\u00e1razon maradj a lovagl\u00e1sok sor\u00e1n. Az als\u00f3 l\u00e1bsz\u00e1rak ment\u00e9n varrat n\u00e9lk\u00fcli kialak\u00edt\u00e1ssal \u00e9lvezd a maxim\u00e1lis k\u00e9nyelmet \u00e9s mozg\u00e1sszabads\u00e1got. K\u00fcl\u00f6nb\u00f6z\u0151 m\u00e9retekben \u00e9s klasszikus sz\u00ednekben, k\u00f6zt\u00fck feh\u00e9r, b\u00e9zs, fekete \u00e9s s\u00f6t\u00e9tk\u00e9k, emeld magasabb szintre a lovagl\u00e1s \u00e9lm\u00e9ny\u00e9t a teljes\u00edtm\u00e9ny \u00e9s az elegancia t\u00f6k\u00e9letes kombin\u00e1ci\u00f3j\u00e1val.","og_url":"https:\/\/philouequestrian.com\/en\/product\/basic-breeches-bezs\/","og_site_name":"Philou","article_publisher":"https:\/\/www.facebook.com\/philouequestrian","article_modified_time":"2024-02-29T15:11:36+00:00","og_image":[{"width":1707,"height":2560,"url":"https:\/\/philouequestrian.com\/wp-content\/uploads\/2024\/02\/IMG_4009-scaled.jpg","type":"image\/jpeg"}],"twitter_card":"summary_large_image","schema":{"@context":"https:\/\/schema.org","@graph":[{"@type":"WebPage","@id":"https:\/\/philouequestrian.com\/termek\/basic-breeches-bezs\/","url":"https:\/\/philouequestrian.com\/termek\/basic-breeches-bezs\/","name":"Basic breeches \"B\u00e9zs\" - Philou","isPartOf":{"@id":"https:\/\/philouequestrian.com\/#website"},"primaryImageOfPage":{"@id":"https:\/\/philouequestrian.com\/termek\/basic-breeches-bezs\/#primaryimage"},"image":{"@id":"https:\/\/philouequestrian.com\/termek\/basic-breeches-bezs\/#primaryimage"},"thumbnailUrl":"https:\/\/philouequestrian.com\/wp-content\/uploads\/2024\/02\/IMG_4009-scaled.jpg","datePublished":"2024-02-29T15:07:42+00:00","dateModified":"2024-02-29T15:11:36+00:00","breadcrumb":{"@id":"https:\/\/philouequestrian.com\/termek\/basic-breeches-bezs\/#breadcrumb"},"inLanguage":"en-US","potentialAction":[{"@type":"ReadAction","target":["https:\/\/philouequestrian.com\/termek\/basic-breeches-bezs\/"]}]},{"@type":"ImageObject","inLanguage":"en-US","@id":"https:\/\/philouequestrian.com\/termek\/basic-breeches-bezs\/#primaryimage","url":"https:\/\/philouequestrian.com\/wp-content\/uploads\/2024\/02\/IMG_4009-scaled.jpg","contentUrl":"https:\/\/philouequestrian.com\/wp-content\/uploads\/2024\/02\/IMG_4009-scaled.jpg","width":1707,"height":2560,"caption":"b\u00e9zs versenyleggings 2"},{"@type":"BreadcrumbList","@id":"https:\/\/philouequestrian.com\/termek\/basic-breeches-bezs\/#breadcrumb","itemListElement":[{"@type":"ListItem","position":1,"name":"Kezd\u0151lap","item":"https:\/\/philouequestrian.com\/"},{"@type":"ListItem","position":2,"name":"\u00dczlet","item":"https:\/\/philouequestrian.com\/uzlet\/"},{"@type":"ListItem","position":3,"name":"Basic breeches &#8222;B\u00e9zs&#8221;"}]},{"@type":"WebSite","@id":"https:\/\/philouequestrian.com\/#website","url":"https:\/\/philouequestrian.com\/","name":"Philou","description":"Equestrian Clothing","publisher":{"@id":"https:\/\/philouequestrian.com\/#organization"},"potentialAction":[{"@type":"SearchAction","target":{"@type":"EntryPoint","urlTemplate":"https:\/\/philouequestrian.com\/?s={search_term_string}"},"query-input":{"@type":"PropertyValueSpecification","valueRequired":true,"valueName":"search_term_string"}}],"inLanguage":"en-US"},{"@type":"Organization","@id":"https:\/\/philouequestrian.com\/#organization","name":"Philou Equestrian Clothing","url":"https:\/\/philouequestrian.com\/","logo":{"@type":"ImageObject","inLanguage":"en-US","@id":"https:\/\/philouequestrian.com\/#\/schema\/logo\/image\/","url":"https:\/\/philouequestrian.com\/wp-content\/uploads\/2022\/05\/philou-wbg.png","contentUrl":"https:\/\/philouequestrian.com\/wp-content\/uploads\/2022\/05\/philou-wbg.png","width":2000,"height":2000,"caption":"Philou Equestrian Clothing"},"image":{"@id":"https:\/\/philouequestrian.com\/#\/schema\/logo\/image\/"},"sameAs":["https:\/\/www.facebook.com\/philouequestrian","https:\/\/www.instagram.com\/philou_equestrian\/"]}]}},"_links":{"self":[{"href":"https:\/\/philouequestrian.com\/en\/wp-json\/wp\/v2\/product\/3097","targetHints":{"allow":["GET"]}}],"collection":[{"href":"https:\/\/philouequestrian.com\/en\/wp-json\/wp\/v2\/product"}],"about":[{"href":"https:\/\/philouequestrian.com\/en\/wp-json\/wp\/v2\/types\/product"}],"wp:featuredmedia":[{"embeddable":true,"href":"https:\/\/philouequestrian.com\/en\/wp-json\/wp\/v2\/media\/3104"}],"wp:attachment":[{"href":"https:\/\/philouequestrian.com\/en\/wp-json\/wp\/v2\/media?parent=3097"}],"wp:term":[{"taxonomy":"product_cat","embeddable":true,"href":"https:\/\/philouequestrian.com\/en\/wp-json\/wp\/v2\/product_cat?post=3097"},{"taxonomy":"product_tag","embeddable":true,"href":"https:\/\/philouequestrian.com\/en\/wp-json\/wp\/v2\/product_tag?post=3097"}],"curies":[{"name":"wp","href":"https:\/\/api.w.org\/{rel}","templated":true}]}}