{"id":3182,"date":"2024-03-29T15:33:40","date_gmt":"2024-03-29T13:33:40","guid":{"rendered":"https:\/\/philouequestrian.com\/?post_type=product&#038;p=3182"},"modified":"2025-09-08T10:19:54","modified_gmt":"2025-09-08T08:19:54","slug":"black-crystal-belt","status":"publish","type":"product","link":"https:\/\/philouequestrian.com\/en\/product\/black-crystal-belt\/","title":{"rendered":"Black Crystal belt"},"content":{"rendered":"","protected":false},"excerpt":{"rendered":"<p>Elevate your style with our women's leather belts, decorated with sparkling crystals. Available in brown and black, with four classy patterns to choose from. Versatile enough to match any outfit, these belts add a touch of elegance to your look. Crafted from premium leather for durability and comfort, they're perfect for both casual and formal occasions. Make a statement with our stylish belts and upgrade your wardrobe today.<\/p>","protected":false},"featured_media":3186,"template":"","meta":{"_acf_changed":false},"product_cat":[109],"product_tag":[],"class_list":{"0":"post-3182","1":"product","2":"type-product","3":"status-publish","4":"has-post-thumbnail","6":"product_cat-kiegeszitok","8":"first","9":"instock","10":"taxable","11":"shipping-taxable","12":"purchasable","13":"product-type-variable"},"acf":[],"yoast_head":"<!-- This site is optimized with the Yoast SEO plugin v23.8 - https:\/\/yoast.com\/wordpress\/plugins\/seo\/ -->\n<title>Black Crystal belt - Philou<\/title>\n<meta name=\"robots\" content=\"index, follow, max-snippet:-1, max-image-preview:large, max-video-preview:-1\" \/>\n<link rel=\"canonical\" href=\"https:\/\/philouequestrian.com\/en\/product\/black-crystal-belt\/\" \/>\n<meta property=\"og:locale\" content=\"en_US\" \/>\n<meta property=\"og:type\" content=\"article\" \/>\n<meta property=\"og:title\" content=\"Black Crystal belt - Philou\" \/>\n<meta property=\"og:description\" content=\"St\u00edlusos n\u0151i b\u0151r \u00f6vek csillog\u00f3 krist\u00e1lyokkal. Barna \u00e9s fekete sz\u00ednekben, n\u00e9gy f\u00e9le eleg\u00e1ns mint\u00e1val, k\u00fcl\u00f6nb\u00f6z\u0151 m\u00e9retekben kaphat\u00f3k. Sokoldal\u00faan haszn\u00e1lhat\u00f3ak, b\u00e1rmilyen \u00f6lt\u00f6z\u00e9khez illenek, eleganci\u00e1t k\u00f6lcs\u00f6n\u00f6znek megjelen\u00e9s\u00fcnknek. Pr\u00e9mium min\u0151s\u00e9g\u0171 b\u0151rb\u0151l k\u00e9sz\u00fclnek, igy tart\u00f3ss\u00e1got \u00e9s k\u00e9nyelmet biztos\u00edtanak, t\u00f6k\u00e9letesek mind a h\u00e9tk\u00f6znapi mind az alkalmi megjelen\u00e9shez. Friss\u00edtsd fel ruhat\u00e1radat m\u00e9g ma vel\u00fck!\" \/>\n<meta property=\"og:url\" content=\"https:\/\/philouequestrian.com\/en\/product\/black-crystal-belt\/\" \/>\n<meta property=\"og:site_name\" content=\"Philou\" \/>\n<meta property=\"article:publisher\" content=\"https:\/\/www.facebook.com\/philouequestrian\" \/>\n<meta property=\"article:modified_time\" content=\"2025-09-08T08:19:54+00:00\" \/>\n<meta property=\"og:image\" content=\"https:\/\/philouequestrian.com\/wp-content\/uploads\/2024\/03\/IMG_0725-scaled.jpeg\" \/>\n\t<meta property=\"og:image:width\" content=\"2560\" \/>\n\t<meta property=\"og:image:height\" content=\"1526\" \/>\n\t<meta property=\"og:image:type\" content=\"image\/jpeg\" \/>\n<meta name=\"twitter:card\" content=\"summary_large_image\" \/>\n<meta name=\"twitter:label1\" content=\"Est. reading time\" \/>\n\t<meta name=\"twitter:data1\" content=\"1 minute\" \/>\n<script type=\"application\/ld+json\" class=\"yoast-schema-graph\">{\"@context\":\"https:\/\/schema.org\",\"@graph\":[{\"@type\":\"WebPage\",\"@id\":\"https:\/\/philouequestrian.com\/termek\/black-crystal-belt\/\",\"url\":\"https:\/\/philouequestrian.com\/termek\/black-crystal-belt\/\",\"name\":\"Black Crystal belt - Philou\",\"isPartOf\":{\"@id\":\"https:\/\/philouequestrian.com\/#website\"},\"primaryImageOfPage\":{\"@id\":\"https:\/\/philouequestrian.com\/termek\/black-crystal-belt\/#primaryimage\"},\"image\":{\"@id\":\"https:\/\/philouequestrian.com\/termek\/black-crystal-belt\/#primaryimage\"},\"thumbnailUrl\":\"https:\/\/philouequestrian.com\/wp-content\/uploads\/2024\/03\/IMG_0725-scaled.jpeg\",\"datePublished\":\"2024-03-29T13:33:40+00:00\",\"dateModified\":\"2025-09-08T08:19:54+00:00\",\"breadcrumb\":{\"@id\":\"https:\/\/philouequestrian.com\/termek\/black-crystal-belt\/#breadcrumb\"},\"inLanguage\":\"en-US\",\"potentialAction\":[{\"@type\":\"ReadAction\",\"target\":[\"https:\/\/philouequestrian.com\/termek\/black-crystal-belt\/\"]}]},{\"@type\":\"ImageObject\",\"inLanguage\":\"en-US\",\"@id\":\"https:\/\/philouequestrian.com\/termek\/black-crystal-belt\/#primaryimage\",\"url\":\"https:\/\/philouequestrian.com\/wp-content\/uploads\/2024\/03\/IMG_0725-scaled.jpeg\",\"contentUrl\":\"https:\/\/philouequestrian.com\/wp-content\/uploads\/2024\/03\/IMG_0725-scaled.jpeg\",\"width\":2560,\"height\":1526,\"caption\":\"fekete strasszk\u00f6ves d\u00edjugrat\u00f3 nadr\u00e1gsz\u00edj 3\"},{\"@type\":\"BreadcrumbList\",\"@id\":\"https:\/\/philouequestrian.com\/termek\/black-crystal-belt\/#breadcrumb\",\"itemListElement\":[{\"@type\":\"ListItem\",\"position\":1,\"name\":\"Kezd\u0151lap\",\"item\":\"https:\/\/philouequestrian.com\/\"},{\"@type\":\"ListItem\",\"position\":2,\"name\":\"\u00dczlet\",\"item\":\"https:\/\/philouequestrian.com\/uzlet\/\"},{\"@type\":\"ListItem\",\"position\":3,\"name\":\"Black Crystal belt\"}]},{\"@type\":\"WebSite\",\"@id\":\"https:\/\/philouequestrian.com\/#website\",\"url\":\"https:\/\/philouequestrian.com\/\",\"name\":\"Philou\",\"description\":\"Equestrian Clothing\",\"publisher\":{\"@id\":\"https:\/\/philouequestrian.com\/#organization\"},\"potentialAction\":[{\"@type\":\"SearchAction\",\"target\":{\"@type\":\"EntryPoint\",\"urlTemplate\":\"https:\/\/philouequestrian.com\/?s={search_term_string}\"},\"query-input\":{\"@type\":\"PropertyValueSpecification\",\"valueRequired\":true,\"valueName\":\"search_term_string\"}}],\"inLanguage\":\"en-US\"},{\"@type\":\"Organization\",\"@id\":\"https:\/\/philouequestrian.com\/#organization\",\"name\":\"Philou Equestrian Clothing\",\"url\":\"https:\/\/philouequestrian.com\/\",\"logo\":{\"@type\":\"ImageObject\",\"inLanguage\":\"en-US\",\"@id\":\"https:\/\/philouequestrian.com\/#\/schema\/logo\/image\/\",\"url\":\"https:\/\/philouequestrian.com\/wp-content\/uploads\/2022\/05\/philou-wbg.png\",\"contentUrl\":\"https:\/\/philouequestrian.com\/wp-content\/uploads\/2022\/05\/philou-wbg.png\",\"width\":2000,\"height\":2000,\"caption\":\"Philou Equestrian Clothing\"},\"image\":{\"@id\":\"https:\/\/philouequestrian.com\/#\/schema\/logo\/image\/\"},\"sameAs\":[\"https:\/\/www.facebook.com\/philouequestrian\",\"https:\/\/www.instagram.com\/philou_equestrian\/\"]}]}<\/script>\n<!-- \/ Yoast SEO plugin. -->","yoast_head_json":{"title":"Black Crystal belt - Philou","robots":{"index":"index","follow":"follow","max-snippet":"max-snippet:-1","max-image-preview":"max-image-preview:large","max-video-preview":"max-video-preview:-1"},"canonical":"https:\/\/philouequestrian.com\/en\/product\/black-crystal-belt\/","og_locale":"en_US","og_type":"article","og_title":"Black Crystal belt - Philou","og_description":"St\u00edlusos n\u0151i b\u0151r \u00f6vek csillog\u00f3 krist\u00e1lyokkal. Barna \u00e9s fekete sz\u00ednekben, n\u00e9gy f\u00e9le eleg\u00e1ns mint\u00e1val, k\u00fcl\u00f6nb\u00f6z\u0151 m\u00e9retekben kaphat\u00f3k. Sokoldal\u00faan haszn\u00e1lhat\u00f3ak, b\u00e1rmilyen \u00f6lt\u00f6z\u00e9khez illenek, eleganci\u00e1t k\u00f6lcs\u00f6n\u00f6znek megjelen\u00e9s\u00fcnknek. Pr\u00e9mium min\u0151s\u00e9g\u0171 b\u0151rb\u0151l k\u00e9sz\u00fclnek, igy tart\u00f3ss\u00e1got \u00e9s k\u00e9nyelmet biztos\u00edtanak, t\u00f6k\u00e9letesek mind a h\u00e9tk\u00f6znapi mind az alkalmi megjelen\u00e9shez. Friss\u00edtsd fel ruhat\u00e1radat m\u00e9g ma vel\u00fck!","og_url":"https:\/\/philouequestrian.com\/en\/product\/black-crystal-belt\/","og_site_name":"Philou","article_publisher":"https:\/\/www.facebook.com\/philouequestrian","article_modified_time":"2025-09-08T08:19:54+00:00","og_image":[{"width":2560,"height":1526,"url":"https:\/\/philouequestrian.com\/wp-content\/uploads\/2024\/03\/IMG_0725-scaled.jpeg","type":"image\/jpeg"}],"twitter_card":"summary_large_image","twitter_misc":{"Est. reading time":"1 minute"},"schema":{"@context":"https:\/\/schema.org","@graph":[{"@type":"WebPage","@id":"https:\/\/philouequestrian.com\/termek\/black-crystal-belt\/","url":"https:\/\/philouequestrian.com\/termek\/black-crystal-belt\/","name":"Black Crystal belt - Philou","isPartOf":{"@id":"https:\/\/philouequestrian.com\/#website"},"primaryImageOfPage":{"@id":"https:\/\/philouequestrian.com\/termek\/black-crystal-belt\/#primaryimage"},"image":{"@id":"https:\/\/philouequestrian.com\/termek\/black-crystal-belt\/#primaryimage"},"thumbnailUrl":"https:\/\/philouequestrian.com\/wp-content\/uploads\/2024\/03\/IMG_0725-scaled.jpeg","datePublished":"2024-03-29T13:33:40+00:00","dateModified":"2025-09-08T08:19:54+00:00","breadcrumb":{"@id":"https:\/\/philouequestrian.com\/termek\/black-crystal-belt\/#breadcrumb"},"inLanguage":"en-US","potentialAction":[{"@type":"ReadAction","target":["https:\/\/philouequestrian.com\/termek\/black-crystal-belt\/"]}]},{"@type":"ImageObject","inLanguage":"en-US","@id":"https:\/\/philouequestrian.com\/termek\/black-crystal-belt\/#primaryimage","url":"https:\/\/philouequestrian.com\/wp-content\/uploads\/2024\/03\/IMG_0725-scaled.jpeg","contentUrl":"https:\/\/philouequestrian.com\/wp-content\/uploads\/2024\/03\/IMG_0725-scaled.jpeg","width":2560,"height":1526,"caption":"fekete strasszk\u00f6ves d\u00edjugrat\u00f3 nadr\u00e1gsz\u00edj 3"},{"@type":"BreadcrumbList","@id":"https:\/\/philouequestrian.com\/termek\/black-crystal-belt\/#breadcrumb","itemListElement":[{"@type":"ListItem","position":1,"name":"Kezd\u0151lap","item":"https:\/\/philouequestrian.com\/"},{"@type":"ListItem","position":2,"name":"\u00dczlet","item":"https:\/\/philouequestrian.com\/uzlet\/"},{"@type":"ListItem","position":3,"name":"Black Crystal belt"}]},{"@type":"WebSite","@id":"https:\/\/philouequestrian.com\/#website","url":"https:\/\/philouequestrian.com\/","name":"Philou","description":"Equestrian Clothing","publisher":{"@id":"https:\/\/philouequestrian.com\/#organization"},"potentialAction":[{"@type":"SearchAction","target":{"@type":"EntryPoint","urlTemplate":"https:\/\/philouequestrian.com\/?s={search_term_string}"},"query-input":{"@type":"PropertyValueSpecification","valueRequired":true,"valueName":"search_term_string"}}],"inLanguage":"en-US"},{"@type":"Organization","@id":"https:\/\/philouequestrian.com\/#organization","name":"Philou Equestrian Clothing","url":"https:\/\/philouequestrian.com\/","logo":{"@type":"ImageObject","inLanguage":"en-US","@id":"https:\/\/philouequestrian.com\/#\/schema\/logo\/image\/","url":"https:\/\/philouequestrian.com\/wp-content\/uploads\/2022\/05\/philou-wbg.png","contentUrl":"https:\/\/philouequestrian.com\/wp-content\/uploads\/2022\/05\/philou-wbg.png","width":2000,"height":2000,"caption":"Philou Equestrian Clothing"},"image":{"@id":"https:\/\/philouequestrian.com\/#\/schema\/logo\/image\/"},"sameAs":["https:\/\/www.facebook.com\/philouequestrian","https:\/\/www.instagram.com\/philou_equestrian\/"]}]}},"_links":{"self":[{"href":"https:\/\/philouequestrian.com\/en\/wp-json\/wp\/v2\/product\/3182","targetHints":{"allow":["GET"]}}],"collection":[{"href":"https:\/\/philouequestrian.com\/en\/wp-json\/wp\/v2\/product"}],"about":[{"href":"https:\/\/philouequestrian.com\/en\/wp-json\/wp\/v2\/types\/product"}],"wp:featuredmedia":[{"embeddable":true,"href":"https:\/\/philouequestrian.com\/en\/wp-json\/wp\/v2\/media\/3186"}],"wp:attachment":[{"href":"https:\/\/philouequestrian.com\/en\/wp-json\/wp\/v2\/media?parent=3182"}],"wp:term":[{"taxonomy":"product_cat","embeddable":true,"href":"https:\/\/philouequestrian.com\/en\/wp-json\/wp\/v2\/product_cat?post=3182"},{"taxonomy":"product_tag","embeddable":true,"href":"https:\/\/philouequestrian.com\/en\/wp-json\/wp\/v2\/product_tag?post=3182"}],"curies":[{"name":"wp","href":"https:\/\/api.w.org\/{rel}","templated":true}]}}