{"id":3234,"date":"2024-04-22T15:33:21","date_gmt":"2024-04-22T13:33:21","guid":{"rendered":"https:\/\/philouequestrian.com\/?post_type=product&#038;p=3234"},"modified":"2024-04-22T15:36:56","modified_gmt":"2024-04-22T13:36:56","slug":"linett-black-shirt","status":"publish","type":"product","link":"https:\/\/philouequestrian.com\/en\/product\/linett-black-shirt\/","title":{"rendered":"Linett Black Shirt"},"content":{"rendered":"","protected":false},"excerpt":{"rendered":"<p>A black lace show shirt is a striking and sophisticated choice for equestrian competitions or events. The classic black color exudes elegance and pairs well with any colored breeches or jackets, offering versatility in your riding ensemble. The addition of lace detailing adds a touch of femininity and texture to the shirt, creating a visually stunning look that is sure to make an impression in the show ring. Whether you're competing in dressage, show jumping, or any other discipline, a black lace show shirt offers a timeless and polished appearance that reflects both style and professionalism. <\/p>","protected":false},"featured_media":3245,"template":"","meta":{"_acf_changed":false},"product_cat":[23],"product_tag":[],"class_list":{"0":"post-3234","1":"product","2":"type-product","3":"status-publish","4":"has-post-thumbnail","6":"product_cat-noi-lovas-versenying","8":"first","9":"instock","10":"taxable","11":"shipping-taxable","12":"purchasable","13":"product-type-variable"},"acf":[],"yoast_head":"<!-- This site is optimized with the Yoast SEO plugin v23.8 - https:\/\/yoast.com\/wordpress\/plugins\/seo\/ -->\n<title>Linett Black Shirt - Philou<\/title>\n<meta name=\"robots\" content=\"index, follow, max-snippet:-1, max-image-preview:large, max-video-preview:-1\" \/>\n<link rel=\"canonical\" href=\"https:\/\/philouequestrian.com\/en\/product\/linett-black-shirt\/\" \/>\n<meta property=\"og:locale\" content=\"en_US\" \/>\n<meta property=\"og:type\" content=\"article\" \/>\n<meta property=\"og:title\" content=\"Linett Black Shirt - Philou\" \/>\n<meta property=\"og:description\" content=\"Linett Black versenying\u00fcnk klasszikus fekete szinben k\u00e9sz\u00fclt,igaz\u00e1n sikkes fekete csipk\u00e9vel kombin\u00e1ltuk. Kit\u0171n\u0151en haszn\u00e1lhat\u00f3 feh\u00e9r \u00e9s beige verseny nadr\u00e1ggal is.\" \/>\n<meta property=\"og:url\" content=\"https:\/\/philouequestrian.com\/en\/product\/linett-black-shirt\/\" \/>\n<meta property=\"og:site_name\" content=\"Philou\" \/>\n<meta property=\"article:publisher\" content=\"https:\/\/www.facebook.com\/philouequestrian\" \/>\n<meta property=\"article:modified_time\" content=\"2024-04-22T13:36:56+00:00\" \/>\n<meta property=\"og:image\" content=\"https:\/\/philouequestrian.com\/wp-content\/uploads\/2024\/04\/IMG_1552-scaled.jpeg\" \/>\n\t<meta property=\"og:image:width\" content=\"1707\" \/>\n\t<meta property=\"og:image:height\" content=\"2560\" \/>\n\t<meta property=\"og:image:type\" content=\"image\/jpeg\" \/>\n<meta name=\"twitter:card\" content=\"summary_large_image\" \/>\n<script type=\"application\/ld+json\" class=\"yoast-schema-graph\">{\"@context\":\"https:\/\/schema.org\",\"@graph\":[{\"@type\":\"WebPage\",\"@id\":\"https:\/\/philouequestrian.com\/termek\/linett-black-shirt\/\",\"url\":\"https:\/\/philouequestrian.com\/termek\/linett-black-shirt\/\",\"name\":\"Linett Black Shirt - Philou\",\"isPartOf\":{\"@id\":\"https:\/\/philouequestrian.com\/#website\"},\"primaryImageOfPage\":{\"@id\":\"https:\/\/philouequestrian.com\/termek\/linett-black-shirt\/#primaryimage\"},\"image\":{\"@id\":\"https:\/\/philouequestrian.com\/termek\/linett-black-shirt\/#primaryimage\"},\"thumbnailUrl\":\"https:\/\/philouequestrian.com\/wp-content\/uploads\/2024\/04\/IMG_1552-scaled.jpeg\",\"datePublished\":\"2024-04-22T13:33:21+00:00\",\"dateModified\":\"2024-04-22T13:36:56+00:00\",\"breadcrumb\":{\"@id\":\"https:\/\/philouequestrian.com\/termek\/linett-black-shirt\/#breadcrumb\"},\"inLanguage\":\"en-US\",\"potentialAction\":[{\"@type\":\"ReadAction\",\"target\":[\"https:\/\/philouequestrian.com\/termek\/linett-black-shirt\/\"]}]},{\"@type\":\"ImageObject\",\"inLanguage\":\"en-US\",\"@id\":\"https:\/\/philouequestrian.com\/termek\/linett-black-shirt\/#primaryimage\",\"url\":\"https:\/\/philouequestrian.com\/wp-content\/uploads\/2024\/04\/IMG_1552-scaled.jpeg\",\"contentUrl\":\"https:\/\/philouequestrian.com\/wp-content\/uploads\/2024\/04\/IMG_1552-scaled.jpeg\",\"width\":1707,\"height\":2560,\"caption\":\"fekete csipk\u00e9s ujj\u00fa versenying\"},{\"@type\":\"BreadcrumbList\",\"@id\":\"https:\/\/philouequestrian.com\/termek\/linett-black-shirt\/#breadcrumb\",\"itemListElement\":[{\"@type\":\"ListItem\",\"position\":1,\"name\":\"Kezd\u0151lap\",\"item\":\"https:\/\/philouequestrian.com\/\"},{\"@type\":\"ListItem\",\"position\":2,\"name\":\"\u00dczlet\",\"item\":\"https:\/\/philouequestrian.com\/uzlet\/\"},{\"@type\":\"ListItem\",\"position\":3,\"name\":\"Linett Black Shirt\"}]},{\"@type\":\"WebSite\",\"@id\":\"https:\/\/philouequestrian.com\/#website\",\"url\":\"https:\/\/philouequestrian.com\/\",\"name\":\"Philou\",\"description\":\"Equestrian Clothing\",\"publisher\":{\"@id\":\"https:\/\/philouequestrian.com\/#organization\"},\"potentialAction\":[{\"@type\":\"SearchAction\",\"target\":{\"@type\":\"EntryPoint\",\"urlTemplate\":\"https:\/\/philouequestrian.com\/?s={search_term_string}\"},\"query-input\":{\"@type\":\"PropertyValueSpecification\",\"valueRequired\":true,\"valueName\":\"search_term_string\"}}],\"inLanguage\":\"en-US\"},{\"@type\":\"Organization\",\"@id\":\"https:\/\/philouequestrian.com\/#organization\",\"name\":\"Philou Equestrian Clothing\",\"url\":\"https:\/\/philouequestrian.com\/\",\"logo\":{\"@type\":\"ImageObject\",\"inLanguage\":\"en-US\",\"@id\":\"https:\/\/philouequestrian.com\/#\/schema\/logo\/image\/\",\"url\":\"https:\/\/philouequestrian.com\/wp-content\/uploads\/2022\/05\/philou-wbg.png\",\"contentUrl\":\"https:\/\/philouequestrian.com\/wp-content\/uploads\/2022\/05\/philou-wbg.png\",\"width\":2000,\"height\":2000,\"caption\":\"Philou Equestrian Clothing\"},\"image\":{\"@id\":\"https:\/\/philouequestrian.com\/#\/schema\/logo\/image\/\"},\"sameAs\":[\"https:\/\/www.facebook.com\/philouequestrian\",\"https:\/\/www.instagram.com\/philou_equestrian\/\"]}]}<\/script>\n<!-- \/ Yoast SEO plugin. -->","yoast_head_json":{"title":"Linett Black Shirt - Philou","robots":{"index":"index","follow":"follow","max-snippet":"max-snippet:-1","max-image-preview":"max-image-preview:large","max-video-preview":"max-video-preview:-1"},"canonical":"https:\/\/philouequestrian.com\/en\/product\/linett-black-shirt\/","og_locale":"en_US","og_type":"article","og_title":"Linett Black Shirt - Philou","og_description":"Linett Black versenying\u00fcnk klasszikus fekete szinben k\u00e9sz\u00fclt,igaz\u00e1n sikkes fekete csipk\u00e9vel kombin\u00e1ltuk. Kit\u0171n\u0151en haszn\u00e1lhat\u00f3 feh\u00e9r \u00e9s beige verseny nadr\u00e1ggal is.","og_url":"https:\/\/philouequestrian.com\/en\/product\/linett-black-shirt\/","og_site_name":"Philou","article_publisher":"https:\/\/www.facebook.com\/philouequestrian","article_modified_time":"2024-04-22T13:36:56+00:00","og_image":[{"width":1707,"height":2560,"url":"https:\/\/philouequestrian.com\/wp-content\/uploads\/2024\/04\/IMG_1552-scaled.jpeg","type":"image\/jpeg"}],"twitter_card":"summary_large_image","schema":{"@context":"https:\/\/schema.org","@graph":[{"@type":"WebPage","@id":"https:\/\/philouequestrian.com\/termek\/linett-black-shirt\/","url":"https:\/\/philouequestrian.com\/termek\/linett-black-shirt\/","name":"Linett Black Shirt - Philou","isPartOf":{"@id":"https:\/\/philouequestrian.com\/#website"},"primaryImageOfPage":{"@id":"https:\/\/philouequestrian.com\/termek\/linett-black-shirt\/#primaryimage"},"image":{"@id":"https:\/\/philouequestrian.com\/termek\/linett-black-shirt\/#primaryimage"},"thumbnailUrl":"https:\/\/philouequestrian.com\/wp-content\/uploads\/2024\/04\/IMG_1552-scaled.jpeg","datePublished":"2024-04-22T13:33:21+00:00","dateModified":"2024-04-22T13:36:56+00:00","breadcrumb":{"@id":"https:\/\/philouequestrian.com\/termek\/linett-black-shirt\/#breadcrumb"},"inLanguage":"en-US","potentialAction":[{"@type":"ReadAction","target":["https:\/\/philouequestrian.com\/termek\/linett-black-shirt\/"]}]},{"@type":"ImageObject","inLanguage":"en-US","@id":"https:\/\/philouequestrian.com\/termek\/linett-black-shirt\/#primaryimage","url":"https:\/\/philouequestrian.com\/wp-content\/uploads\/2024\/04\/IMG_1552-scaled.jpeg","contentUrl":"https:\/\/philouequestrian.com\/wp-content\/uploads\/2024\/04\/IMG_1552-scaled.jpeg","width":1707,"height":2560,"caption":"fekete csipk\u00e9s ujj\u00fa versenying"},{"@type":"BreadcrumbList","@id":"https:\/\/philouequestrian.com\/termek\/linett-black-shirt\/#breadcrumb","itemListElement":[{"@type":"ListItem","position":1,"name":"Kezd\u0151lap","item":"https:\/\/philouequestrian.com\/"},{"@type":"ListItem","position":2,"name":"\u00dczlet","item":"https:\/\/philouequestrian.com\/uzlet\/"},{"@type":"ListItem","position":3,"name":"Linett Black Shirt"}]},{"@type":"WebSite","@id":"https:\/\/philouequestrian.com\/#website","url":"https:\/\/philouequestrian.com\/","name":"Philou","description":"Equestrian Clothing","publisher":{"@id":"https:\/\/philouequestrian.com\/#organization"},"potentialAction":[{"@type":"SearchAction","target":{"@type":"EntryPoint","urlTemplate":"https:\/\/philouequestrian.com\/?s={search_term_string}"},"query-input":{"@type":"PropertyValueSpecification","valueRequired":true,"valueName":"search_term_string"}}],"inLanguage":"en-US"},{"@type":"Organization","@id":"https:\/\/philouequestrian.com\/#organization","name":"Philou Equestrian Clothing","url":"https:\/\/philouequestrian.com\/","logo":{"@type":"ImageObject","inLanguage":"en-US","@id":"https:\/\/philouequestrian.com\/#\/schema\/logo\/image\/","url":"https:\/\/philouequestrian.com\/wp-content\/uploads\/2022\/05\/philou-wbg.png","contentUrl":"https:\/\/philouequestrian.com\/wp-content\/uploads\/2022\/05\/philou-wbg.png","width":2000,"height":2000,"caption":"Philou Equestrian Clothing"},"image":{"@id":"https:\/\/philouequestrian.com\/#\/schema\/logo\/image\/"},"sameAs":["https:\/\/www.facebook.com\/philouequestrian","https:\/\/www.instagram.com\/philou_equestrian\/"]}]}},"_links":{"self":[{"href":"https:\/\/philouequestrian.com\/en\/wp-json\/wp\/v2\/product\/3234","targetHints":{"allow":["GET"]}}],"collection":[{"href":"https:\/\/philouequestrian.com\/en\/wp-json\/wp\/v2\/product"}],"about":[{"href":"https:\/\/philouequestrian.com\/en\/wp-json\/wp\/v2\/types\/product"}],"wp:featuredmedia":[{"embeddable":true,"href":"https:\/\/philouequestrian.com\/en\/wp-json\/wp\/v2\/media\/3245"}],"wp:attachment":[{"href":"https:\/\/philouequestrian.com\/en\/wp-json\/wp\/v2\/media?parent=3234"}],"wp:term":[{"taxonomy":"product_cat","embeddable":true,"href":"https:\/\/philouequestrian.com\/en\/wp-json\/wp\/v2\/product_cat?post=3234"},{"taxonomy":"product_tag","embeddable":true,"href":"https:\/\/philouequestrian.com\/en\/wp-json\/wp\/v2\/product_tag?post=3234"}],"curies":[{"name":"wp","href":"https:\/\/api.w.org\/{rel}","templated":true}]}}