{"id":3246,"date":"2024-04-22T15:38:43","date_gmt":"2024-04-22T13:38:43","guid":{"rendered":"https:\/\/philouequestrian.com\/?post_type=product&#038;p=3246"},"modified":"2024-04-22T15:43:02","modified_gmt":"2024-04-22T13:43:02","slug":"cream-lace-shirt","status":"publish","type":"product","link":"https:\/\/philouequestrian.com\/en\/product\/cream-lace-shirt\/","title":{"rendered":"Cream Lace Shirt"},"content":{"rendered":"","protected":false},"excerpt":{"rendered":"<p>A cream lace show shirt exudes a timeless elegance. The cream color offers a classic and sophisticated aesthetic, while the lace detailing adds a delicate and feminine touch. This combination creates a beautifully refined look that stands out in the show ring. Whether you're competing in dressage, show jumping, or another discipline, a cream lace show shirt is sure to elevate your riding ensemble with its understated yet chic appeal.<\/p>","protected":false},"featured_media":3251,"template":"","meta":{"_acf_changed":false},"product_cat":[23],"product_tag":[],"class_list":{"0":"post-3246","1":"product","2":"type-product","3":"status-publish","4":"has-post-thumbnail","6":"product_cat-noi-lovas-versenying","8":"first","9":"instock","10":"taxable","11":"shipping-taxable","12":"purchasable","13":"product-type-variable"},"acf":[],"yoast_head":"<!-- This site is optimized with the Yoast SEO plugin v23.8 - https:\/\/yoast.com\/wordpress\/plugins\/seo\/ -->\n<title>Cream Lace Shirt - Philou<\/title>\n<meta name=\"robots\" content=\"index, follow, max-snippet:-1, max-image-preview:large, max-video-preview:-1\" \/>\n<link rel=\"canonical\" href=\"https:\/\/philouequestrian.com\/en\/product\/cream-lace-shirt\/\" \/>\n<meta property=\"og:locale\" content=\"en_US\" \/>\n<meta property=\"og:type\" content=\"article\" \/>\n<meta property=\"og:title\" content=\"Cream Lace Shirt - Philou\" \/>\n<meta property=\"og:description\" content=\"Cream Lace show shirt az id\u0151t\u00e1ll\u00f3 elegancia jegy\u00e9ben. A kr\u00e9m sz\u00edn klasszikus szofisztik\u00e1lt megjelen\u00e9st kelt m\u00edg a csipke r\u00e9szletek gyeng\u00e9d feminin hat\u00e1st k\u00f6lcs\u00f6n\u00f6znek. F\u00fcggetlen\u00fcl att\u00f3l, hogy d\u00edjlovagl\u00e1sban, d\u00edjugrat\u00e1sban vagy m\u00e1s sport\u00e1gban versenyez, egy kr\u00e9msz\u00edn\u0171 ing minden bizonnyal feldobja lovas egy\u00fcttes\u00e9t, visszafogott m\u00e9gis eleg\u00e1ns vonzer\u0151vel.\" \/>\n<meta property=\"og:url\" content=\"https:\/\/philouequestrian.com\/en\/product\/cream-lace-shirt\/\" \/>\n<meta property=\"og:site_name\" content=\"Philou\" \/>\n<meta property=\"article:publisher\" content=\"https:\/\/www.facebook.com\/philouequestrian\" \/>\n<meta property=\"article:modified_time\" content=\"2024-04-22T13:43:02+00:00\" \/>\n<meta property=\"og:image\" content=\"https:\/\/philouequestrian.com\/wp-content\/uploads\/2024\/04\/IMG_1531-scaled.jpeg\" \/>\n\t<meta property=\"og:image:width\" content=\"1707\" \/>\n\t<meta property=\"og:image:height\" content=\"2560\" \/>\n\t<meta property=\"og:image:type\" content=\"image\/jpeg\" \/>\n<meta name=\"twitter:card\" content=\"summary_large_image\" \/>\n<script type=\"application\/ld+json\" class=\"yoast-schema-graph\">{\"@context\":\"https:\/\/schema.org\",\"@graph\":[{\"@type\":\"WebPage\",\"@id\":\"https:\/\/philouequestrian.com\/termek\/cream-lace-shirt\/\",\"url\":\"https:\/\/philouequestrian.com\/termek\/cream-lace-shirt\/\",\"name\":\"Cream Lace Shirt - Philou\",\"isPartOf\":{\"@id\":\"https:\/\/philouequestrian.com\/#website\"},\"primaryImageOfPage\":{\"@id\":\"https:\/\/philouequestrian.com\/termek\/cream-lace-shirt\/#primaryimage\"},\"image\":{\"@id\":\"https:\/\/philouequestrian.com\/termek\/cream-lace-shirt\/#primaryimage\"},\"thumbnailUrl\":\"https:\/\/philouequestrian.com\/wp-content\/uploads\/2024\/04\/IMG_1531-scaled.jpeg\",\"datePublished\":\"2024-04-22T13:38:43+00:00\",\"dateModified\":\"2024-04-22T13:43:02+00:00\",\"breadcrumb\":{\"@id\":\"https:\/\/philouequestrian.com\/termek\/cream-lace-shirt\/#breadcrumb\"},\"inLanguage\":\"en-US\",\"potentialAction\":[{\"@type\":\"ReadAction\",\"target\":[\"https:\/\/philouequestrian.com\/termek\/cream-lace-shirt\/\"]}]},{\"@type\":\"ImageObject\",\"inLanguage\":\"en-US\",\"@id\":\"https:\/\/philouequestrian.com\/termek\/cream-lace-shirt\/#primaryimage\",\"url\":\"https:\/\/philouequestrian.com\/wp-content\/uploads\/2024\/04\/IMG_1531-scaled.jpeg\",\"contentUrl\":\"https:\/\/philouequestrian.com\/wp-content\/uploads\/2024\/04\/IMG_1531-scaled.jpeg\",\"width\":1707,\"height\":2560,\"caption\":\"kr\u00e9msz\u00edn\u0171 csipk\u00e9s versenying 2\"},{\"@type\":\"BreadcrumbList\",\"@id\":\"https:\/\/philouequestrian.com\/termek\/cream-lace-shirt\/#breadcrumb\",\"itemListElement\":[{\"@type\":\"ListItem\",\"position\":1,\"name\":\"Kezd\u0151lap\",\"item\":\"https:\/\/philouequestrian.com\/\"},{\"@type\":\"ListItem\",\"position\":2,\"name\":\"\u00dczlet\",\"item\":\"https:\/\/philouequestrian.com\/uzlet\/\"},{\"@type\":\"ListItem\",\"position\":3,\"name\":\"Cream Lace Shirt\"}]},{\"@type\":\"WebSite\",\"@id\":\"https:\/\/philouequestrian.com\/#website\",\"url\":\"https:\/\/philouequestrian.com\/\",\"name\":\"Philou\",\"description\":\"Equestrian Clothing\",\"publisher\":{\"@id\":\"https:\/\/philouequestrian.com\/#organization\"},\"potentialAction\":[{\"@type\":\"SearchAction\",\"target\":{\"@type\":\"EntryPoint\",\"urlTemplate\":\"https:\/\/philouequestrian.com\/?s={search_term_string}\"},\"query-input\":{\"@type\":\"PropertyValueSpecification\",\"valueRequired\":true,\"valueName\":\"search_term_string\"}}],\"inLanguage\":\"en-US\"},{\"@type\":\"Organization\",\"@id\":\"https:\/\/philouequestrian.com\/#organization\",\"name\":\"Philou Equestrian Clothing\",\"url\":\"https:\/\/philouequestrian.com\/\",\"logo\":{\"@type\":\"ImageObject\",\"inLanguage\":\"en-US\",\"@id\":\"https:\/\/philouequestrian.com\/#\/schema\/logo\/image\/\",\"url\":\"https:\/\/philouequestrian.com\/wp-content\/uploads\/2022\/05\/philou-wbg.png\",\"contentUrl\":\"https:\/\/philouequestrian.com\/wp-content\/uploads\/2022\/05\/philou-wbg.png\",\"width\":2000,\"height\":2000,\"caption\":\"Philou Equestrian Clothing\"},\"image\":{\"@id\":\"https:\/\/philouequestrian.com\/#\/schema\/logo\/image\/\"},\"sameAs\":[\"https:\/\/www.facebook.com\/philouequestrian\",\"https:\/\/www.instagram.com\/philou_equestrian\/\"]}]}<\/script>\n<!-- \/ Yoast SEO plugin. -->","yoast_head_json":{"title":"Cream Lace Shirt - Philou","robots":{"index":"index","follow":"follow","max-snippet":"max-snippet:-1","max-image-preview":"max-image-preview:large","max-video-preview":"max-video-preview:-1"},"canonical":"https:\/\/philouequestrian.com\/en\/product\/cream-lace-shirt\/","og_locale":"en_US","og_type":"article","og_title":"Cream Lace Shirt - Philou","og_description":"Cream Lace show shirt az id\u0151t\u00e1ll\u00f3 elegancia jegy\u00e9ben. A kr\u00e9m sz\u00edn klasszikus szofisztik\u00e1lt megjelen\u00e9st kelt m\u00edg a csipke r\u00e9szletek gyeng\u00e9d feminin hat\u00e1st k\u00f6lcs\u00f6n\u00f6znek. F\u00fcggetlen\u00fcl att\u00f3l, hogy d\u00edjlovagl\u00e1sban, d\u00edjugrat\u00e1sban vagy m\u00e1s sport\u00e1gban versenyez, egy kr\u00e9msz\u00edn\u0171 ing minden bizonnyal feldobja lovas egy\u00fcttes\u00e9t, visszafogott m\u00e9gis eleg\u00e1ns vonzer\u0151vel.","og_url":"https:\/\/philouequestrian.com\/en\/product\/cream-lace-shirt\/","og_site_name":"Philou","article_publisher":"https:\/\/www.facebook.com\/philouequestrian","article_modified_time":"2024-04-22T13:43:02+00:00","og_image":[{"width":1707,"height":2560,"url":"https:\/\/philouequestrian.com\/wp-content\/uploads\/2024\/04\/IMG_1531-scaled.jpeg","type":"image\/jpeg"}],"twitter_card":"summary_large_image","schema":{"@context":"https:\/\/schema.org","@graph":[{"@type":"WebPage","@id":"https:\/\/philouequestrian.com\/termek\/cream-lace-shirt\/","url":"https:\/\/philouequestrian.com\/termek\/cream-lace-shirt\/","name":"Cream Lace Shirt - Philou","isPartOf":{"@id":"https:\/\/philouequestrian.com\/#website"},"primaryImageOfPage":{"@id":"https:\/\/philouequestrian.com\/termek\/cream-lace-shirt\/#primaryimage"},"image":{"@id":"https:\/\/philouequestrian.com\/termek\/cream-lace-shirt\/#primaryimage"},"thumbnailUrl":"https:\/\/philouequestrian.com\/wp-content\/uploads\/2024\/04\/IMG_1531-scaled.jpeg","datePublished":"2024-04-22T13:38:43+00:00","dateModified":"2024-04-22T13:43:02+00:00","breadcrumb":{"@id":"https:\/\/philouequestrian.com\/termek\/cream-lace-shirt\/#breadcrumb"},"inLanguage":"en-US","potentialAction":[{"@type":"ReadAction","target":["https:\/\/philouequestrian.com\/termek\/cream-lace-shirt\/"]}]},{"@type":"ImageObject","inLanguage":"en-US","@id":"https:\/\/philouequestrian.com\/termek\/cream-lace-shirt\/#primaryimage","url":"https:\/\/philouequestrian.com\/wp-content\/uploads\/2024\/04\/IMG_1531-scaled.jpeg","contentUrl":"https:\/\/philouequestrian.com\/wp-content\/uploads\/2024\/04\/IMG_1531-scaled.jpeg","width":1707,"height":2560,"caption":"kr\u00e9msz\u00edn\u0171 csipk\u00e9s versenying 2"},{"@type":"BreadcrumbList","@id":"https:\/\/philouequestrian.com\/termek\/cream-lace-shirt\/#breadcrumb","itemListElement":[{"@type":"ListItem","position":1,"name":"Kezd\u0151lap","item":"https:\/\/philouequestrian.com\/"},{"@type":"ListItem","position":2,"name":"\u00dczlet","item":"https:\/\/philouequestrian.com\/uzlet\/"},{"@type":"ListItem","position":3,"name":"Cream Lace Shirt"}]},{"@type":"WebSite","@id":"https:\/\/philouequestrian.com\/#website","url":"https:\/\/philouequestrian.com\/","name":"Philou","description":"Equestrian Clothing","publisher":{"@id":"https:\/\/philouequestrian.com\/#organization"},"potentialAction":[{"@type":"SearchAction","target":{"@type":"EntryPoint","urlTemplate":"https:\/\/philouequestrian.com\/?s={search_term_string}"},"query-input":{"@type":"PropertyValueSpecification","valueRequired":true,"valueName":"search_term_string"}}],"inLanguage":"en-US"},{"@type":"Organization","@id":"https:\/\/philouequestrian.com\/#organization","name":"Philou Equestrian Clothing","url":"https:\/\/philouequestrian.com\/","logo":{"@type":"ImageObject","inLanguage":"en-US","@id":"https:\/\/philouequestrian.com\/#\/schema\/logo\/image\/","url":"https:\/\/philouequestrian.com\/wp-content\/uploads\/2022\/05\/philou-wbg.png","contentUrl":"https:\/\/philouequestrian.com\/wp-content\/uploads\/2022\/05\/philou-wbg.png","width":2000,"height":2000,"caption":"Philou Equestrian Clothing"},"image":{"@id":"https:\/\/philouequestrian.com\/#\/schema\/logo\/image\/"},"sameAs":["https:\/\/www.facebook.com\/philouequestrian","https:\/\/www.instagram.com\/philou_equestrian\/"]}]}},"_links":{"self":[{"href":"https:\/\/philouequestrian.com\/en\/wp-json\/wp\/v2\/product\/3246","targetHints":{"allow":["GET"]}}],"collection":[{"href":"https:\/\/philouequestrian.com\/en\/wp-json\/wp\/v2\/product"}],"about":[{"href":"https:\/\/philouequestrian.com\/en\/wp-json\/wp\/v2\/types\/product"}],"wp:featuredmedia":[{"embeddable":true,"href":"https:\/\/philouequestrian.com\/en\/wp-json\/wp\/v2\/media\/3251"}],"wp:attachment":[{"href":"https:\/\/philouequestrian.com\/en\/wp-json\/wp\/v2\/media?parent=3246"}],"wp:term":[{"taxonomy":"product_cat","embeddable":true,"href":"https:\/\/philouequestrian.com\/en\/wp-json\/wp\/v2\/product_cat?post=3246"},{"taxonomy":"product_tag","embeddable":true,"href":"https:\/\/philouequestrian.com\/en\/wp-json\/wp\/v2\/product_tag?post=3246"}],"curies":[{"name":"wp","href":"https:\/\/api.w.org\/{rel}","templated":true}]}}