{"id":3268,"date":"2024-04-23T08:58:06","date_gmt":"2024-04-23T06:58:06","guid":{"rendered":"https:\/\/philouequestrian.com\/?post_type=product&#038;p=3268"},"modified":"2024-04-23T09:00:30","modified_gmt":"2024-04-23T07:00:30","slug":"net-shirt","status":"publish","type":"product","link":"https:\/\/philouequestrian.com\/en\/product\/net-shirt\/","title":{"rendered":"Net Shirt"},"content":{"rendered":"","protected":false},"excerpt":{"rendered":"<p>A net show shirt is a contemporary take on traditional equestrian attire, offering a stylish and breathable option for competitions or events. Typically made from lightweight and airy net fabric, these shirts provide excellent ventilation, keeping you cool and comfortable during intense riding sessions. <\/p>","protected":false},"featured_media":3274,"template":"","meta":{"_acf_changed":false},"product_cat":[23],"product_tag":[],"class_list":{"0":"post-3268","1":"product","2":"type-product","3":"status-publish","4":"has-post-thumbnail","6":"product_cat-noi-lovas-versenying","8":"first","9":"instock","10":"taxable","11":"shipping-taxable","12":"purchasable","13":"product-type-variable"},"acf":[],"yoast_head":"<!-- This site is optimized with the Yoast SEO plugin v23.8 - https:\/\/yoast.com\/wordpress\/plugins\/seo\/ -->\n<title>Net Shirt - Philou<\/title>\n<meta name=\"robots\" content=\"index, follow, max-snippet:-1, max-image-preview:large, max-video-preview:-1\" \/>\n<link rel=\"canonical\" href=\"https:\/\/philouequestrian.com\/en\/product\/net-shirt\/\" \/>\n<meta property=\"og:locale\" content=\"en_US\" \/>\n<meta property=\"og:type\" content=\"article\" \/>\n<meta property=\"og:title\" content=\"Net Shirt - Philou\" \/>\n<meta property=\"og:description\" content=\"Net shirt versenying\u00fcnk egyedi \u00e9s st\u00edlusos v\u00e1laszt\u00e1s lovas versenyekre \u00e9s rendezv\u00e9nyekre. A h\u00e1l\u00f3sz\u00f6vet l\u00e9g\u00e1tereszt\u0151 k\u00e9pess\u00e9get \u00e9s k\u00e9nyelmet biztos\u00edt, ami elengedhetetlen a hossz\u00fa \u00f3r\u00e1kon \u00e1t tart\u00f3 lovagl\u00e1s sor\u00e1n.A h\u00e1l\u00f3s anyag sportos szemet gy\u00f6ny\u00f6rk\u00f6dtet\u0151 megjelen\u00e9st k\u00f6lcs\u00f6n\u00f6z, amely t\u00fckr\u00f6zi szem\u00e9lyes st\u00edlus\u00e1t, mik\u00f6zben megfelel a hagyom\u00e1nyos lovas \u00f6lt\u00f6z\u00e9kek k\u00f6vetelm\u00e9nyeinek.\" \/>\n<meta property=\"og:url\" content=\"https:\/\/philouequestrian.com\/en\/product\/net-shirt\/\" \/>\n<meta property=\"og:site_name\" content=\"Philou\" \/>\n<meta property=\"article:publisher\" content=\"https:\/\/www.facebook.com\/philouequestrian\" \/>\n<meta property=\"article:modified_time\" content=\"2024-04-23T07:00:30+00:00\" \/>\n<meta property=\"og:image\" content=\"https:\/\/philouequestrian.com\/wp-content\/uploads\/2024\/04\/IMG_1561-scaled.jpeg\" \/>\n\t<meta property=\"og:image:width\" content=\"1707\" \/>\n\t<meta property=\"og:image:height\" content=\"2560\" \/>\n\t<meta property=\"og:image:type\" content=\"image\/jpeg\" \/>\n<meta name=\"twitter:card\" content=\"summary_large_image\" \/>\n<script type=\"application\/ld+json\" class=\"yoast-schema-graph\">{\"@context\":\"https:\/\/schema.org\",\"@graph\":[{\"@type\":\"WebPage\",\"@id\":\"https:\/\/philouequestrian.com\/termek\/net-shirt\/\",\"url\":\"https:\/\/philouequestrian.com\/termek\/net-shirt\/\",\"name\":\"Net Shirt - Philou\",\"isPartOf\":{\"@id\":\"https:\/\/philouequestrian.com\/#website\"},\"primaryImageOfPage\":{\"@id\":\"https:\/\/philouequestrian.com\/termek\/net-shirt\/#primaryimage\"},\"image\":{\"@id\":\"https:\/\/philouequestrian.com\/termek\/net-shirt\/#primaryimage\"},\"thumbnailUrl\":\"https:\/\/philouequestrian.com\/wp-content\/uploads\/2024\/04\/IMG_1561-scaled.jpeg\",\"datePublished\":\"2024-04-23T06:58:06+00:00\",\"dateModified\":\"2024-04-23T07:00:30+00:00\",\"breadcrumb\":{\"@id\":\"https:\/\/philouequestrian.com\/termek\/net-shirt\/#breadcrumb\"},\"inLanguage\":\"en-US\",\"potentialAction\":[{\"@type\":\"ReadAction\",\"target\":[\"https:\/\/philouequestrian.com\/termek\/net-shirt\/\"]}]},{\"@type\":\"ImageObject\",\"inLanguage\":\"en-US\",\"@id\":\"https:\/\/philouequestrian.com\/termek\/net-shirt\/#primaryimage\",\"url\":\"https:\/\/philouequestrian.com\/wp-content\/uploads\/2024\/04\/IMG_1561-scaled.jpeg\",\"contentUrl\":\"https:\/\/philouequestrian.com\/wp-content\/uploads\/2024\/04\/IMG_1561-scaled.jpeg\",\"width\":1707,\"height\":2560,\"caption\":\"h\u00e1l\u00f3s ujj\u00fa feh\u00e9r versenying\"},{\"@type\":\"BreadcrumbList\",\"@id\":\"https:\/\/philouequestrian.com\/termek\/net-shirt\/#breadcrumb\",\"itemListElement\":[{\"@type\":\"ListItem\",\"position\":1,\"name\":\"Kezd\u0151lap\",\"item\":\"https:\/\/philouequestrian.com\/\"},{\"@type\":\"ListItem\",\"position\":2,\"name\":\"\u00dczlet\",\"item\":\"https:\/\/philouequestrian.com\/uzlet\/\"},{\"@type\":\"ListItem\",\"position\":3,\"name\":\"Net Shirt\"}]},{\"@type\":\"WebSite\",\"@id\":\"https:\/\/philouequestrian.com\/#website\",\"url\":\"https:\/\/philouequestrian.com\/\",\"name\":\"Philou\",\"description\":\"Equestrian Clothing\",\"publisher\":{\"@id\":\"https:\/\/philouequestrian.com\/#organization\"},\"potentialAction\":[{\"@type\":\"SearchAction\",\"target\":{\"@type\":\"EntryPoint\",\"urlTemplate\":\"https:\/\/philouequestrian.com\/?s={search_term_string}\"},\"query-input\":{\"@type\":\"PropertyValueSpecification\",\"valueRequired\":true,\"valueName\":\"search_term_string\"}}],\"inLanguage\":\"en-US\"},{\"@type\":\"Organization\",\"@id\":\"https:\/\/philouequestrian.com\/#organization\",\"name\":\"Philou Equestrian Clothing\",\"url\":\"https:\/\/philouequestrian.com\/\",\"logo\":{\"@type\":\"ImageObject\",\"inLanguage\":\"en-US\",\"@id\":\"https:\/\/philouequestrian.com\/#\/schema\/logo\/image\/\",\"url\":\"https:\/\/philouequestrian.com\/wp-content\/uploads\/2022\/05\/philou-wbg.png\",\"contentUrl\":\"https:\/\/philouequestrian.com\/wp-content\/uploads\/2022\/05\/philou-wbg.png\",\"width\":2000,\"height\":2000,\"caption\":\"Philou Equestrian Clothing\"},\"image\":{\"@id\":\"https:\/\/philouequestrian.com\/#\/schema\/logo\/image\/\"},\"sameAs\":[\"https:\/\/www.facebook.com\/philouequestrian\",\"https:\/\/www.instagram.com\/philou_equestrian\/\"]}]}<\/script>\n<!-- \/ Yoast SEO plugin. -->","yoast_head_json":{"title":"Net Shirt - Philou","robots":{"index":"index","follow":"follow","max-snippet":"max-snippet:-1","max-image-preview":"max-image-preview:large","max-video-preview":"max-video-preview:-1"},"canonical":"https:\/\/philouequestrian.com\/en\/product\/net-shirt\/","og_locale":"en_US","og_type":"article","og_title":"Net Shirt - Philou","og_description":"Net shirt versenying\u00fcnk egyedi \u00e9s st\u00edlusos v\u00e1laszt\u00e1s lovas versenyekre \u00e9s rendezv\u00e9nyekre. A h\u00e1l\u00f3sz\u00f6vet l\u00e9g\u00e1tereszt\u0151 k\u00e9pess\u00e9get \u00e9s k\u00e9nyelmet biztos\u00edt, ami elengedhetetlen a hossz\u00fa \u00f3r\u00e1kon \u00e1t tart\u00f3 lovagl\u00e1s sor\u00e1n.A h\u00e1l\u00f3s anyag sportos szemet gy\u00f6ny\u00f6rk\u00f6dtet\u0151 megjelen\u00e9st k\u00f6lcs\u00f6n\u00f6z, amely t\u00fckr\u00f6zi szem\u00e9lyes st\u00edlus\u00e1t, mik\u00f6zben megfelel a hagyom\u00e1nyos lovas \u00f6lt\u00f6z\u00e9kek k\u00f6vetelm\u00e9nyeinek.","og_url":"https:\/\/philouequestrian.com\/en\/product\/net-shirt\/","og_site_name":"Philou","article_publisher":"https:\/\/www.facebook.com\/philouequestrian","article_modified_time":"2024-04-23T07:00:30+00:00","og_image":[{"width":1707,"height":2560,"url":"https:\/\/philouequestrian.com\/wp-content\/uploads\/2024\/04\/IMG_1561-scaled.jpeg","type":"image\/jpeg"}],"twitter_card":"summary_large_image","schema":{"@context":"https:\/\/schema.org","@graph":[{"@type":"WebPage","@id":"https:\/\/philouequestrian.com\/termek\/net-shirt\/","url":"https:\/\/philouequestrian.com\/termek\/net-shirt\/","name":"Net Shirt - Philou","isPartOf":{"@id":"https:\/\/philouequestrian.com\/#website"},"primaryImageOfPage":{"@id":"https:\/\/philouequestrian.com\/termek\/net-shirt\/#primaryimage"},"image":{"@id":"https:\/\/philouequestrian.com\/termek\/net-shirt\/#primaryimage"},"thumbnailUrl":"https:\/\/philouequestrian.com\/wp-content\/uploads\/2024\/04\/IMG_1561-scaled.jpeg","datePublished":"2024-04-23T06:58:06+00:00","dateModified":"2024-04-23T07:00:30+00:00","breadcrumb":{"@id":"https:\/\/philouequestrian.com\/termek\/net-shirt\/#breadcrumb"},"inLanguage":"en-US","potentialAction":[{"@type":"ReadAction","target":["https:\/\/philouequestrian.com\/termek\/net-shirt\/"]}]},{"@type":"ImageObject","inLanguage":"en-US","@id":"https:\/\/philouequestrian.com\/termek\/net-shirt\/#primaryimage","url":"https:\/\/philouequestrian.com\/wp-content\/uploads\/2024\/04\/IMG_1561-scaled.jpeg","contentUrl":"https:\/\/philouequestrian.com\/wp-content\/uploads\/2024\/04\/IMG_1561-scaled.jpeg","width":1707,"height":2560,"caption":"h\u00e1l\u00f3s ujj\u00fa feh\u00e9r versenying"},{"@type":"BreadcrumbList","@id":"https:\/\/philouequestrian.com\/termek\/net-shirt\/#breadcrumb","itemListElement":[{"@type":"ListItem","position":1,"name":"Kezd\u0151lap","item":"https:\/\/philouequestrian.com\/"},{"@type":"ListItem","position":2,"name":"\u00dczlet","item":"https:\/\/philouequestrian.com\/uzlet\/"},{"@type":"ListItem","position":3,"name":"Net Shirt"}]},{"@type":"WebSite","@id":"https:\/\/philouequestrian.com\/#website","url":"https:\/\/philouequestrian.com\/","name":"Philou","description":"Equestrian Clothing","publisher":{"@id":"https:\/\/philouequestrian.com\/#organization"},"potentialAction":[{"@type":"SearchAction","target":{"@type":"EntryPoint","urlTemplate":"https:\/\/philouequestrian.com\/?s={search_term_string}"},"query-input":{"@type":"PropertyValueSpecification","valueRequired":true,"valueName":"search_term_string"}}],"inLanguage":"en-US"},{"@type":"Organization","@id":"https:\/\/philouequestrian.com\/#organization","name":"Philou Equestrian Clothing","url":"https:\/\/philouequestrian.com\/","logo":{"@type":"ImageObject","inLanguage":"en-US","@id":"https:\/\/philouequestrian.com\/#\/schema\/logo\/image\/","url":"https:\/\/philouequestrian.com\/wp-content\/uploads\/2022\/05\/philou-wbg.png","contentUrl":"https:\/\/philouequestrian.com\/wp-content\/uploads\/2022\/05\/philou-wbg.png","width":2000,"height":2000,"caption":"Philou Equestrian Clothing"},"image":{"@id":"https:\/\/philouequestrian.com\/#\/schema\/logo\/image\/"},"sameAs":["https:\/\/www.facebook.com\/philouequestrian","https:\/\/www.instagram.com\/philou_equestrian\/"]}]}},"_links":{"self":[{"href":"https:\/\/philouequestrian.com\/en\/wp-json\/wp\/v2\/product\/3268","targetHints":{"allow":["GET"]}}],"collection":[{"href":"https:\/\/philouequestrian.com\/en\/wp-json\/wp\/v2\/product"}],"about":[{"href":"https:\/\/philouequestrian.com\/en\/wp-json\/wp\/v2\/types\/product"}],"wp:featuredmedia":[{"embeddable":true,"href":"https:\/\/philouequestrian.com\/en\/wp-json\/wp\/v2\/media\/3274"}],"wp:attachment":[{"href":"https:\/\/philouequestrian.com\/en\/wp-json\/wp\/v2\/media?parent=3268"}],"wp:term":[{"taxonomy":"product_cat","embeddable":true,"href":"https:\/\/philouequestrian.com\/en\/wp-json\/wp\/v2\/product_cat?post=3268"},{"taxonomy":"product_tag","embeddable":true,"href":"https:\/\/philouequestrian.com\/en\/wp-json\/wp\/v2\/product_tag?post=3268"}],"curies":[{"name":"wp","href":"https:\/\/api.w.org\/{rel}","templated":true}]}}