{"id":3283,"date":"2024-04-23T09:43:40","date_gmt":"2024-04-23T07:43:40","guid":{"rendered":"https:\/\/philouequestrian.com\/?post_type=product&#038;p=3283"},"modified":"2026-02-20T17:50:05","modified_gmt":"2026-02-20T15:50:05","slug":"beige-lace-shirt","status":"publish","type":"product","link":"https:\/\/philouequestrian.com\/en\/product\/beige-lace-shirt\/","title":{"rendered":"Beige Lace Shirt"},"content":{"rendered":"","protected":false},"excerpt":{"rendered":"<p>A beige lace show shirt sounds like a sophisticated and elegant choice for equestrian competitions or events. The combination of beige fabric with lace detailing can create a classic yet stylish look that stands out in the show ring. The neutral color offers versatility, allowing you to pair it with various colored breeches or jackets. Plus, the delicate lace adds a touch of femininity and refinement to your riding ensemble. Overall, it sounds like a fantastic wardrobe piece for any equestrian enthusiast looking to make a polished statement during competitions. <\/p>","protected":false},"featured_media":3285,"template":"","meta":{"_acf_changed":false},"product_cat":[23],"product_tag":[],"class_list":{"0":"post-3283","1":"product","2":"type-product","3":"status-publish","4":"has-post-thumbnail","6":"product_cat-noi-lovas-versenying","8":"first","9":"instock","10":"sale","11":"taxable","12":"shipping-taxable","13":"purchasable","14":"product-type-variable"},"acf":[],"yoast_head":"<!-- This site is optimized with the Yoast SEO plugin v23.8 - https:\/\/yoast.com\/wordpress\/plugins\/seo\/ -->\n<title>Beige Lace Shirt - Philou<\/title>\n<meta name=\"robots\" content=\"index, follow, max-snippet:-1, max-image-preview:large, max-video-preview:-1\" \/>\n<link rel=\"canonical\" href=\"https:\/\/philouequestrian.com\/en\/product\/beige-lace-shirt\/\" \/>\n<meta property=\"og:locale\" content=\"en_US\" \/>\n<meta property=\"og:type\" content=\"article\" \/>\n<meta property=\"og:title\" content=\"Beige Lace Shirt - Philou\" \/>\n<meta property=\"og:description\" content=\"Beige versenying\u00fcnk egy nagyon kifinomult, eleg\u00e1ns v\u00e1laszt\u00e1s lovas versenyekre vagy rendezv\u00e9nyekre. A beige csipk\u00e9vel val\u00f3 kombin\u00e1ci\u00f3ja nagyon klasszikus st\u00edlus\u00fa megjelen\u00e9st k\u00f6lcs\u00f6n\u00f6z. A semleges sz\u00edn sokoldal\u00fas\u00e1got k\u00edn\u00e1l, lehet\u0151v\u00e9 t\u00e9ve, hogy k\u00fcl\u00f6nf\u00e9le sz\u00edn\u0171 nadr\u00e1gokkal \u00e9s zak\u00f3kkal p\u00e1ros\u00edtsd. A finom csipke n\u0151iess\u00e9get \u00e9s kifinomults\u00e1got k\u00f6lcs\u00f6n\u00f6z.\" \/>\n<meta property=\"og:url\" content=\"https:\/\/philouequestrian.com\/en\/product\/beige-lace-shirt\/\" \/>\n<meta property=\"og:site_name\" content=\"Philou\" \/>\n<meta property=\"article:publisher\" content=\"https:\/\/www.facebook.com\/philouequestrian\" \/>\n<meta property=\"article:modified_time\" content=\"2026-02-20T15:50:05+00:00\" \/>\n<meta property=\"og:image\" content=\"https:\/\/philouequestrian.com\/wp-content\/uploads\/2024\/04\/IMG_3968-scaled.jpg\" \/>\n\t<meta property=\"og:image:width\" content=\"1707\" \/>\n\t<meta property=\"og:image:height\" content=\"2560\" \/>\n\t<meta property=\"og:image:type\" content=\"image\/jpeg\" \/>\n<meta name=\"twitter:card\" content=\"summary_large_image\" \/>\n<script type=\"application\/ld+json\" class=\"yoast-schema-graph\">{\"@context\":\"https:\/\/schema.org\",\"@graph\":[{\"@type\":\"WebPage\",\"@id\":\"https:\/\/philouequestrian.com\/termek\/beige-lace-shirt\/\",\"url\":\"https:\/\/philouequestrian.com\/termek\/beige-lace-shirt\/\",\"name\":\"Beige Lace Shirt - Philou\",\"isPartOf\":{\"@id\":\"https:\/\/philouequestrian.com\/#website\"},\"primaryImageOfPage\":{\"@id\":\"https:\/\/philouequestrian.com\/termek\/beige-lace-shirt\/#primaryimage\"},\"image\":{\"@id\":\"https:\/\/philouequestrian.com\/termek\/beige-lace-shirt\/#primaryimage\"},\"thumbnailUrl\":\"https:\/\/philouequestrian.com\/wp-content\/uploads\/2024\/04\/IMG_3968-scaled.jpg\",\"datePublished\":\"2024-04-23T07:43:40+00:00\",\"dateModified\":\"2026-02-20T15:50:05+00:00\",\"breadcrumb\":{\"@id\":\"https:\/\/philouequestrian.com\/termek\/beige-lace-shirt\/#breadcrumb\"},\"inLanguage\":\"en-US\",\"potentialAction\":[{\"@type\":\"ReadAction\",\"target\":[\"https:\/\/philouequestrian.com\/termek\/beige-lace-shirt\/\"]}]},{\"@type\":\"ImageObject\",\"inLanguage\":\"en-US\",\"@id\":\"https:\/\/philouequestrian.com\/termek\/beige-lace-shirt\/#primaryimage\",\"url\":\"https:\/\/philouequestrian.com\/wp-content\/uploads\/2024\/04\/IMG_3968-scaled.jpg\",\"contentUrl\":\"https:\/\/philouequestrian.com\/wp-content\/uploads\/2024\/04\/IMG_3968-scaled.jpg\",\"width\":1707,\"height\":2560,\"caption\":\"feh\u00e9r d\u00edjugrat\u00f3 nadr\u00e1g 2\"},{\"@type\":\"BreadcrumbList\",\"@id\":\"https:\/\/philouequestrian.com\/termek\/beige-lace-shirt\/#breadcrumb\",\"itemListElement\":[{\"@type\":\"ListItem\",\"position\":1,\"name\":\"Kezd\u0151lap\",\"item\":\"https:\/\/philouequestrian.com\/\"},{\"@type\":\"ListItem\",\"position\":2,\"name\":\"\u00dczlet\",\"item\":\"https:\/\/philouequestrian.com\/uzlet\/\"},{\"@type\":\"ListItem\",\"position\":3,\"name\":\"Beige Lace Shirt\"}]},{\"@type\":\"WebSite\",\"@id\":\"https:\/\/philouequestrian.com\/#website\",\"url\":\"https:\/\/philouequestrian.com\/\",\"name\":\"Philou\",\"description\":\"Equestrian Clothing\",\"publisher\":{\"@id\":\"https:\/\/philouequestrian.com\/#organization\"},\"potentialAction\":[{\"@type\":\"SearchAction\",\"target\":{\"@type\":\"EntryPoint\",\"urlTemplate\":\"https:\/\/philouequestrian.com\/?s={search_term_string}\"},\"query-input\":{\"@type\":\"PropertyValueSpecification\",\"valueRequired\":true,\"valueName\":\"search_term_string\"}}],\"inLanguage\":\"en-US\"},{\"@type\":\"Organization\",\"@id\":\"https:\/\/philouequestrian.com\/#organization\",\"name\":\"Philou Equestrian Clothing\",\"url\":\"https:\/\/philouequestrian.com\/\",\"logo\":{\"@type\":\"ImageObject\",\"inLanguage\":\"en-US\",\"@id\":\"https:\/\/philouequestrian.com\/#\/schema\/logo\/image\/\",\"url\":\"https:\/\/philouequestrian.com\/wp-content\/uploads\/2022\/05\/philou-wbg.png\",\"contentUrl\":\"https:\/\/philouequestrian.com\/wp-content\/uploads\/2022\/05\/philou-wbg.png\",\"width\":2000,\"height\":2000,\"caption\":\"Philou Equestrian Clothing\"},\"image\":{\"@id\":\"https:\/\/philouequestrian.com\/#\/schema\/logo\/image\/\"},\"sameAs\":[\"https:\/\/www.facebook.com\/philouequestrian\",\"https:\/\/www.instagram.com\/philou_equestrian\/\"]}]}<\/script>\n<!-- \/ Yoast SEO plugin. -->","yoast_head_json":{"title":"Beige Lace Shirt - Philou","robots":{"index":"index","follow":"follow","max-snippet":"max-snippet:-1","max-image-preview":"max-image-preview:large","max-video-preview":"max-video-preview:-1"},"canonical":"https:\/\/philouequestrian.com\/en\/product\/beige-lace-shirt\/","og_locale":"en_US","og_type":"article","og_title":"Beige Lace Shirt - Philou","og_description":"Beige versenying\u00fcnk egy nagyon kifinomult, eleg\u00e1ns v\u00e1laszt\u00e1s lovas versenyekre vagy rendezv\u00e9nyekre. A beige csipk\u00e9vel val\u00f3 kombin\u00e1ci\u00f3ja nagyon klasszikus st\u00edlus\u00fa megjelen\u00e9st k\u00f6lcs\u00f6n\u00f6z. A semleges sz\u00edn sokoldal\u00fas\u00e1got k\u00edn\u00e1l, lehet\u0151v\u00e9 t\u00e9ve, hogy k\u00fcl\u00f6nf\u00e9le sz\u00edn\u0171 nadr\u00e1gokkal \u00e9s zak\u00f3kkal p\u00e1ros\u00edtsd. A finom csipke n\u0151iess\u00e9get \u00e9s kifinomults\u00e1got k\u00f6lcs\u00f6n\u00f6z.","og_url":"https:\/\/philouequestrian.com\/en\/product\/beige-lace-shirt\/","og_site_name":"Philou","article_publisher":"https:\/\/www.facebook.com\/philouequestrian","article_modified_time":"2026-02-20T15:50:05+00:00","og_image":[{"width":1707,"height":2560,"url":"https:\/\/philouequestrian.com\/wp-content\/uploads\/2024\/04\/IMG_3968-scaled.jpg","type":"image\/jpeg"}],"twitter_card":"summary_large_image","schema":{"@context":"https:\/\/schema.org","@graph":[{"@type":"WebPage","@id":"https:\/\/philouequestrian.com\/termek\/beige-lace-shirt\/","url":"https:\/\/philouequestrian.com\/termek\/beige-lace-shirt\/","name":"Beige Lace Shirt - Philou","isPartOf":{"@id":"https:\/\/philouequestrian.com\/#website"},"primaryImageOfPage":{"@id":"https:\/\/philouequestrian.com\/termek\/beige-lace-shirt\/#primaryimage"},"image":{"@id":"https:\/\/philouequestrian.com\/termek\/beige-lace-shirt\/#primaryimage"},"thumbnailUrl":"https:\/\/philouequestrian.com\/wp-content\/uploads\/2024\/04\/IMG_3968-scaled.jpg","datePublished":"2024-04-23T07:43:40+00:00","dateModified":"2026-02-20T15:50:05+00:00","breadcrumb":{"@id":"https:\/\/philouequestrian.com\/termek\/beige-lace-shirt\/#breadcrumb"},"inLanguage":"en-US","potentialAction":[{"@type":"ReadAction","target":["https:\/\/philouequestrian.com\/termek\/beige-lace-shirt\/"]}]},{"@type":"ImageObject","inLanguage":"en-US","@id":"https:\/\/philouequestrian.com\/termek\/beige-lace-shirt\/#primaryimage","url":"https:\/\/philouequestrian.com\/wp-content\/uploads\/2024\/04\/IMG_3968-scaled.jpg","contentUrl":"https:\/\/philouequestrian.com\/wp-content\/uploads\/2024\/04\/IMG_3968-scaled.jpg","width":1707,"height":2560,"caption":"feh\u00e9r d\u00edjugrat\u00f3 nadr\u00e1g 2"},{"@type":"BreadcrumbList","@id":"https:\/\/philouequestrian.com\/termek\/beige-lace-shirt\/#breadcrumb","itemListElement":[{"@type":"ListItem","position":1,"name":"Kezd\u0151lap","item":"https:\/\/philouequestrian.com\/"},{"@type":"ListItem","position":2,"name":"\u00dczlet","item":"https:\/\/philouequestrian.com\/uzlet\/"},{"@type":"ListItem","position":3,"name":"Beige Lace Shirt"}]},{"@type":"WebSite","@id":"https:\/\/philouequestrian.com\/#website","url":"https:\/\/philouequestrian.com\/","name":"Philou","description":"Equestrian Clothing","publisher":{"@id":"https:\/\/philouequestrian.com\/#organization"},"potentialAction":[{"@type":"SearchAction","target":{"@type":"EntryPoint","urlTemplate":"https:\/\/philouequestrian.com\/?s={search_term_string}"},"query-input":{"@type":"PropertyValueSpecification","valueRequired":true,"valueName":"search_term_string"}}],"inLanguage":"en-US"},{"@type":"Organization","@id":"https:\/\/philouequestrian.com\/#organization","name":"Philou Equestrian Clothing","url":"https:\/\/philouequestrian.com\/","logo":{"@type":"ImageObject","inLanguage":"en-US","@id":"https:\/\/philouequestrian.com\/#\/schema\/logo\/image\/","url":"https:\/\/philouequestrian.com\/wp-content\/uploads\/2022\/05\/philou-wbg.png","contentUrl":"https:\/\/philouequestrian.com\/wp-content\/uploads\/2022\/05\/philou-wbg.png","width":2000,"height":2000,"caption":"Philou Equestrian Clothing"},"image":{"@id":"https:\/\/philouequestrian.com\/#\/schema\/logo\/image\/"},"sameAs":["https:\/\/www.facebook.com\/philouequestrian","https:\/\/www.instagram.com\/philou_equestrian\/"]}]}},"_links":{"self":[{"href":"https:\/\/philouequestrian.com\/en\/wp-json\/wp\/v2\/product\/3283","targetHints":{"allow":["GET"]}}],"collection":[{"href":"https:\/\/philouequestrian.com\/en\/wp-json\/wp\/v2\/product"}],"about":[{"href":"https:\/\/philouequestrian.com\/en\/wp-json\/wp\/v2\/types\/product"}],"wp:featuredmedia":[{"embeddable":true,"href":"https:\/\/philouequestrian.com\/en\/wp-json\/wp\/v2\/media\/3285"}],"wp:attachment":[{"href":"https:\/\/philouequestrian.com\/en\/wp-json\/wp\/v2\/media?parent=3283"}],"wp:term":[{"taxonomy":"product_cat","embeddable":true,"href":"https:\/\/philouequestrian.com\/en\/wp-json\/wp\/v2\/product_cat?post=3283"},{"taxonomy":"product_tag","embeddable":true,"href":"https:\/\/philouequestrian.com\/en\/wp-json\/wp\/v2\/product_tag?post=3283"}],"curies":[{"name":"wp","href":"https:\/\/api.w.org\/{rel}","templated":true}]}}