{"id":3388,"date":"2024-06-12T14:19:31","date_gmt":"2024-06-12T12:19:31","guid":{"rendered":"https:\/\/philouequestrian.com\/?post_type=product&#038;p=3388"},"modified":"2024-06-12T14:19:32","modified_gmt":"2024-06-12T12:19:32","slug":"philou-baseball-cap","status":"publish","type":"product","link":"https:\/\/philouequestrian.com\/en\/product\/philou-baseball-cap\/","title":{"rendered":"Philou baseball cap"},"content":{"rendered":"","protected":false},"excerpt":{"rendered":"<p>The Philou Baseball Cap is a stylish and comfortable hat available in two classic colors \u2013 white and dark blue. The one-size-fits-all design, with an adjustable strap, ensures a good fit for all head shapes. Made from high-quality materials, this cap guarantees durability and a long lifespan. Its lightweight and breathable fabric make it comfortable to wear all day, whether for sports or everyday use.<\/p>","protected":false},"featured_media":3390,"template":"","meta":{"_acf_changed":false},"product_cat":[109],"product_tag":[],"class_list":{"0":"post-3388","1":"product","2":"type-product","3":"status-publish","4":"has-post-thumbnail","6":"product_cat-kiegeszitok","8":"first","9":"instock","10":"taxable","11":"shipping-taxable","12":"purchasable","13":"product-type-variable"},"acf":[],"yoast_head":"<!-- This site is optimized with the Yoast SEO plugin v23.8 - https:\/\/yoast.com\/wordpress\/plugins\/seo\/ -->\n<title>Philou baseball cap - Philou<\/title>\n<meta name=\"robots\" content=\"index, follow, max-snippet:-1, max-image-preview:large, max-video-preview:-1\" \/>\n<link rel=\"canonical\" href=\"https:\/\/philouequestrian.com\/en\/product\/philou-baseball-cap\/\" \/>\n<meta property=\"og:locale\" content=\"en_US\" \/>\n<meta property=\"og:type\" content=\"article\" \/>\n<meta property=\"og:title\" content=\"Philou baseball cap - Philou\" \/>\n<meta property=\"og:description\" content=\"A Philou Baseball Cap egy st\u00edlusos \u00e9s k\u00e9nyelmes sapka, amely k\u00e9t klasszikus sz\u00ednben \u2013 feh\u00e9rben \u00e9s s\u00f6t\u00e9tk\u00e9kben \u2013 \u00e9rhet\u0151 el. Az univerz\u00e1lis m\u00e9ret \u00e9s az \u00e1ll\u00edthat\u00f3 p\u00e1nt biztos\u00edtja, hogy minden fejform\u00e1hoz j\u00f3l illeszkedjen. A sapka min\u0151s\u00e9gi anyagb\u00f3l k\u00e9sz\u00fclt, amely tart\u00f3ss\u00e1got \u00e9s hossz\u00fa \u00e9lettartamot garant\u00e1l. K\u00f6nny\u0171 \u00e9s l\u00e9legz\u0151, \u00edgy eg\u00e9sz nap k\u00e9nyelmes viseletet biztos\u00edt, legyen sz\u00f3 sportol\u00e1sr\u00f3l vagy mindennapi haszn\u00e1latr\u00f3l.\" \/>\n<meta property=\"og:url\" content=\"https:\/\/philouequestrian.com\/en\/product\/philou-baseball-cap\/\" \/>\n<meta property=\"og:site_name\" content=\"Philou\" \/>\n<meta property=\"article:publisher\" content=\"https:\/\/www.facebook.com\/philouequestrian\" \/>\n<meta property=\"article:modified_time\" content=\"2024-06-12T12:19:32+00:00\" \/>\n<meta property=\"og:image\" content=\"https:\/\/philouequestrian.com\/wp-content\/uploads\/2024\/06\/IMG_2857-scaled.jpg\" \/>\n\t<meta property=\"og:image:width\" content=\"1707\" \/>\n\t<meta property=\"og:image:height\" content=\"2560\" \/>\n\t<meta property=\"og:image:type\" content=\"image\/jpeg\" \/>\n<meta name=\"twitter:card\" content=\"summary_large_image\" \/>\n<script type=\"application\/ld+json\" class=\"yoast-schema-graph\">{\"@context\":\"https:\/\/schema.org\",\"@graph\":[{\"@type\":\"WebPage\",\"@id\":\"https:\/\/philouequestrian.com\/termek\/philou-baseball-cap\/\",\"url\":\"https:\/\/philouequestrian.com\/termek\/philou-baseball-cap\/\",\"name\":\"Philou baseball cap - Philou\",\"isPartOf\":{\"@id\":\"https:\/\/philouequestrian.com\/#website\"},\"primaryImageOfPage\":{\"@id\":\"https:\/\/philouequestrian.com\/termek\/philou-baseball-cap\/#primaryimage\"},\"image\":{\"@id\":\"https:\/\/philouequestrian.com\/termek\/philou-baseball-cap\/#primaryimage\"},\"thumbnailUrl\":\"https:\/\/philouequestrian.com\/wp-content\/uploads\/2024\/06\/IMG_2857-scaled.jpg\",\"datePublished\":\"2024-06-12T12:19:31+00:00\",\"dateModified\":\"2024-06-12T12:19:32+00:00\",\"breadcrumb\":{\"@id\":\"https:\/\/philouequestrian.com\/termek\/philou-baseball-cap\/#breadcrumb\"},\"inLanguage\":\"en-US\",\"potentialAction\":[{\"@type\":\"ReadAction\",\"target\":[\"https:\/\/philouequestrian.com\/termek\/philou-baseball-cap\/\"]}]},{\"@type\":\"ImageObject\",\"inLanguage\":\"en-US\",\"@id\":\"https:\/\/philouequestrian.com\/termek\/philou-baseball-cap\/#primaryimage\",\"url\":\"https:\/\/philouequestrian.com\/wp-content\/uploads\/2024\/06\/IMG_2857-scaled.jpg\",\"contentUrl\":\"https:\/\/philouequestrian.com\/wp-content\/uploads\/2024\/06\/IMG_2857-scaled.jpg\",\"width\":1707,\"height\":2560,\"caption\":\"fekete strasszk\u00f6ves ujj\u00fa versenying 2\"},{\"@type\":\"BreadcrumbList\",\"@id\":\"https:\/\/philouequestrian.com\/termek\/philou-baseball-cap\/#breadcrumb\",\"itemListElement\":[{\"@type\":\"ListItem\",\"position\":1,\"name\":\"Kezd\u0151lap\",\"item\":\"https:\/\/philouequestrian.com\/\"},{\"@type\":\"ListItem\",\"position\":2,\"name\":\"\u00dczlet\",\"item\":\"https:\/\/philouequestrian.com\/uzlet\/\"},{\"@type\":\"ListItem\",\"position\":3,\"name\":\"Philou baseball cap\"}]},{\"@type\":\"WebSite\",\"@id\":\"https:\/\/philouequestrian.com\/#website\",\"url\":\"https:\/\/philouequestrian.com\/\",\"name\":\"Philou\",\"description\":\"Equestrian Clothing\",\"publisher\":{\"@id\":\"https:\/\/philouequestrian.com\/#organization\"},\"potentialAction\":[{\"@type\":\"SearchAction\",\"target\":{\"@type\":\"EntryPoint\",\"urlTemplate\":\"https:\/\/philouequestrian.com\/?s={search_term_string}\"},\"query-input\":{\"@type\":\"PropertyValueSpecification\",\"valueRequired\":true,\"valueName\":\"search_term_string\"}}],\"inLanguage\":\"en-US\"},{\"@type\":\"Organization\",\"@id\":\"https:\/\/philouequestrian.com\/#organization\",\"name\":\"Philou Equestrian Clothing\",\"url\":\"https:\/\/philouequestrian.com\/\",\"logo\":{\"@type\":\"ImageObject\",\"inLanguage\":\"en-US\",\"@id\":\"https:\/\/philouequestrian.com\/#\/schema\/logo\/image\/\",\"url\":\"https:\/\/philouequestrian.com\/wp-content\/uploads\/2022\/05\/philou-wbg.png\",\"contentUrl\":\"https:\/\/philouequestrian.com\/wp-content\/uploads\/2022\/05\/philou-wbg.png\",\"width\":2000,\"height\":2000,\"caption\":\"Philou Equestrian Clothing\"},\"image\":{\"@id\":\"https:\/\/philouequestrian.com\/#\/schema\/logo\/image\/\"},\"sameAs\":[\"https:\/\/www.facebook.com\/philouequestrian\",\"https:\/\/www.instagram.com\/philou_equestrian\/\"]}]}<\/script>\n<!-- \/ Yoast SEO plugin. -->","yoast_head_json":{"title":"Philou baseball cap - Philou","robots":{"index":"index","follow":"follow","max-snippet":"max-snippet:-1","max-image-preview":"max-image-preview:large","max-video-preview":"max-video-preview:-1"},"canonical":"https:\/\/philouequestrian.com\/en\/product\/philou-baseball-cap\/","og_locale":"en_US","og_type":"article","og_title":"Philou baseball cap - Philou","og_description":"A Philou Baseball Cap egy st\u00edlusos \u00e9s k\u00e9nyelmes sapka, amely k\u00e9t klasszikus sz\u00ednben \u2013 feh\u00e9rben \u00e9s s\u00f6t\u00e9tk\u00e9kben \u2013 \u00e9rhet\u0151 el. Az univerz\u00e1lis m\u00e9ret \u00e9s az \u00e1ll\u00edthat\u00f3 p\u00e1nt biztos\u00edtja, hogy minden fejform\u00e1hoz j\u00f3l illeszkedjen. A sapka min\u0151s\u00e9gi anyagb\u00f3l k\u00e9sz\u00fclt, amely tart\u00f3ss\u00e1got \u00e9s hossz\u00fa \u00e9lettartamot garant\u00e1l. K\u00f6nny\u0171 \u00e9s l\u00e9legz\u0151, \u00edgy eg\u00e9sz nap k\u00e9nyelmes viseletet biztos\u00edt, legyen sz\u00f3 sportol\u00e1sr\u00f3l vagy mindennapi haszn\u00e1latr\u00f3l.","og_url":"https:\/\/philouequestrian.com\/en\/product\/philou-baseball-cap\/","og_site_name":"Philou","article_publisher":"https:\/\/www.facebook.com\/philouequestrian","article_modified_time":"2024-06-12T12:19:32+00:00","og_image":[{"width":1707,"height":2560,"url":"https:\/\/philouequestrian.com\/wp-content\/uploads\/2024\/06\/IMG_2857-scaled.jpg","type":"image\/jpeg"}],"twitter_card":"summary_large_image","schema":{"@context":"https:\/\/schema.org","@graph":[{"@type":"WebPage","@id":"https:\/\/philouequestrian.com\/termek\/philou-baseball-cap\/","url":"https:\/\/philouequestrian.com\/termek\/philou-baseball-cap\/","name":"Philou baseball cap - Philou","isPartOf":{"@id":"https:\/\/philouequestrian.com\/#website"},"primaryImageOfPage":{"@id":"https:\/\/philouequestrian.com\/termek\/philou-baseball-cap\/#primaryimage"},"image":{"@id":"https:\/\/philouequestrian.com\/termek\/philou-baseball-cap\/#primaryimage"},"thumbnailUrl":"https:\/\/philouequestrian.com\/wp-content\/uploads\/2024\/06\/IMG_2857-scaled.jpg","datePublished":"2024-06-12T12:19:31+00:00","dateModified":"2024-06-12T12:19:32+00:00","breadcrumb":{"@id":"https:\/\/philouequestrian.com\/termek\/philou-baseball-cap\/#breadcrumb"},"inLanguage":"en-US","potentialAction":[{"@type":"ReadAction","target":["https:\/\/philouequestrian.com\/termek\/philou-baseball-cap\/"]}]},{"@type":"ImageObject","inLanguage":"en-US","@id":"https:\/\/philouequestrian.com\/termek\/philou-baseball-cap\/#primaryimage","url":"https:\/\/philouequestrian.com\/wp-content\/uploads\/2024\/06\/IMG_2857-scaled.jpg","contentUrl":"https:\/\/philouequestrian.com\/wp-content\/uploads\/2024\/06\/IMG_2857-scaled.jpg","width":1707,"height":2560,"caption":"fekete strasszk\u00f6ves ujj\u00fa versenying 2"},{"@type":"BreadcrumbList","@id":"https:\/\/philouequestrian.com\/termek\/philou-baseball-cap\/#breadcrumb","itemListElement":[{"@type":"ListItem","position":1,"name":"Kezd\u0151lap","item":"https:\/\/philouequestrian.com\/"},{"@type":"ListItem","position":2,"name":"\u00dczlet","item":"https:\/\/philouequestrian.com\/uzlet\/"},{"@type":"ListItem","position":3,"name":"Philou baseball cap"}]},{"@type":"WebSite","@id":"https:\/\/philouequestrian.com\/#website","url":"https:\/\/philouequestrian.com\/","name":"Philou","description":"Equestrian Clothing","publisher":{"@id":"https:\/\/philouequestrian.com\/#organization"},"potentialAction":[{"@type":"SearchAction","target":{"@type":"EntryPoint","urlTemplate":"https:\/\/philouequestrian.com\/?s={search_term_string}"},"query-input":{"@type":"PropertyValueSpecification","valueRequired":true,"valueName":"search_term_string"}}],"inLanguage":"en-US"},{"@type":"Organization","@id":"https:\/\/philouequestrian.com\/#organization","name":"Philou Equestrian Clothing","url":"https:\/\/philouequestrian.com\/","logo":{"@type":"ImageObject","inLanguage":"en-US","@id":"https:\/\/philouequestrian.com\/#\/schema\/logo\/image\/","url":"https:\/\/philouequestrian.com\/wp-content\/uploads\/2022\/05\/philou-wbg.png","contentUrl":"https:\/\/philouequestrian.com\/wp-content\/uploads\/2022\/05\/philou-wbg.png","width":2000,"height":2000,"caption":"Philou Equestrian Clothing"},"image":{"@id":"https:\/\/philouequestrian.com\/#\/schema\/logo\/image\/"},"sameAs":["https:\/\/www.facebook.com\/philouequestrian","https:\/\/www.instagram.com\/philou_equestrian\/"]}]}},"_links":{"self":[{"href":"https:\/\/philouequestrian.com\/en\/wp-json\/wp\/v2\/product\/3388","targetHints":{"allow":["GET"]}}],"collection":[{"href":"https:\/\/philouequestrian.com\/en\/wp-json\/wp\/v2\/product"}],"about":[{"href":"https:\/\/philouequestrian.com\/en\/wp-json\/wp\/v2\/types\/product"}],"wp:featuredmedia":[{"embeddable":true,"href":"https:\/\/philouequestrian.com\/en\/wp-json\/wp\/v2\/media\/3390"}],"wp:attachment":[{"href":"https:\/\/philouequestrian.com\/en\/wp-json\/wp\/v2\/media?parent=3388"}],"wp:term":[{"taxonomy":"product_cat","embeddable":true,"href":"https:\/\/philouequestrian.com\/en\/wp-json\/wp\/v2\/product_cat?post=3388"},{"taxonomy":"product_tag","embeddable":true,"href":"https:\/\/philouequestrian.com\/en\/wp-json\/wp\/v2\/product_tag?post=3388"}],"curies":[{"name":"wp","href":"https:\/\/api.w.org\/{rel}","templated":true}]}}