{"id":3394,"date":"2024-06-12T14:21:34","date_gmt":"2024-06-12T12:21:34","guid":{"rendered":"https:\/\/philouequestrian.com\/?post_type=product&#038;p=3394"},"modified":"2024-06-12T14:25:08","modified_gmt":"2024-06-12T12:25:08","slug":"almost-famous-baseball-cap","status":"publish","type":"product","link":"https:\/\/philouequestrian.com\/en\/product\/almost-famous-baseball-cap\/","title":{"rendered":"Almost famous baseball cap"},"content":{"rendered":"","protected":false},"excerpt":{"rendered":"<p>The Almost Famous Baseball Cap is an elegant and comfortable white baseball cap that fits all head shapes thanks to its universal size and adjustable strap. The cap is made from premium quality materials, ensuring durability and a long lifespan. Its lightweight and breathable fabric provide all-day comfort, making it a perfect accessory for any sporty or casual outfit.<\/p>","protected":false},"featured_media":3398,"template":"","meta":{"_acf_changed":false},"product_cat":[109],"product_tag":[],"class_list":{"0":"post-3394","1":"product","2":"type-product","3":"status-publish","4":"has-post-thumbnail","6":"product_cat-kiegeszitok","8":"first","9":"instock","10":"taxable","11":"shipping-taxable","12":"purchasable","13":"product-type-variable"},"acf":[],"yoast_head":"<!-- This site is optimized with the Yoast SEO plugin v23.8 - https:\/\/yoast.com\/wordpress\/plugins\/seo\/ -->\n<title>Almost famous baseball cap - Philou<\/title>\n<meta name=\"robots\" content=\"index, follow, max-snippet:-1, max-image-preview:large, max-video-preview:-1\" \/>\n<link rel=\"canonical\" href=\"https:\/\/philouequestrian.com\/en\/product\/almost-famous-baseball-cap\/\" \/>\n<meta property=\"og:locale\" content=\"en_US\" \/>\n<meta property=\"og:type\" content=\"article\" \/>\n<meta property=\"og:title\" content=\"Almost famous baseball cap - Philou\" \/>\n<meta property=\"og:description\" content=\"Az Almost Famous Baseball Cap egy eleg\u00e1ns \u00e9s k\u00e9nyelmes feh\u00e9r baseball sapka, amely univerz\u00e1lis m\u00e9ret\u00e9nek \u00e9s \u00e1ll\u00edthat\u00f3 p\u00e1ntj\u00e1nak k\u00f6sz\u00f6nhet\u0151en minden fejform\u00e1hoz illeszkedik. A sapka pr\u00e9mium min\u0151s\u00e9g\u0171 anyagokb\u00f3l k\u00e9sz\u00fclt, \u00edgy tart\u00f3s \u00e9s hossz\u00fa \u00e9lettartam\u00fa. K\u00f6nny\u0171 \u00e9s l\u00e9legz\u0151 anyaga eg\u00e9sz napos k\u00e9nyelmet biztos\u00edt, t\u00f6k\u00e9letes kieg\u00e9sz\u00edt\u0151 b\u00e1rmilyen sportos vagy h\u00e9tk\u00f6znapi \u00f6lt\u00f6z\u00e9khez.\" \/>\n<meta property=\"og:url\" content=\"https:\/\/philouequestrian.com\/en\/product\/almost-famous-baseball-cap\/\" \/>\n<meta property=\"og:site_name\" content=\"Philou\" \/>\n<meta property=\"article:publisher\" content=\"https:\/\/www.facebook.com\/philouequestrian\" \/>\n<meta property=\"article:modified_time\" content=\"2024-06-12T12:25:08+00:00\" \/>\n<meta property=\"og:image\" content=\"https:\/\/philouequestrian.com\/wp-content\/uploads\/2024\/06\/IMG_2911-scaled.jpeg\" \/>\n\t<meta property=\"og:image:width\" content=\"1707\" \/>\n\t<meta property=\"og:image:height\" content=\"2560\" \/>\n\t<meta property=\"og:image:type\" content=\"image\/jpeg\" \/>\n<meta name=\"twitter:card\" content=\"summary_large_image\" \/>\n<script type=\"application\/ld+json\" class=\"yoast-schema-graph\">{\"@context\":\"https:\/\/schema.org\",\"@graph\":[{\"@type\":\"WebPage\",\"@id\":\"https:\/\/philouequestrian.com\/termek\/almost-famous-baseball-cap\/\",\"url\":\"https:\/\/philouequestrian.com\/termek\/almost-famous-baseball-cap\/\",\"name\":\"Almost famous baseball cap - Philou\",\"isPartOf\":{\"@id\":\"https:\/\/philouequestrian.com\/#website\"},\"primaryImageOfPage\":{\"@id\":\"https:\/\/philouequestrian.com\/termek\/almost-famous-baseball-cap\/#primaryimage\"},\"image\":{\"@id\":\"https:\/\/philouequestrian.com\/termek\/almost-famous-baseball-cap\/#primaryimage\"},\"thumbnailUrl\":\"https:\/\/philouequestrian.com\/wp-content\/uploads\/2024\/06\/IMG_2911-scaled.jpeg\",\"datePublished\":\"2024-06-12T12:21:34+00:00\",\"dateModified\":\"2024-06-12T12:25:08+00:00\",\"breadcrumb\":{\"@id\":\"https:\/\/philouequestrian.com\/termek\/almost-famous-baseball-cap\/#breadcrumb\"},\"inLanguage\":\"en-US\",\"potentialAction\":[{\"@type\":\"ReadAction\",\"target\":[\"https:\/\/philouequestrian.com\/termek\/almost-famous-baseball-cap\/\"]}]},{\"@type\":\"ImageObject\",\"inLanguage\":\"en-US\",\"@id\":\"https:\/\/philouequestrian.com\/termek\/almost-famous-baseball-cap\/#primaryimage\",\"url\":\"https:\/\/philouequestrian.com\/wp-content\/uploads\/2024\/06\/IMG_2911-scaled.jpeg\",\"contentUrl\":\"https:\/\/philouequestrian.com\/wp-content\/uploads\/2024\/06\/IMG_2911-scaled.jpeg\",\"width\":1707,\"height\":2560,\"caption\":\"feh\u00e9r, cs\u00edkos mint\u00e1s r\u00f6vidujj\u00fa versenying 3\"},{\"@type\":\"BreadcrumbList\",\"@id\":\"https:\/\/philouequestrian.com\/termek\/almost-famous-baseball-cap\/#breadcrumb\",\"itemListElement\":[{\"@type\":\"ListItem\",\"position\":1,\"name\":\"Kezd\u0151lap\",\"item\":\"https:\/\/philouequestrian.com\/\"},{\"@type\":\"ListItem\",\"position\":2,\"name\":\"\u00dczlet\",\"item\":\"https:\/\/philouequestrian.com\/uzlet\/\"},{\"@type\":\"ListItem\",\"position\":3,\"name\":\"Almost famous baseball cap\"}]},{\"@type\":\"WebSite\",\"@id\":\"https:\/\/philouequestrian.com\/#website\",\"url\":\"https:\/\/philouequestrian.com\/\",\"name\":\"Philou\",\"description\":\"Equestrian Clothing\",\"publisher\":{\"@id\":\"https:\/\/philouequestrian.com\/#organization\"},\"potentialAction\":[{\"@type\":\"SearchAction\",\"target\":{\"@type\":\"EntryPoint\",\"urlTemplate\":\"https:\/\/philouequestrian.com\/?s={search_term_string}\"},\"query-input\":{\"@type\":\"PropertyValueSpecification\",\"valueRequired\":true,\"valueName\":\"search_term_string\"}}],\"inLanguage\":\"en-US\"},{\"@type\":\"Organization\",\"@id\":\"https:\/\/philouequestrian.com\/#organization\",\"name\":\"Philou Equestrian Clothing\",\"url\":\"https:\/\/philouequestrian.com\/\",\"logo\":{\"@type\":\"ImageObject\",\"inLanguage\":\"en-US\",\"@id\":\"https:\/\/philouequestrian.com\/#\/schema\/logo\/image\/\",\"url\":\"https:\/\/philouequestrian.com\/wp-content\/uploads\/2022\/05\/philou-wbg.png\",\"contentUrl\":\"https:\/\/philouequestrian.com\/wp-content\/uploads\/2022\/05\/philou-wbg.png\",\"width\":2000,\"height\":2000,\"caption\":\"Philou Equestrian Clothing\"},\"image\":{\"@id\":\"https:\/\/philouequestrian.com\/#\/schema\/logo\/image\/\"},\"sameAs\":[\"https:\/\/www.facebook.com\/philouequestrian\",\"https:\/\/www.instagram.com\/philou_equestrian\/\"]}]}<\/script>\n<!-- \/ Yoast SEO plugin. -->","yoast_head_json":{"title":"Almost famous baseball cap - Philou","robots":{"index":"index","follow":"follow","max-snippet":"max-snippet:-1","max-image-preview":"max-image-preview:large","max-video-preview":"max-video-preview:-1"},"canonical":"https:\/\/philouequestrian.com\/en\/product\/almost-famous-baseball-cap\/","og_locale":"en_US","og_type":"article","og_title":"Almost famous baseball cap - Philou","og_description":"Az Almost Famous Baseball Cap egy eleg\u00e1ns \u00e9s k\u00e9nyelmes feh\u00e9r baseball sapka, amely univerz\u00e1lis m\u00e9ret\u00e9nek \u00e9s \u00e1ll\u00edthat\u00f3 p\u00e1ntj\u00e1nak k\u00f6sz\u00f6nhet\u0151en minden fejform\u00e1hoz illeszkedik. A sapka pr\u00e9mium min\u0151s\u00e9g\u0171 anyagokb\u00f3l k\u00e9sz\u00fclt, \u00edgy tart\u00f3s \u00e9s hossz\u00fa \u00e9lettartam\u00fa. K\u00f6nny\u0171 \u00e9s l\u00e9legz\u0151 anyaga eg\u00e9sz napos k\u00e9nyelmet biztos\u00edt, t\u00f6k\u00e9letes kieg\u00e9sz\u00edt\u0151 b\u00e1rmilyen sportos vagy h\u00e9tk\u00f6znapi \u00f6lt\u00f6z\u00e9khez.","og_url":"https:\/\/philouequestrian.com\/en\/product\/almost-famous-baseball-cap\/","og_site_name":"Philou","article_publisher":"https:\/\/www.facebook.com\/philouequestrian","article_modified_time":"2024-06-12T12:25:08+00:00","og_image":[{"width":1707,"height":2560,"url":"https:\/\/philouequestrian.com\/wp-content\/uploads\/2024\/06\/IMG_2911-scaled.jpeg","type":"image\/jpeg"}],"twitter_card":"summary_large_image","schema":{"@context":"https:\/\/schema.org","@graph":[{"@type":"WebPage","@id":"https:\/\/philouequestrian.com\/termek\/almost-famous-baseball-cap\/","url":"https:\/\/philouequestrian.com\/termek\/almost-famous-baseball-cap\/","name":"Almost famous baseball cap - Philou","isPartOf":{"@id":"https:\/\/philouequestrian.com\/#website"},"primaryImageOfPage":{"@id":"https:\/\/philouequestrian.com\/termek\/almost-famous-baseball-cap\/#primaryimage"},"image":{"@id":"https:\/\/philouequestrian.com\/termek\/almost-famous-baseball-cap\/#primaryimage"},"thumbnailUrl":"https:\/\/philouequestrian.com\/wp-content\/uploads\/2024\/06\/IMG_2911-scaled.jpeg","datePublished":"2024-06-12T12:21:34+00:00","dateModified":"2024-06-12T12:25:08+00:00","breadcrumb":{"@id":"https:\/\/philouequestrian.com\/termek\/almost-famous-baseball-cap\/#breadcrumb"},"inLanguage":"en-US","potentialAction":[{"@type":"ReadAction","target":["https:\/\/philouequestrian.com\/termek\/almost-famous-baseball-cap\/"]}]},{"@type":"ImageObject","inLanguage":"en-US","@id":"https:\/\/philouequestrian.com\/termek\/almost-famous-baseball-cap\/#primaryimage","url":"https:\/\/philouequestrian.com\/wp-content\/uploads\/2024\/06\/IMG_2911-scaled.jpeg","contentUrl":"https:\/\/philouequestrian.com\/wp-content\/uploads\/2024\/06\/IMG_2911-scaled.jpeg","width":1707,"height":2560,"caption":"feh\u00e9r, cs\u00edkos mint\u00e1s r\u00f6vidujj\u00fa versenying 3"},{"@type":"BreadcrumbList","@id":"https:\/\/philouequestrian.com\/termek\/almost-famous-baseball-cap\/#breadcrumb","itemListElement":[{"@type":"ListItem","position":1,"name":"Kezd\u0151lap","item":"https:\/\/philouequestrian.com\/"},{"@type":"ListItem","position":2,"name":"\u00dczlet","item":"https:\/\/philouequestrian.com\/uzlet\/"},{"@type":"ListItem","position":3,"name":"Almost famous baseball cap"}]},{"@type":"WebSite","@id":"https:\/\/philouequestrian.com\/#website","url":"https:\/\/philouequestrian.com\/","name":"Philou","description":"Equestrian Clothing","publisher":{"@id":"https:\/\/philouequestrian.com\/#organization"},"potentialAction":[{"@type":"SearchAction","target":{"@type":"EntryPoint","urlTemplate":"https:\/\/philouequestrian.com\/?s={search_term_string}"},"query-input":{"@type":"PropertyValueSpecification","valueRequired":true,"valueName":"search_term_string"}}],"inLanguage":"en-US"},{"@type":"Organization","@id":"https:\/\/philouequestrian.com\/#organization","name":"Philou Equestrian Clothing","url":"https:\/\/philouequestrian.com\/","logo":{"@type":"ImageObject","inLanguage":"en-US","@id":"https:\/\/philouequestrian.com\/#\/schema\/logo\/image\/","url":"https:\/\/philouequestrian.com\/wp-content\/uploads\/2022\/05\/philou-wbg.png","contentUrl":"https:\/\/philouequestrian.com\/wp-content\/uploads\/2022\/05\/philou-wbg.png","width":2000,"height":2000,"caption":"Philou Equestrian Clothing"},"image":{"@id":"https:\/\/philouequestrian.com\/#\/schema\/logo\/image\/"},"sameAs":["https:\/\/www.facebook.com\/philouequestrian","https:\/\/www.instagram.com\/philou_equestrian\/"]}]}},"_links":{"self":[{"href":"https:\/\/philouequestrian.com\/en\/wp-json\/wp\/v2\/product\/3394","targetHints":{"allow":["GET"]}}],"collection":[{"href":"https:\/\/philouequestrian.com\/en\/wp-json\/wp\/v2\/product"}],"about":[{"href":"https:\/\/philouequestrian.com\/en\/wp-json\/wp\/v2\/types\/product"}],"wp:featuredmedia":[{"embeddable":true,"href":"https:\/\/philouequestrian.com\/en\/wp-json\/wp\/v2\/media\/3398"}],"wp:attachment":[{"href":"https:\/\/philouequestrian.com\/en\/wp-json\/wp\/v2\/media?parent=3394"}],"wp:term":[{"taxonomy":"product_cat","embeddable":true,"href":"https:\/\/philouequestrian.com\/en\/wp-json\/wp\/v2\/product_cat?post=3394"},{"taxonomy":"product_tag","embeddable":true,"href":"https:\/\/philouequestrian.com\/en\/wp-json\/wp\/v2\/product_tag?post=3394"}],"curies":[{"name":"wp","href":"https:\/\/api.w.org\/{rel}","templated":true}]}}