{"id":3625,"date":"2024-10-21T10:52:08","date_gmt":"2024-10-21T08:52:08","guid":{"rendered":"https:\/\/philouequestrian.com\/?post_type=product&#038;p=3625"},"modified":"2026-03-10T15:51:42","modified_gmt":"2026-03-10T13:51:42","slug":"show-jacket","status":"publish","type":"product","link":"https:\/\/philouequestrian.com\/en\/product\/show-jacket\/","title":{"rendered":"Show jacket"},"content":{"rendered":"","protected":false},"excerpt":{"rendered":"<p>Dark blue, made of very stretchy, lightweight material, with a slim fit. It's fantastically comfortable. It can be chosen with any color border. Pink is in stock, the preparation time for the other colors is\u00a0about\u00a010\u00a0days.  <\/p>","protected":false},"featured_media":3627,"template":"","meta":{"_acf_changed":false},"product_cat":[99,143],"product_tag":[],"class_list":{"0":"post-3625","1":"product","2":"type-product","3":"status-publish","4":"has-post-thumbnail","6":"product_cat-noi","7":"product_cat-noi-lovas-versenyzako","9":"first","10":"instock","11":"taxable","12":"shipping-taxable","13":"purchasable","14":"product-type-variable"},"acf":[],"yoast_head":"<!-- This site is optimized with the Yoast SEO plugin v23.8 - https:\/\/yoast.com\/wordpress\/plugins\/seo\/ -->\n<title>Show jacket - Philou<\/title>\n<meta name=\"robots\" content=\"index, follow, max-snippet:-1, max-image-preview:large, max-video-preview:-1\" \/>\n<link rel=\"canonical\" href=\"https:\/\/philouequestrian.com\/en\/product\/show-jacket\/\" \/>\n<meta property=\"og:locale\" content=\"en_US\" \/>\n<meta property=\"og:type\" content=\"article\" \/>\n<meta property=\"og:title\" content=\"Show jacket - Philou\" \/>\n<meta property=\"og:description\" content=\"S\u00f6t\u00e9tk\u00e9k nagyon sztreccs, k\u00f6nny\u0171 anyagb\u00f3l k\u00e9sz\u00fclt, karcs\u00fas\u00edtott testhez \u00e1ll\u00f3 szab\u00e1ssal. Fantasztikusan k\u00e9nyelmes. B\u00e1rmilyen sz\u00edn\u0171 szeg\u00e9llyel v\u00e1laszthat\u00f3. A pink van k\u00e9szleten a t\u00f6bbi sz\u00edn elk\u00e9sz\u00edt\u00e9si ideje kb 10 nap.\" \/>\n<meta property=\"og:url\" content=\"https:\/\/philouequestrian.com\/en\/product\/show-jacket\/\" \/>\n<meta property=\"og:site_name\" content=\"Philou\" \/>\n<meta property=\"article:publisher\" content=\"https:\/\/www.facebook.com\/philouequestrian\" \/>\n<meta property=\"article:modified_time\" content=\"2026-03-10T13:51:42+00:00\" \/>\n<meta property=\"og:image\" content=\"https:\/\/philouequestrian.com\/wp-content\/uploads\/2024\/10\/IMG_6200-scaled.jpg\" \/>\n\t<meta property=\"og:image:width\" content=\"1655\" \/>\n\t<meta property=\"og:image:height\" content=\"2560\" \/>\n\t<meta property=\"og:image:type\" content=\"image\/jpeg\" \/>\n<meta name=\"twitter:card\" content=\"summary_large_image\" \/>\n<meta name=\"twitter:label1\" content=\"Est. reading time\" \/>\n\t<meta name=\"twitter:data1\" content=\"1 minute\" \/>\n<script type=\"application\/ld+json\" class=\"yoast-schema-graph\">{\"@context\":\"https:\/\/schema.org\",\"@graph\":[{\"@type\":\"WebPage\",\"@id\":\"https:\/\/philouequestrian.com\/termek\/show-jacket\/\",\"url\":\"https:\/\/philouequestrian.com\/termek\/show-jacket\/\",\"name\":\"Show jacket - Philou\",\"isPartOf\":{\"@id\":\"https:\/\/philouequestrian.com\/#website\"},\"primaryImageOfPage\":{\"@id\":\"https:\/\/philouequestrian.com\/termek\/show-jacket\/#primaryimage\"},\"image\":{\"@id\":\"https:\/\/philouequestrian.com\/termek\/show-jacket\/#primaryimage\"},\"thumbnailUrl\":\"https:\/\/philouequestrian.com\/wp-content\/uploads\/2024\/10\/IMG_6200-scaled.jpg\",\"datePublished\":\"2024-10-21T08:52:08+00:00\",\"dateModified\":\"2026-03-10T13:51:42+00:00\",\"breadcrumb\":{\"@id\":\"https:\/\/philouequestrian.com\/termek\/show-jacket\/#breadcrumb\"},\"inLanguage\":\"en-US\",\"potentialAction\":[{\"@type\":\"ReadAction\",\"target\":[\"https:\/\/philouequestrian.com\/termek\/show-jacket\/\"]}]},{\"@type\":\"ImageObject\",\"inLanguage\":\"en-US\",\"@id\":\"https:\/\/philouequestrian.com\/termek\/show-jacket\/#primaryimage\",\"url\":\"https:\/\/philouequestrian.com\/wp-content\/uploads\/2024\/10\/IMG_6200-scaled.jpg\",\"contentUrl\":\"https:\/\/philouequestrian.com\/wp-content\/uploads\/2024\/10\/IMG_6200-scaled.jpg\",\"width\":1655,\"height\":2560,\"caption\":\"d\u00edjugrat\u00f3 zak\u00f3\"},{\"@type\":\"BreadcrumbList\",\"@id\":\"https:\/\/philouequestrian.com\/termek\/show-jacket\/#breadcrumb\",\"itemListElement\":[{\"@type\":\"ListItem\",\"position\":1,\"name\":\"Kezd\u0151lap\",\"item\":\"https:\/\/philouequestrian.com\/\"},{\"@type\":\"ListItem\",\"position\":2,\"name\":\"\u00dczlet\",\"item\":\"https:\/\/philouequestrian.com\/uzlet\/\"},{\"@type\":\"ListItem\",\"position\":3,\"name\":\"Show jacket\"}]},{\"@type\":\"WebSite\",\"@id\":\"https:\/\/philouequestrian.com\/#website\",\"url\":\"https:\/\/philouequestrian.com\/\",\"name\":\"Philou\",\"description\":\"Equestrian Clothing\",\"publisher\":{\"@id\":\"https:\/\/philouequestrian.com\/#organization\"},\"potentialAction\":[{\"@type\":\"SearchAction\",\"target\":{\"@type\":\"EntryPoint\",\"urlTemplate\":\"https:\/\/philouequestrian.com\/?s={search_term_string}\"},\"query-input\":{\"@type\":\"PropertyValueSpecification\",\"valueRequired\":true,\"valueName\":\"search_term_string\"}}],\"inLanguage\":\"en-US\"},{\"@type\":\"Organization\",\"@id\":\"https:\/\/philouequestrian.com\/#organization\",\"name\":\"Philou Equestrian Clothing\",\"url\":\"https:\/\/philouequestrian.com\/\",\"logo\":{\"@type\":\"ImageObject\",\"inLanguage\":\"en-US\",\"@id\":\"https:\/\/philouequestrian.com\/#\/schema\/logo\/image\/\",\"url\":\"https:\/\/philouequestrian.com\/wp-content\/uploads\/2022\/05\/philou-wbg.png\",\"contentUrl\":\"https:\/\/philouequestrian.com\/wp-content\/uploads\/2022\/05\/philou-wbg.png\",\"width\":2000,\"height\":2000,\"caption\":\"Philou Equestrian Clothing\"},\"image\":{\"@id\":\"https:\/\/philouequestrian.com\/#\/schema\/logo\/image\/\"},\"sameAs\":[\"https:\/\/www.facebook.com\/philouequestrian\",\"https:\/\/www.instagram.com\/philou_equestrian\/\"]}]}<\/script>\n<!-- \/ Yoast SEO plugin. -->","yoast_head_json":{"title":"Show jacket - Philou","robots":{"index":"index","follow":"follow","max-snippet":"max-snippet:-1","max-image-preview":"max-image-preview:large","max-video-preview":"max-video-preview:-1"},"canonical":"https:\/\/philouequestrian.com\/en\/product\/show-jacket\/","og_locale":"en_US","og_type":"article","og_title":"Show jacket - Philou","og_description":"S\u00f6t\u00e9tk\u00e9k nagyon sztreccs, k\u00f6nny\u0171 anyagb\u00f3l k\u00e9sz\u00fclt, karcs\u00fas\u00edtott testhez \u00e1ll\u00f3 szab\u00e1ssal. Fantasztikusan k\u00e9nyelmes. B\u00e1rmilyen sz\u00edn\u0171 szeg\u00e9llyel v\u00e1laszthat\u00f3. A pink van k\u00e9szleten a t\u00f6bbi sz\u00edn elk\u00e9sz\u00edt\u00e9si ideje kb 10 nap.","og_url":"https:\/\/philouequestrian.com\/en\/product\/show-jacket\/","og_site_name":"Philou","article_publisher":"https:\/\/www.facebook.com\/philouequestrian","article_modified_time":"2026-03-10T13:51:42+00:00","og_image":[{"width":1655,"height":2560,"url":"https:\/\/philouequestrian.com\/wp-content\/uploads\/2024\/10\/IMG_6200-scaled.jpg","type":"image\/jpeg"}],"twitter_card":"summary_large_image","twitter_misc":{"Est. reading time":"1 minute"},"schema":{"@context":"https:\/\/schema.org","@graph":[{"@type":"WebPage","@id":"https:\/\/philouequestrian.com\/termek\/show-jacket\/","url":"https:\/\/philouequestrian.com\/termek\/show-jacket\/","name":"Show jacket - Philou","isPartOf":{"@id":"https:\/\/philouequestrian.com\/#website"},"primaryImageOfPage":{"@id":"https:\/\/philouequestrian.com\/termek\/show-jacket\/#primaryimage"},"image":{"@id":"https:\/\/philouequestrian.com\/termek\/show-jacket\/#primaryimage"},"thumbnailUrl":"https:\/\/philouequestrian.com\/wp-content\/uploads\/2024\/10\/IMG_6200-scaled.jpg","datePublished":"2024-10-21T08:52:08+00:00","dateModified":"2026-03-10T13:51:42+00:00","breadcrumb":{"@id":"https:\/\/philouequestrian.com\/termek\/show-jacket\/#breadcrumb"},"inLanguage":"en-US","potentialAction":[{"@type":"ReadAction","target":["https:\/\/philouequestrian.com\/termek\/show-jacket\/"]}]},{"@type":"ImageObject","inLanguage":"en-US","@id":"https:\/\/philouequestrian.com\/termek\/show-jacket\/#primaryimage","url":"https:\/\/philouequestrian.com\/wp-content\/uploads\/2024\/10\/IMG_6200-scaled.jpg","contentUrl":"https:\/\/philouequestrian.com\/wp-content\/uploads\/2024\/10\/IMG_6200-scaled.jpg","width":1655,"height":2560,"caption":"d\u00edjugrat\u00f3 zak\u00f3"},{"@type":"BreadcrumbList","@id":"https:\/\/philouequestrian.com\/termek\/show-jacket\/#breadcrumb","itemListElement":[{"@type":"ListItem","position":1,"name":"Kezd\u0151lap","item":"https:\/\/philouequestrian.com\/"},{"@type":"ListItem","position":2,"name":"\u00dczlet","item":"https:\/\/philouequestrian.com\/uzlet\/"},{"@type":"ListItem","position":3,"name":"Show jacket"}]},{"@type":"WebSite","@id":"https:\/\/philouequestrian.com\/#website","url":"https:\/\/philouequestrian.com\/","name":"Philou","description":"Equestrian Clothing","publisher":{"@id":"https:\/\/philouequestrian.com\/#organization"},"potentialAction":[{"@type":"SearchAction","target":{"@type":"EntryPoint","urlTemplate":"https:\/\/philouequestrian.com\/?s={search_term_string}"},"query-input":{"@type":"PropertyValueSpecification","valueRequired":true,"valueName":"search_term_string"}}],"inLanguage":"en-US"},{"@type":"Organization","@id":"https:\/\/philouequestrian.com\/#organization","name":"Philou Equestrian Clothing","url":"https:\/\/philouequestrian.com\/","logo":{"@type":"ImageObject","inLanguage":"en-US","@id":"https:\/\/philouequestrian.com\/#\/schema\/logo\/image\/","url":"https:\/\/philouequestrian.com\/wp-content\/uploads\/2022\/05\/philou-wbg.png","contentUrl":"https:\/\/philouequestrian.com\/wp-content\/uploads\/2022\/05\/philou-wbg.png","width":2000,"height":2000,"caption":"Philou Equestrian Clothing"},"image":{"@id":"https:\/\/philouequestrian.com\/#\/schema\/logo\/image\/"},"sameAs":["https:\/\/www.facebook.com\/philouequestrian","https:\/\/www.instagram.com\/philou_equestrian\/"]}]}},"_links":{"self":[{"href":"https:\/\/philouequestrian.com\/en\/wp-json\/wp\/v2\/product\/3625","targetHints":{"allow":["GET"]}}],"collection":[{"href":"https:\/\/philouequestrian.com\/en\/wp-json\/wp\/v2\/product"}],"about":[{"href":"https:\/\/philouequestrian.com\/en\/wp-json\/wp\/v2\/types\/product"}],"wp:featuredmedia":[{"embeddable":true,"href":"https:\/\/philouequestrian.com\/en\/wp-json\/wp\/v2\/media\/3627"}],"wp:attachment":[{"href":"https:\/\/philouequestrian.com\/en\/wp-json\/wp\/v2\/media?parent=3625"}],"wp:term":[{"taxonomy":"product_cat","embeddable":true,"href":"https:\/\/philouequestrian.com\/en\/wp-json\/wp\/v2\/product_cat?post=3625"},{"taxonomy":"product_tag","embeddable":true,"href":"https:\/\/philouequestrian.com\/en\/wp-json\/wp\/v2\/product_tag?post=3625"}],"curies":[{"name":"wp","href":"https:\/\/api.w.org\/{rel}","templated":true}]}}