{"id":4021,"date":"2025-06-19T13:55:33","date_gmt":"2025-06-19T11:55:33","guid":{"rendered":"https:\/\/philouequestrian.com\/?post_type=product&#038;p=4021"},"modified":"2025-06-19T13:58:42","modified_gmt":"2025-06-19T11:58:42","slug":"corall-shirt","status":"publish","type":"product","link":"https:\/\/philouequestrian.com\/en\/product\/corall-shirt\/","title":{"rendered":"Corall Shirt"},"content":{"rendered":"","protected":false},"excerpt":{"rendered":"<p>This women's riding shirt is the perfect choice for any competition with its modern look and technical features. The coral-colored, elastic material is not only elegant but also functional: it wicks away sweat, ensuring comfort even during prolonged use. It has a spectacular rhinestone decoration on the neck, which makes this piece especially stylish on the racetrack.<\/p>","protected":false},"featured_media":4028,"template":"","meta":{"_acf_changed":false},"product_cat":[23],"product_tag":[],"class_list":{"0":"post-4021","1":"product","2":"type-product","3":"status-publish","4":"has-post-thumbnail","6":"product_cat-noi-lovas-versenying","8":"first","9":"instock","10":"taxable","11":"shipping-taxable","12":"purchasable","13":"product-type-variable"},"acf":[],"yoast_head":"<!-- This site is optimized with the Yoast SEO plugin v23.8 - https:\/\/yoast.com\/wordpress\/plugins\/seo\/ -->\n<title>Corall Shirt - Philou<\/title>\n<meta name=\"robots\" content=\"index, follow, max-snippet:-1, max-image-preview:large, max-video-preview:-1\" \/>\n<link rel=\"canonical\" href=\"https:\/\/philouequestrian.com\/en\/product\/corall-shirt\/\" \/>\n<meta property=\"og:locale\" content=\"en_US\" \/>\n<meta property=\"og:type\" content=\"article\" \/>\n<meta property=\"og:title\" content=\"Corall Shirt - Philou\" \/>\n<meta property=\"og:description\" content=\"Ez a n\u0151i lovas versenying modern megjelen\u00e9s\u00e9vel \u00e9s technikai tulajdons\u00e1gaival t\u00f6k\u00e9letes v\u00e1laszt\u00e1s b\u00e1rmely versenyre. A korall sz\u00edn\u0171, rugalmas anyag nemcsak eleg\u00e1ns, hanem funkcion\u00e1lis is: kiv\u00e1l\u00f3an vezeti el az izzads\u00e1got, \u00edgy k\u00e9nyelmes viseletet biztos\u00edt ak\u00e1r hosszabb haszn\u00e1lat sor\u00e1n is. A nyak\u00e1n l\u00e1tv\u00e1nyos strasszk\u0151 d\u00edsz\u00edt\u00e9st kapott, ami k\u00fcl\u00f6n\u00f6sen st\u00edlusoss\u00e1 teszi ezt a darabot a versenyp\u00e1ly\u00e1n.\" \/>\n<meta property=\"og:url\" content=\"https:\/\/philouequestrian.com\/en\/product\/corall-shirt\/\" \/>\n<meta property=\"og:site_name\" content=\"Philou\" \/>\n<meta property=\"article:publisher\" content=\"https:\/\/www.facebook.com\/philouequestrian\" \/>\n<meta property=\"article:modified_time\" content=\"2025-06-19T11:58:42+00:00\" \/>\n<meta property=\"og:image\" content=\"https:\/\/philouequestrian.com\/wp-content\/uploads\/2025\/06\/IMG_1135-scaled.jpg\" \/>\n\t<meta property=\"og:image:width\" content=\"1707\" \/>\n\t<meta property=\"og:image:height\" content=\"2560\" \/>\n\t<meta property=\"og:image:type\" content=\"image\/jpeg\" \/>\n<meta name=\"twitter:card\" content=\"summary_large_image\" \/>\n<meta name=\"twitter:label1\" content=\"Est. reading time\" \/>\n\t<meta name=\"twitter:data1\" content=\"1 minute\" \/>\n<script type=\"application\/ld+json\" class=\"yoast-schema-graph\">{\"@context\":\"https:\/\/schema.org\",\"@graph\":[{\"@type\":\"WebPage\",\"@id\":\"https:\/\/philouequestrian.com\/termek\/corall-shirt\/\",\"url\":\"https:\/\/philouequestrian.com\/termek\/corall-shirt\/\",\"name\":\"Corall Shirt - Philou\",\"isPartOf\":{\"@id\":\"https:\/\/philouequestrian.com\/#website\"},\"primaryImageOfPage\":{\"@id\":\"https:\/\/philouequestrian.com\/termek\/corall-shirt\/#primaryimage\"},\"image\":{\"@id\":\"https:\/\/philouequestrian.com\/termek\/corall-shirt\/#primaryimage\"},\"thumbnailUrl\":\"https:\/\/philouequestrian.com\/wp-content\/uploads\/2025\/06\/IMG_1135-scaled.jpg\",\"datePublished\":\"2025-06-19T11:55:33+00:00\",\"dateModified\":\"2025-06-19T11:58:42+00:00\",\"breadcrumb\":{\"@id\":\"https:\/\/philouequestrian.com\/termek\/corall-shirt\/#breadcrumb\"},\"inLanguage\":\"en-US\",\"potentialAction\":[{\"@type\":\"ReadAction\",\"target\":[\"https:\/\/philouequestrian.com\/termek\/corall-shirt\/\"]}]},{\"@type\":\"ImageObject\",\"inLanguage\":\"en-US\",\"@id\":\"https:\/\/philouequestrian.com\/termek\/corall-shirt\/#primaryimage\",\"url\":\"https:\/\/philouequestrian.com\/wp-content\/uploads\/2025\/06\/IMG_1135-scaled.jpg\",\"contentUrl\":\"https:\/\/philouequestrian.com\/wp-content\/uploads\/2025\/06\/IMG_1135-scaled.jpg\",\"width\":1707,\"height\":2560,\"caption\":\"korall sz\u00edn\u0171 versenying 2\"},{\"@type\":\"BreadcrumbList\",\"@id\":\"https:\/\/philouequestrian.com\/termek\/corall-shirt\/#breadcrumb\",\"itemListElement\":[{\"@type\":\"ListItem\",\"position\":1,\"name\":\"Kezd\u0151lap\",\"item\":\"https:\/\/philouequestrian.com\/\"},{\"@type\":\"ListItem\",\"position\":2,\"name\":\"\u00dczlet\",\"item\":\"https:\/\/philouequestrian.com\/uzlet\/\"},{\"@type\":\"ListItem\",\"position\":3,\"name\":\"Corall Shirt\"}]},{\"@type\":\"WebSite\",\"@id\":\"https:\/\/philouequestrian.com\/#website\",\"url\":\"https:\/\/philouequestrian.com\/\",\"name\":\"Philou\",\"description\":\"Equestrian Clothing\",\"publisher\":{\"@id\":\"https:\/\/philouequestrian.com\/#organization\"},\"potentialAction\":[{\"@type\":\"SearchAction\",\"target\":{\"@type\":\"EntryPoint\",\"urlTemplate\":\"https:\/\/philouequestrian.com\/?s={search_term_string}\"},\"query-input\":{\"@type\":\"PropertyValueSpecification\",\"valueRequired\":true,\"valueName\":\"search_term_string\"}}],\"inLanguage\":\"en-US\"},{\"@type\":\"Organization\",\"@id\":\"https:\/\/philouequestrian.com\/#organization\",\"name\":\"Philou Equestrian Clothing\",\"url\":\"https:\/\/philouequestrian.com\/\",\"logo\":{\"@type\":\"ImageObject\",\"inLanguage\":\"en-US\",\"@id\":\"https:\/\/philouequestrian.com\/#\/schema\/logo\/image\/\",\"url\":\"https:\/\/philouequestrian.com\/wp-content\/uploads\/2022\/05\/philou-wbg.png\",\"contentUrl\":\"https:\/\/philouequestrian.com\/wp-content\/uploads\/2022\/05\/philou-wbg.png\",\"width\":2000,\"height\":2000,\"caption\":\"Philou Equestrian Clothing\"},\"image\":{\"@id\":\"https:\/\/philouequestrian.com\/#\/schema\/logo\/image\/\"},\"sameAs\":[\"https:\/\/www.facebook.com\/philouequestrian\",\"https:\/\/www.instagram.com\/philou_equestrian\/\"]}]}<\/script>\n<!-- \/ Yoast SEO plugin. -->","yoast_head_json":{"title":"Corall Shirt - Philou","robots":{"index":"index","follow":"follow","max-snippet":"max-snippet:-1","max-image-preview":"max-image-preview:large","max-video-preview":"max-video-preview:-1"},"canonical":"https:\/\/philouequestrian.com\/en\/product\/corall-shirt\/","og_locale":"en_US","og_type":"article","og_title":"Corall Shirt - Philou","og_description":"Ez a n\u0151i lovas versenying modern megjelen\u00e9s\u00e9vel \u00e9s technikai tulajdons\u00e1gaival t\u00f6k\u00e9letes v\u00e1laszt\u00e1s b\u00e1rmely versenyre. A korall sz\u00edn\u0171, rugalmas anyag nemcsak eleg\u00e1ns, hanem funkcion\u00e1lis is: kiv\u00e1l\u00f3an vezeti el az izzads\u00e1got, \u00edgy k\u00e9nyelmes viseletet biztos\u00edt ak\u00e1r hosszabb haszn\u00e1lat sor\u00e1n is. A nyak\u00e1n l\u00e1tv\u00e1nyos strasszk\u0151 d\u00edsz\u00edt\u00e9st kapott, ami k\u00fcl\u00f6n\u00f6sen st\u00edlusoss\u00e1 teszi ezt a darabot a versenyp\u00e1ly\u00e1n.","og_url":"https:\/\/philouequestrian.com\/en\/product\/corall-shirt\/","og_site_name":"Philou","article_publisher":"https:\/\/www.facebook.com\/philouequestrian","article_modified_time":"2025-06-19T11:58:42+00:00","og_image":[{"width":1707,"height":2560,"url":"https:\/\/philouequestrian.com\/wp-content\/uploads\/2025\/06\/IMG_1135-scaled.jpg","type":"image\/jpeg"}],"twitter_card":"summary_large_image","twitter_misc":{"Est. reading time":"1 minute"},"schema":{"@context":"https:\/\/schema.org","@graph":[{"@type":"WebPage","@id":"https:\/\/philouequestrian.com\/termek\/corall-shirt\/","url":"https:\/\/philouequestrian.com\/termek\/corall-shirt\/","name":"Corall Shirt - Philou","isPartOf":{"@id":"https:\/\/philouequestrian.com\/#website"},"primaryImageOfPage":{"@id":"https:\/\/philouequestrian.com\/termek\/corall-shirt\/#primaryimage"},"image":{"@id":"https:\/\/philouequestrian.com\/termek\/corall-shirt\/#primaryimage"},"thumbnailUrl":"https:\/\/philouequestrian.com\/wp-content\/uploads\/2025\/06\/IMG_1135-scaled.jpg","datePublished":"2025-06-19T11:55:33+00:00","dateModified":"2025-06-19T11:58:42+00:00","breadcrumb":{"@id":"https:\/\/philouequestrian.com\/termek\/corall-shirt\/#breadcrumb"},"inLanguage":"en-US","potentialAction":[{"@type":"ReadAction","target":["https:\/\/philouequestrian.com\/termek\/corall-shirt\/"]}]},{"@type":"ImageObject","inLanguage":"en-US","@id":"https:\/\/philouequestrian.com\/termek\/corall-shirt\/#primaryimage","url":"https:\/\/philouequestrian.com\/wp-content\/uploads\/2025\/06\/IMG_1135-scaled.jpg","contentUrl":"https:\/\/philouequestrian.com\/wp-content\/uploads\/2025\/06\/IMG_1135-scaled.jpg","width":1707,"height":2560,"caption":"korall sz\u00edn\u0171 versenying 2"},{"@type":"BreadcrumbList","@id":"https:\/\/philouequestrian.com\/termek\/corall-shirt\/#breadcrumb","itemListElement":[{"@type":"ListItem","position":1,"name":"Kezd\u0151lap","item":"https:\/\/philouequestrian.com\/"},{"@type":"ListItem","position":2,"name":"\u00dczlet","item":"https:\/\/philouequestrian.com\/uzlet\/"},{"@type":"ListItem","position":3,"name":"Corall Shirt"}]},{"@type":"WebSite","@id":"https:\/\/philouequestrian.com\/#website","url":"https:\/\/philouequestrian.com\/","name":"Philou","description":"Equestrian Clothing","publisher":{"@id":"https:\/\/philouequestrian.com\/#organization"},"potentialAction":[{"@type":"SearchAction","target":{"@type":"EntryPoint","urlTemplate":"https:\/\/philouequestrian.com\/?s={search_term_string}"},"query-input":{"@type":"PropertyValueSpecification","valueRequired":true,"valueName":"search_term_string"}}],"inLanguage":"en-US"},{"@type":"Organization","@id":"https:\/\/philouequestrian.com\/#organization","name":"Philou Equestrian Clothing","url":"https:\/\/philouequestrian.com\/","logo":{"@type":"ImageObject","inLanguage":"en-US","@id":"https:\/\/philouequestrian.com\/#\/schema\/logo\/image\/","url":"https:\/\/philouequestrian.com\/wp-content\/uploads\/2022\/05\/philou-wbg.png","contentUrl":"https:\/\/philouequestrian.com\/wp-content\/uploads\/2022\/05\/philou-wbg.png","width":2000,"height":2000,"caption":"Philou Equestrian Clothing"},"image":{"@id":"https:\/\/philouequestrian.com\/#\/schema\/logo\/image\/"},"sameAs":["https:\/\/www.facebook.com\/philouequestrian","https:\/\/www.instagram.com\/philou_equestrian\/"]}]}},"_links":{"self":[{"href":"https:\/\/philouequestrian.com\/en\/wp-json\/wp\/v2\/product\/4021","targetHints":{"allow":["GET"]}}],"collection":[{"href":"https:\/\/philouequestrian.com\/en\/wp-json\/wp\/v2\/product"}],"about":[{"href":"https:\/\/philouequestrian.com\/en\/wp-json\/wp\/v2\/types\/product"}],"wp:featuredmedia":[{"embeddable":true,"href":"https:\/\/philouequestrian.com\/en\/wp-json\/wp\/v2\/media\/4028"}],"wp:attachment":[{"href":"https:\/\/philouequestrian.com\/en\/wp-json\/wp\/v2\/media?parent=4021"}],"wp:term":[{"taxonomy":"product_cat","embeddable":true,"href":"https:\/\/philouequestrian.com\/en\/wp-json\/wp\/v2\/product_cat?post=4021"},{"taxonomy":"product_tag","embeddable":true,"href":"https:\/\/philouequestrian.com\/en\/wp-json\/wp\/v2\/product_tag?post=4021"}],"curies":[{"name":"wp","href":"https:\/\/api.w.org\/{rel}","templated":true}]}}