{"id":4238,"date":"2025-10-08T15:18:00","date_gmt":"2025-10-08T13:18:00","guid":{"rendered":"https:\/\/philouequestrian.com\/?post_type=product&#038;p=4238"},"modified":"2025-10-08T15:18:37","modified_gmt":"2025-10-08T13:18:37","slug":"steel-blue-pattern-shirt","status":"publish","type":"product","link":"https:\/\/philouequestrian.com\/en\/product\/steel-blue-pattern-shirt\/","title":{"rendered":"Steel Blue Pattern Shirt"},"content":{"rendered":"","protected":false},"excerpt":{"rendered":"<p>This short-sleeved women's equestrian competition shirt offers a stylish look and excellent performance. The sporty, stretchy technical fabric is flexible, breathable and effectively wicks away sweat, making it an ideal choice for intense competition situations. The small, sparkling crystal decoration on the chest the top a subtle elegance, while maintaining its sporty character, while at the same time recalling classic competition wear.<\/p>","protected":false},"featured_media":4229,"template":"","meta":{"_acf_changed":false},"product_cat":[23],"product_tag":[],"class_list":{"0":"post-4238","1":"product","2":"type-product","3":"status-publish","4":"has-post-thumbnail","6":"product_cat-noi-lovas-versenying","8":"first","9":"instock","10":"taxable","11":"shipping-taxable","12":"purchasable","13":"product-type-variable"},"acf":[],"yoast_head":"<!-- This site is optimized with the Yoast SEO plugin v23.8 - https:\/\/yoast.com\/wordpress\/plugins\/seo\/ -->\n<title>Steel Blue Pattern Shirt - Philou<\/title>\n<meta name=\"robots\" content=\"index, follow, max-snippet:-1, max-image-preview:large, max-video-preview:-1\" \/>\n<link rel=\"canonical\" href=\"https:\/\/philouequestrian.com\/en\/product\/steel-blue-pattern-shirt\/\" \/>\n<meta property=\"og:locale\" content=\"en_US\" \/>\n<meta property=\"og:type\" content=\"article\" \/>\n<meta property=\"og:title\" content=\"Steel Blue Pattern Shirt - Philou\" \/>\n<meta property=\"og:description\" content=\"Ez a r\u00f6vid ujj\u00fa, n\u0151i lovas versenying st\u00edlusos megjelen\u00e9st \u00e9s kiv\u00e1l\u00f3 teljes\u00edtm\u00e9nyt k\u00edn\u00e1l egyben. A sportos, ny\u00fal\u00f3s technikai anyag rugalmas, l\u00e9g\u00e1tereszt\u0151 \u00e9s hat\u00e9konyan vezeti el az izzads\u00e1got, \u00edgy ide\u00e1lis v\u00e1laszt\u00e1s intenz\u00edv versenyhelyzetekhez is. A mellr\u00e9sz\u00e9n elhelyezett apr\u00f3, csillog\u00f3 krist\u00e1lyd\u00edsz\u00edt\u00e9s finom eleganci\u00e1t k\u00f6lcs\u00f6n\u00f6z a fels\u0151nek, mik\u00f6zben meg\u0151rzi annak sportos karakter\u00e9t k\u00f6zben m\u00e9gis a klasszikus versenyviseletet id\u00e9zi.\" \/>\n<meta property=\"og:url\" content=\"https:\/\/philouequestrian.com\/en\/product\/steel-blue-pattern-shirt\/\" \/>\n<meta property=\"og:site_name\" content=\"Philou\" \/>\n<meta property=\"article:publisher\" content=\"https:\/\/www.facebook.com\/philouequestrian\" \/>\n<meta property=\"article:modified_time\" content=\"2025-10-08T13:18:37+00:00\" \/>\n<meta property=\"og:image\" content=\"https:\/\/philouequestrian.com\/wp-content\/uploads\/2025\/10\/IMG_3707-scaled.jpeg\" \/>\n\t<meta property=\"og:image:width\" content=\"1920\" \/>\n\t<meta property=\"og:image:height\" content=\"2560\" \/>\n\t<meta property=\"og:image:type\" content=\"image\/jpeg\" \/>\n<meta name=\"twitter:card\" content=\"summary_large_image\" \/>\n<meta name=\"twitter:label1\" content=\"Est. reading time\" \/>\n\t<meta name=\"twitter:data1\" content=\"1 minute\" \/>\n<script type=\"application\/ld+json\" class=\"yoast-schema-graph\">{\"@context\":\"https:\/\/schema.org\",\"@graph\":[{\"@type\":\"WebPage\",\"@id\":\"https:\/\/philouequestrian.com\/termek\/steel-blue-pattern-shirt\/\",\"url\":\"https:\/\/philouequestrian.com\/termek\/steel-blue-pattern-shirt\/\",\"name\":\"Steel Blue Pattern Shirt - Philou\",\"isPartOf\":{\"@id\":\"https:\/\/philouequestrian.com\/#website\"},\"primaryImageOfPage\":{\"@id\":\"https:\/\/philouequestrian.com\/termek\/steel-blue-pattern-shirt\/#primaryimage\"},\"image\":{\"@id\":\"https:\/\/philouequestrian.com\/termek\/steel-blue-pattern-shirt\/#primaryimage\"},\"thumbnailUrl\":\"https:\/\/philouequestrian.com\/wp-content\/uploads\/2025\/10\/IMG_3707-scaled.jpeg\",\"datePublished\":\"2025-10-08T13:18:00+00:00\",\"dateModified\":\"2025-10-08T13:18:37+00:00\",\"breadcrumb\":{\"@id\":\"https:\/\/philouequestrian.com\/termek\/steel-blue-pattern-shirt\/#breadcrumb\"},\"inLanguage\":\"en-US\",\"potentialAction\":[{\"@type\":\"ReadAction\",\"target\":[\"https:\/\/philouequestrian.com\/termek\/steel-blue-pattern-shirt\/\"]}]},{\"@type\":\"ImageObject\",\"inLanguage\":\"en-US\",\"@id\":\"https:\/\/philouequestrian.com\/termek\/steel-blue-pattern-shirt\/#primaryimage\",\"url\":\"https:\/\/philouequestrian.com\/wp-content\/uploads\/2025\/10\/IMG_3707-scaled.jpeg\",\"contentUrl\":\"https:\/\/philouequestrian.com\/wp-content\/uploads\/2025\/10\/IMG_3707-scaled.jpeg\",\"width\":1920,\"height\":2560,\"caption\":\"Ac\u00e9lk\u00e9k strasszk\u00f6ves versenying\"},{\"@type\":\"BreadcrumbList\",\"@id\":\"https:\/\/philouequestrian.com\/termek\/steel-blue-pattern-shirt\/#breadcrumb\",\"itemListElement\":[{\"@type\":\"ListItem\",\"position\":1,\"name\":\"Kezd\u0151lap\",\"item\":\"https:\/\/philouequestrian.com\/\"},{\"@type\":\"ListItem\",\"position\":2,\"name\":\"\u00dczlet\",\"item\":\"https:\/\/philouequestrian.com\/uzlet\/\"},{\"@type\":\"ListItem\",\"position\":3,\"name\":\"Steel Blue Pattern Shirt\"}]},{\"@type\":\"WebSite\",\"@id\":\"https:\/\/philouequestrian.com\/#website\",\"url\":\"https:\/\/philouequestrian.com\/\",\"name\":\"Philou\",\"description\":\"Equestrian Clothing\",\"publisher\":{\"@id\":\"https:\/\/philouequestrian.com\/#organization\"},\"potentialAction\":[{\"@type\":\"SearchAction\",\"target\":{\"@type\":\"EntryPoint\",\"urlTemplate\":\"https:\/\/philouequestrian.com\/?s={search_term_string}\"},\"query-input\":{\"@type\":\"PropertyValueSpecification\",\"valueRequired\":true,\"valueName\":\"search_term_string\"}}],\"inLanguage\":\"en-US\"},{\"@type\":\"Organization\",\"@id\":\"https:\/\/philouequestrian.com\/#organization\",\"name\":\"Philou Equestrian Clothing\",\"url\":\"https:\/\/philouequestrian.com\/\",\"logo\":{\"@type\":\"ImageObject\",\"inLanguage\":\"en-US\",\"@id\":\"https:\/\/philouequestrian.com\/#\/schema\/logo\/image\/\",\"url\":\"https:\/\/philouequestrian.com\/wp-content\/uploads\/2022\/05\/philou-wbg.png\",\"contentUrl\":\"https:\/\/philouequestrian.com\/wp-content\/uploads\/2022\/05\/philou-wbg.png\",\"width\":2000,\"height\":2000,\"caption\":\"Philou Equestrian Clothing\"},\"image\":{\"@id\":\"https:\/\/philouequestrian.com\/#\/schema\/logo\/image\/\"},\"sameAs\":[\"https:\/\/www.facebook.com\/philouequestrian\",\"https:\/\/www.instagram.com\/philou_equestrian\/\"]}]}<\/script>\n<!-- \/ Yoast SEO plugin. -->","yoast_head_json":{"title":"Steel Blue Pattern Shirt - Philou","robots":{"index":"index","follow":"follow","max-snippet":"max-snippet:-1","max-image-preview":"max-image-preview:large","max-video-preview":"max-video-preview:-1"},"canonical":"https:\/\/philouequestrian.com\/en\/product\/steel-blue-pattern-shirt\/","og_locale":"en_US","og_type":"article","og_title":"Steel Blue Pattern Shirt - Philou","og_description":"Ez a r\u00f6vid ujj\u00fa, n\u0151i lovas versenying st\u00edlusos megjelen\u00e9st \u00e9s kiv\u00e1l\u00f3 teljes\u00edtm\u00e9nyt k\u00edn\u00e1l egyben. A sportos, ny\u00fal\u00f3s technikai anyag rugalmas, l\u00e9g\u00e1tereszt\u0151 \u00e9s hat\u00e9konyan vezeti el az izzads\u00e1got, \u00edgy ide\u00e1lis v\u00e1laszt\u00e1s intenz\u00edv versenyhelyzetekhez is. A mellr\u00e9sz\u00e9n elhelyezett apr\u00f3, csillog\u00f3 krist\u00e1lyd\u00edsz\u00edt\u00e9s finom eleganci\u00e1t k\u00f6lcs\u00f6n\u00f6z a fels\u0151nek, mik\u00f6zben meg\u0151rzi annak sportos karakter\u00e9t k\u00f6zben m\u00e9gis a klasszikus versenyviseletet id\u00e9zi.","og_url":"https:\/\/philouequestrian.com\/en\/product\/steel-blue-pattern-shirt\/","og_site_name":"Philou","article_publisher":"https:\/\/www.facebook.com\/philouequestrian","article_modified_time":"2025-10-08T13:18:37+00:00","og_image":[{"width":1920,"height":2560,"url":"https:\/\/philouequestrian.com\/wp-content\/uploads\/2025\/10\/IMG_3707-scaled.jpeg","type":"image\/jpeg"}],"twitter_card":"summary_large_image","twitter_misc":{"Est. reading time":"1 minute"},"schema":{"@context":"https:\/\/schema.org","@graph":[{"@type":"WebPage","@id":"https:\/\/philouequestrian.com\/termek\/steel-blue-pattern-shirt\/","url":"https:\/\/philouequestrian.com\/termek\/steel-blue-pattern-shirt\/","name":"Steel Blue Pattern Shirt - Philou","isPartOf":{"@id":"https:\/\/philouequestrian.com\/#website"},"primaryImageOfPage":{"@id":"https:\/\/philouequestrian.com\/termek\/steel-blue-pattern-shirt\/#primaryimage"},"image":{"@id":"https:\/\/philouequestrian.com\/termek\/steel-blue-pattern-shirt\/#primaryimage"},"thumbnailUrl":"https:\/\/philouequestrian.com\/wp-content\/uploads\/2025\/10\/IMG_3707-scaled.jpeg","datePublished":"2025-10-08T13:18:00+00:00","dateModified":"2025-10-08T13:18:37+00:00","breadcrumb":{"@id":"https:\/\/philouequestrian.com\/termek\/steel-blue-pattern-shirt\/#breadcrumb"},"inLanguage":"en-US","potentialAction":[{"@type":"ReadAction","target":["https:\/\/philouequestrian.com\/termek\/steel-blue-pattern-shirt\/"]}]},{"@type":"ImageObject","inLanguage":"en-US","@id":"https:\/\/philouequestrian.com\/termek\/steel-blue-pattern-shirt\/#primaryimage","url":"https:\/\/philouequestrian.com\/wp-content\/uploads\/2025\/10\/IMG_3707-scaled.jpeg","contentUrl":"https:\/\/philouequestrian.com\/wp-content\/uploads\/2025\/10\/IMG_3707-scaled.jpeg","width":1920,"height":2560,"caption":"Ac\u00e9lk\u00e9k strasszk\u00f6ves versenying"},{"@type":"BreadcrumbList","@id":"https:\/\/philouequestrian.com\/termek\/steel-blue-pattern-shirt\/#breadcrumb","itemListElement":[{"@type":"ListItem","position":1,"name":"Kezd\u0151lap","item":"https:\/\/philouequestrian.com\/"},{"@type":"ListItem","position":2,"name":"\u00dczlet","item":"https:\/\/philouequestrian.com\/uzlet\/"},{"@type":"ListItem","position":3,"name":"Steel Blue Pattern Shirt"}]},{"@type":"WebSite","@id":"https:\/\/philouequestrian.com\/#website","url":"https:\/\/philouequestrian.com\/","name":"Philou","description":"Equestrian Clothing","publisher":{"@id":"https:\/\/philouequestrian.com\/#organization"},"potentialAction":[{"@type":"SearchAction","target":{"@type":"EntryPoint","urlTemplate":"https:\/\/philouequestrian.com\/?s={search_term_string}"},"query-input":{"@type":"PropertyValueSpecification","valueRequired":true,"valueName":"search_term_string"}}],"inLanguage":"en-US"},{"@type":"Organization","@id":"https:\/\/philouequestrian.com\/#organization","name":"Philou Equestrian Clothing","url":"https:\/\/philouequestrian.com\/","logo":{"@type":"ImageObject","inLanguage":"en-US","@id":"https:\/\/philouequestrian.com\/#\/schema\/logo\/image\/","url":"https:\/\/philouequestrian.com\/wp-content\/uploads\/2022\/05\/philou-wbg.png","contentUrl":"https:\/\/philouequestrian.com\/wp-content\/uploads\/2022\/05\/philou-wbg.png","width":2000,"height":2000,"caption":"Philou Equestrian Clothing"},"image":{"@id":"https:\/\/philouequestrian.com\/#\/schema\/logo\/image\/"},"sameAs":["https:\/\/www.facebook.com\/philouequestrian","https:\/\/www.instagram.com\/philou_equestrian\/"]}]}},"_links":{"self":[{"href":"https:\/\/philouequestrian.com\/en\/wp-json\/wp\/v2\/product\/4238","targetHints":{"allow":["GET"]}}],"collection":[{"href":"https:\/\/philouequestrian.com\/en\/wp-json\/wp\/v2\/product"}],"about":[{"href":"https:\/\/philouequestrian.com\/en\/wp-json\/wp\/v2\/types\/product"}],"wp:featuredmedia":[{"embeddable":true,"href":"https:\/\/philouequestrian.com\/en\/wp-json\/wp\/v2\/media\/4229"}],"wp:attachment":[{"href":"https:\/\/philouequestrian.com\/en\/wp-json\/wp\/v2\/media?parent=4238"}],"wp:term":[{"taxonomy":"product_cat","embeddable":true,"href":"https:\/\/philouequestrian.com\/en\/wp-json\/wp\/v2\/product_cat?post=4238"},{"taxonomy":"product_tag","embeddable":true,"href":"https:\/\/philouequestrian.com\/en\/wp-json\/wp\/v2\/product_tag?post=4238"}],"curies":[{"name":"wp","href":"https:\/\/api.w.org\/{rel}","templated":true}]}}