{"id":4281,"date":"2025-11-08T11:00:52","date_gmt":"2025-11-08T09:00:52","guid":{"rendered":"https:\/\/philouequestrian.com\/?post_type=product&#038;p=4281"},"modified":"2025-11-08T11:02:36","modified_gmt":"2025-11-08T09:02:36","slug":"crystal-teddy-beige","status":"publish","type":"product","link":"https:\/\/philouequestrian.com\/en\/product\/crystal-teddy-beige\/","title":{"rendered":"Crystal Teddy Beige"},"content":{"rendered":"","protected":false},"excerpt":{"rendered":"<p>Where comfort meets sparkle.<br \/>\nThis beautifully crafted equestrian jacket combines a soft, fleece-like teddy interior with a refined outer layer delicately embellished with subtle crystals. Designed to keep you warm without compromising on style. \nWhether you\u2019re in the saddle or enjoying off-duty moments at the barn, the Crystal Teddy Jacket adds effortless sophistication to your equestrian wardrobe.<\/p>\n<p>Features:<br \/>\n\t\u2022\tLuxuriously soft teddy lining for superior warmth and comfort<br \/>\n\t\u2022\tElegant crystal detailing for a touch of understated glamour<br \/>\n\t\u2022\tTwo practical  pockets<br \/>\n\t\u2022\tFull front zip with contrast trim<br \/>\n\t\u2022\tTailored fit for an elegant silhouette<br \/>\n\t\u2022\tBreathable and flexible \u2013 ideal for riding or casual wear<\/p>","protected":false},"featured_media":4273,"template":"","meta":{"_acf_changed":false},"product_cat":[100],"product_tag":[],"class_list":{"0":"post-4281","1":"product","2":"type-product","3":"status-publish","4":"has-post-thumbnail","6":"product_cat-felso","8":"first","9":"instock","10":"taxable","11":"shipping-taxable","12":"purchasable","13":"product-type-variable"},"acf":[],"yoast_head":"<!-- This site is optimized with the Yoast SEO plugin v23.8 - https:\/\/yoast.com\/wordpress\/plugins\/seo\/ -->\n<title>Crystal Teddy Beige - Philou<\/title>\n<meta name=\"robots\" content=\"index, follow, max-snippet:-1, max-image-preview:large, max-video-preview:-1\" \/>\n<link rel=\"canonical\" href=\"https:\/\/philouequestrian.com\/en\/product\/crystal-teddy-beige\/\" \/>\n<meta property=\"og:locale\" content=\"en_US\" \/>\n<meta property=\"og:type\" content=\"article\" \/>\n<meta property=\"og:title\" content=\"Crystal Teddy Beige - Philou\" \/>\n<meta property=\"og:description\" content=\"A k\u00e9nyelem \u00e9s a csillog\u00e1s tal\u00e1lkoz\u00e1sa. Ez a gy\u00f6ny\u00f6r\u0171en kidolgozott lovas dzseki puha, pl\u00fcss hat\u00e1s\u00fa bels\u0151 teddy b\u00e9l\u00e9st kapott, k\u00edv\u00fcl pedig finom krist\u00e1lyd\u00edsz\u00edt\u00e9s teszi igaz\u00e1n k\u00fcl\u00f6nlegess\u00e9. Melegen tart, mik\u00f6zben meg\u0151rzi az eleg\u00e1ns megjelen\u00e9st. Ak\u00e1r a nyeregben, ak\u00e1r a lovard\u00e1ban t\u00f6lt\u00f6tt szabadid\u0151dben viseled, a Crystal Teddy dzseki mindig letisztult st\u00edlust \u00e9s kifinomults\u00e1got sug\u00e1roz.  Jellemz\u0151k:  \u2022 Luxus puhas\u00e1g\u00fa teddy b\u00e9l\u00e9s a maxim\u00e1lis melegs\u00e9g\u00e9rt \u00e9s k\u00e9nyelem\u00e9rt  \u2022 Finom krist\u00e1lyd\u00edsz\u00edt\u00e9s az eleg\u00e1ns, visszafogott csillog\u00e1s\u00e9rt  \u2022 K\u00e9t praktikus zseb  \u2022 Teljes hossz\u00fas\u00e1g\u00fa cipz\u00e1r kontrasztos szeg\u00e9llyel  \u2022 Karcs\u00fas\u00edtott szab\u00e1s az eleg\u00e1ns sziluett\u00e9rt  \u2022 L\u00e9g\u00e1tereszt\u0151 \u00e9s rugalmas anyag \u2013 ide\u00e1lis lovagl\u00e1shoz vagy h\u00e9tk\u00f6znapi viselethez\" \/>\n<meta property=\"og:url\" content=\"https:\/\/philouequestrian.com\/en\/product\/crystal-teddy-beige\/\" \/>\n<meta property=\"og:site_name\" content=\"Philou\" \/>\n<meta property=\"article:publisher\" content=\"https:\/\/www.facebook.com\/philouequestrian\" \/>\n<meta property=\"article:modified_time\" content=\"2025-11-08T09:02:36+00:00\" \/>\n<meta property=\"og:image\" content=\"https:\/\/philouequestrian.com\/wp-content\/uploads\/2025\/11\/IMG_4330-scaled.jpeg\" \/>\n\t<meta property=\"og:image:width\" content=\"1920\" \/>\n\t<meta property=\"og:image:height\" content=\"2560\" \/>\n\t<meta property=\"og:image:type\" content=\"image\/jpeg\" \/>\n<meta name=\"twitter:card\" content=\"summary_large_image\" \/>\n<meta name=\"twitter:label1\" content=\"Est. reading time\" \/>\n\t<meta name=\"twitter:data1\" content=\"1 minute\" \/>\n<script type=\"application\/ld+json\" class=\"yoast-schema-graph\">{\"@context\":\"https:\/\/schema.org\",\"@graph\":[{\"@type\":\"WebPage\",\"@id\":\"https:\/\/philouequestrian.com\/termek\/crystal-teddy-beige\/\",\"url\":\"https:\/\/philouequestrian.com\/termek\/crystal-teddy-beige\/\",\"name\":\"Crystal Teddy Beige - Philou\",\"isPartOf\":{\"@id\":\"https:\/\/philouequestrian.com\/#website\"},\"primaryImageOfPage\":{\"@id\":\"https:\/\/philouequestrian.com\/termek\/crystal-teddy-beige\/#primaryimage\"},\"image\":{\"@id\":\"https:\/\/philouequestrian.com\/termek\/crystal-teddy-beige\/#primaryimage\"},\"thumbnailUrl\":\"https:\/\/philouequestrian.com\/wp-content\/uploads\/2025\/11\/IMG_4330-scaled.jpeg\",\"datePublished\":\"2025-11-08T09:00:52+00:00\",\"dateModified\":\"2025-11-08T09:02:36+00:00\",\"breadcrumb\":{\"@id\":\"https:\/\/philouequestrian.com\/termek\/crystal-teddy-beige\/#breadcrumb\"},\"inLanguage\":\"en-US\",\"potentialAction\":[{\"@type\":\"ReadAction\",\"target\":[\"https:\/\/philouequestrian.com\/termek\/crystal-teddy-beige\/\"]}]},{\"@type\":\"ImageObject\",\"inLanguage\":\"en-US\",\"@id\":\"https:\/\/philouequestrian.com\/termek\/crystal-teddy-beige\/#primaryimage\",\"url\":\"https:\/\/philouequestrian.com\/wp-content\/uploads\/2025\/11\/IMG_4330-scaled.jpeg\",\"contentUrl\":\"https:\/\/philouequestrian.com\/wp-content\/uploads\/2025\/11\/IMG_4330-scaled.jpeg\",\"width\":1920,\"height\":2560},{\"@type\":\"BreadcrumbList\",\"@id\":\"https:\/\/philouequestrian.com\/termek\/crystal-teddy-beige\/#breadcrumb\",\"itemListElement\":[{\"@type\":\"ListItem\",\"position\":1,\"name\":\"Kezd\u0151lap\",\"item\":\"https:\/\/philouequestrian.com\/\"},{\"@type\":\"ListItem\",\"position\":2,\"name\":\"\u00dczlet\",\"item\":\"https:\/\/philouequestrian.com\/uzlet\/\"},{\"@type\":\"ListItem\",\"position\":3,\"name\":\"Crystal Teddy Beige\"}]},{\"@type\":\"WebSite\",\"@id\":\"https:\/\/philouequestrian.com\/#website\",\"url\":\"https:\/\/philouequestrian.com\/\",\"name\":\"Philou\",\"description\":\"Equestrian Clothing\",\"publisher\":{\"@id\":\"https:\/\/philouequestrian.com\/#organization\"},\"potentialAction\":[{\"@type\":\"SearchAction\",\"target\":{\"@type\":\"EntryPoint\",\"urlTemplate\":\"https:\/\/philouequestrian.com\/?s={search_term_string}\"},\"query-input\":{\"@type\":\"PropertyValueSpecification\",\"valueRequired\":true,\"valueName\":\"search_term_string\"}}],\"inLanguage\":\"en-US\"},{\"@type\":\"Organization\",\"@id\":\"https:\/\/philouequestrian.com\/#organization\",\"name\":\"Philou Equestrian Clothing\",\"url\":\"https:\/\/philouequestrian.com\/\",\"logo\":{\"@type\":\"ImageObject\",\"inLanguage\":\"en-US\",\"@id\":\"https:\/\/philouequestrian.com\/#\/schema\/logo\/image\/\",\"url\":\"https:\/\/philouequestrian.com\/wp-content\/uploads\/2022\/05\/philou-wbg.png\",\"contentUrl\":\"https:\/\/philouequestrian.com\/wp-content\/uploads\/2022\/05\/philou-wbg.png\",\"width\":2000,\"height\":2000,\"caption\":\"Philou Equestrian Clothing\"},\"image\":{\"@id\":\"https:\/\/philouequestrian.com\/#\/schema\/logo\/image\/\"},\"sameAs\":[\"https:\/\/www.facebook.com\/philouequestrian\",\"https:\/\/www.instagram.com\/philou_equestrian\/\"]}]}<\/script>\n<!-- \/ Yoast SEO plugin. -->","yoast_head_json":{"title":"Crystal Teddy Beige - Philou","robots":{"index":"index","follow":"follow","max-snippet":"max-snippet:-1","max-image-preview":"max-image-preview:large","max-video-preview":"max-video-preview:-1"},"canonical":"https:\/\/philouequestrian.com\/en\/product\/crystal-teddy-beige\/","og_locale":"en_US","og_type":"article","og_title":"Crystal Teddy Beige - Philou","og_description":"A k\u00e9nyelem \u00e9s a csillog\u00e1s tal\u00e1lkoz\u00e1sa. Ez a gy\u00f6ny\u00f6r\u0171en kidolgozott lovas dzseki puha, pl\u00fcss hat\u00e1s\u00fa bels\u0151 teddy b\u00e9l\u00e9st kapott, k\u00edv\u00fcl pedig finom krist\u00e1lyd\u00edsz\u00edt\u00e9s teszi igaz\u00e1n k\u00fcl\u00f6nlegess\u00e9. Melegen tart, mik\u00f6zben meg\u0151rzi az eleg\u00e1ns megjelen\u00e9st. Ak\u00e1r a nyeregben, ak\u00e1r a lovard\u00e1ban t\u00f6lt\u00f6tt szabadid\u0151dben viseled, a Crystal Teddy dzseki mindig letisztult st\u00edlust \u00e9s kifinomults\u00e1got sug\u00e1roz.  Jellemz\u0151k:  \u2022 Luxus puhas\u00e1g\u00fa teddy b\u00e9l\u00e9s a maxim\u00e1lis melegs\u00e9g\u00e9rt \u00e9s k\u00e9nyelem\u00e9rt  \u2022 Finom krist\u00e1lyd\u00edsz\u00edt\u00e9s az eleg\u00e1ns, visszafogott csillog\u00e1s\u00e9rt  \u2022 K\u00e9t praktikus zseb  \u2022 Teljes hossz\u00fas\u00e1g\u00fa cipz\u00e1r kontrasztos szeg\u00e9llyel  \u2022 Karcs\u00fas\u00edtott szab\u00e1s az eleg\u00e1ns sziluett\u00e9rt  \u2022 L\u00e9g\u00e1tereszt\u0151 \u00e9s rugalmas anyag \u2013 ide\u00e1lis lovagl\u00e1shoz vagy h\u00e9tk\u00f6znapi viselethez","og_url":"https:\/\/philouequestrian.com\/en\/product\/crystal-teddy-beige\/","og_site_name":"Philou","article_publisher":"https:\/\/www.facebook.com\/philouequestrian","article_modified_time":"2025-11-08T09:02:36+00:00","og_image":[{"width":1920,"height":2560,"url":"https:\/\/philouequestrian.com\/wp-content\/uploads\/2025\/11\/IMG_4330-scaled.jpeg","type":"image\/jpeg"}],"twitter_card":"summary_large_image","twitter_misc":{"Est. reading time":"1 minute"},"schema":{"@context":"https:\/\/schema.org","@graph":[{"@type":"WebPage","@id":"https:\/\/philouequestrian.com\/termek\/crystal-teddy-beige\/","url":"https:\/\/philouequestrian.com\/termek\/crystal-teddy-beige\/","name":"Crystal Teddy Beige - Philou","isPartOf":{"@id":"https:\/\/philouequestrian.com\/#website"},"primaryImageOfPage":{"@id":"https:\/\/philouequestrian.com\/termek\/crystal-teddy-beige\/#primaryimage"},"image":{"@id":"https:\/\/philouequestrian.com\/termek\/crystal-teddy-beige\/#primaryimage"},"thumbnailUrl":"https:\/\/philouequestrian.com\/wp-content\/uploads\/2025\/11\/IMG_4330-scaled.jpeg","datePublished":"2025-11-08T09:00:52+00:00","dateModified":"2025-11-08T09:02:36+00:00","breadcrumb":{"@id":"https:\/\/philouequestrian.com\/termek\/crystal-teddy-beige\/#breadcrumb"},"inLanguage":"en-US","potentialAction":[{"@type":"ReadAction","target":["https:\/\/philouequestrian.com\/termek\/crystal-teddy-beige\/"]}]},{"@type":"ImageObject","inLanguage":"en-US","@id":"https:\/\/philouequestrian.com\/termek\/crystal-teddy-beige\/#primaryimage","url":"https:\/\/philouequestrian.com\/wp-content\/uploads\/2025\/11\/IMG_4330-scaled.jpeg","contentUrl":"https:\/\/philouequestrian.com\/wp-content\/uploads\/2025\/11\/IMG_4330-scaled.jpeg","width":1920,"height":2560},{"@type":"BreadcrumbList","@id":"https:\/\/philouequestrian.com\/termek\/crystal-teddy-beige\/#breadcrumb","itemListElement":[{"@type":"ListItem","position":1,"name":"Kezd\u0151lap","item":"https:\/\/philouequestrian.com\/"},{"@type":"ListItem","position":2,"name":"\u00dczlet","item":"https:\/\/philouequestrian.com\/uzlet\/"},{"@type":"ListItem","position":3,"name":"Crystal Teddy Beige"}]},{"@type":"WebSite","@id":"https:\/\/philouequestrian.com\/#website","url":"https:\/\/philouequestrian.com\/","name":"Philou","description":"Equestrian Clothing","publisher":{"@id":"https:\/\/philouequestrian.com\/#organization"},"potentialAction":[{"@type":"SearchAction","target":{"@type":"EntryPoint","urlTemplate":"https:\/\/philouequestrian.com\/?s={search_term_string}"},"query-input":{"@type":"PropertyValueSpecification","valueRequired":true,"valueName":"search_term_string"}}],"inLanguage":"en-US"},{"@type":"Organization","@id":"https:\/\/philouequestrian.com\/#organization","name":"Philou Equestrian Clothing","url":"https:\/\/philouequestrian.com\/","logo":{"@type":"ImageObject","inLanguage":"en-US","@id":"https:\/\/philouequestrian.com\/#\/schema\/logo\/image\/","url":"https:\/\/philouequestrian.com\/wp-content\/uploads\/2022\/05\/philou-wbg.png","contentUrl":"https:\/\/philouequestrian.com\/wp-content\/uploads\/2022\/05\/philou-wbg.png","width":2000,"height":2000,"caption":"Philou Equestrian Clothing"},"image":{"@id":"https:\/\/philouequestrian.com\/#\/schema\/logo\/image\/"},"sameAs":["https:\/\/www.facebook.com\/philouequestrian","https:\/\/www.instagram.com\/philou_equestrian\/"]}]}},"_links":{"self":[{"href":"https:\/\/philouequestrian.com\/en\/wp-json\/wp\/v2\/product\/4281","targetHints":{"allow":["GET"]}}],"collection":[{"href":"https:\/\/philouequestrian.com\/en\/wp-json\/wp\/v2\/product"}],"about":[{"href":"https:\/\/philouequestrian.com\/en\/wp-json\/wp\/v2\/types\/product"}],"wp:featuredmedia":[{"embeddable":true,"href":"https:\/\/philouequestrian.com\/en\/wp-json\/wp\/v2\/media\/4273"}],"wp:attachment":[{"href":"https:\/\/philouequestrian.com\/en\/wp-json\/wp\/v2\/media?parent=4281"}],"wp:term":[{"taxonomy":"product_cat","embeddable":true,"href":"https:\/\/philouequestrian.com\/en\/wp-json\/wp\/v2\/product_cat?post=4281"},{"taxonomy":"product_tag","embeddable":true,"href":"https:\/\/philouequestrian.com\/en\/wp-json\/wp\/v2\/product_tag?post=4281"}],"curies":[{"name":"wp","href":"https:\/\/api.w.org\/{rel}","templated":true}]}}