{"id":4564,"date":"2026-03-10T15:28:35","date_gmt":"2026-03-10T13:28:35","guid":{"rendered":"https:\/\/philouequestrian.com\/?post_type=product&#038;p=4564"},"modified":"2026-03-10T15:28:35","modified_gmt":"2026-03-10T13:28:35","slug":"glitter-white-shirt","status":"publish","type":"product","link":"https:\/\/philouequestrian.com\/en\/product\/glitter-white-shirt\/","title":{"rendered":"Glitter White Shirt"},"content":{"rendered":"","protected":false},"excerpt":{"rendered":"<p>This elegant women's white riding shirt is the perfect choice for riders who want to look stylish even at competitions. The subtle glitter elements and beaded decorations provide a special, sophisticated look, while maintaining classic equestrian elegance.<\/p>\n<p>The racing shirt is made of light, flexible and breathable material, which provides maximum comfort while riding. The ergonomic cut ensures freedom of movement, making it an ideal choice for equestrian competitions.<\/p>\n<p>The classic white color and the restrained, yet spectacular and elegant look in the saddle, while also meeting the requirements of modern competition attire.<\/p>","protected":false},"featured_media":4573,"template":"","meta":{"_acf_changed":false},"product_cat":[23],"product_tag":[],"class_list":{"0":"post-4564","1":"product","2":"type-product","3":"status-publish","4":"has-post-thumbnail","6":"product_cat-noi-lovas-versenying","8":"first","9":"instock","10":"taxable","11":"shipping-taxable","12":"purchasable","13":"product-type-variable"},"acf":[],"yoast_head":"<!-- This site is optimized with the Yoast SEO plugin v23.8 - https:\/\/yoast.com\/wordpress\/plugins\/seo\/ -->\n<title>Glitter White Shirt - Philou<\/title>\n<meta name=\"robots\" content=\"index, follow, max-snippet:-1, max-image-preview:large, max-video-preview:-1\" \/>\n<link rel=\"canonical\" href=\"https:\/\/philouequestrian.com\/en\/product\/glitter-white-shirt\/\" \/>\n<meta property=\"og:locale\" content=\"en_US\" \/>\n<meta property=\"og:type\" content=\"article\" \/>\n<meta property=\"og:title\" content=\"Glitter White Shirt - Philou\" \/>\n<meta property=\"og:description\" content=\"Ez az eleg\u00e1ns n\u0151i feh\u00e9r lovas versenying t\u00f6k\u00e9letes v\u00e1laszt\u00e1s azoknak a lovasoknak, akik a versenyeken is szeretn\u00e9nek st\u00edlusosan megjelenni. A finom csillog\u00f3 elemek \u00e9s gy\u00f6ngy\u00f6s d\u00edsz\u00edt\u00e9sek k\u00fcl\u00f6nleges, kifinomult megjelen\u00e9st biztos\u00edtanak, mik\u00f6zben meg\u0151rzik a klasszikus lovas eleganci\u00e1t.  A versenying k\u00f6nny\u0171, rugalmas \u00e9s l\u00e9g\u00e1tereszt\u0151 anyagb\u00f3l k\u00e9sz\u00fclt, amely maxim\u00e1lis komfortot ny\u00fajt lovagl\u00e1s k\u00f6zben. Az ergonomikus szab\u00e1s biztos\u00edtja a szabad mozg\u00e1st, \u00edgy ide\u00e1lis v\u00e1laszt\u00e1s a lovas versenyekre.  A klasszikus feh\u00e9r sz\u00edn \u00e9s a visszafogott, m\u00e9gis l\u00e1tv\u00e1nyos \u00e9s eleg\u00e1ns megjelen\u00e9st k\u00f6lcs\u00f6n\u00f6z a nyeregben, mik\u00f6zben megfelel a modern verseny \u00f6lt\u00f6zet k\u00f6vetelm\u00e9nyeinek is.\" \/>\n<meta property=\"og:url\" content=\"https:\/\/philouequestrian.com\/en\/product\/glitter-white-shirt\/\" \/>\n<meta property=\"og:site_name\" content=\"Philou\" \/>\n<meta property=\"article:publisher\" content=\"https:\/\/www.facebook.com\/philouequestrian\" \/>\n<meta property=\"og:image\" content=\"https:\/\/philouequestrian.com\/wp-content\/uploads\/2026\/03\/IMG_6570-scaled.jpeg\" \/>\n\t<meta property=\"og:image:width\" content=\"1920\" \/>\n\t<meta property=\"og:image:height\" content=\"2560\" \/>\n\t<meta property=\"og:image:type\" content=\"image\/jpeg\" \/>\n<meta name=\"twitter:card\" content=\"summary_large_image\" \/>\n<meta name=\"twitter:label1\" content=\"Est. reading time\" \/>\n\t<meta name=\"twitter:data1\" content=\"1 minute\" \/>\n<script type=\"application\/ld+json\" class=\"yoast-schema-graph\">{\"@context\":\"https:\/\/schema.org\",\"@graph\":[{\"@type\":\"WebPage\",\"@id\":\"https:\/\/philouequestrian.com\/termek\/glitter-white-shirt\/\",\"url\":\"https:\/\/philouequestrian.com\/termek\/glitter-white-shirt\/\",\"name\":\"Glitter White Shirt - Philou\",\"isPartOf\":{\"@id\":\"https:\/\/philouequestrian.com\/#website\"},\"primaryImageOfPage\":{\"@id\":\"https:\/\/philouequestrian.com\/termek\/glitter-white-shirt\/#primaryimage\"},\"image\":{\"@id\":\"https:\/\/philouequestrian.com\/termek\/glitter-white-shirt\/#primaryimage\"},\"thumbnailUrl\":\"https:\/\/philouequestrian.com\/wp-content\/uploads\/2026\/03\/IMG_6570-scaled.jpeg\",\"datePublished\":\"2026-03-10T13:28:35+00:00\",\"dateModified\":\"2026-03-10T13:28:35+00:00\",\"breadcrumb\":{\"@id\":\"https:\/\/philouequestrian.com\/termek\/glitter-white-shirt\/#breadcrumb\"},\"inLanguage\":\"en-US\",\"potentialAction\":[{\"@type\":\"ReadAction\",\"target\":[\"https:\/\/philouequestrian.com\/termek\/glitter-white-shirt\/\"]}]},{\"@type\":\"ImageObject\",\"inLanguage\":\"en-US\",\"@id\":\"https:\/\/philouequestrian.com\/termek\/glitter-white-shirt\/#primaryimage\",\"url\":\"https:\/\/philouequestrian.com\/wp-content\/uploads\/2026\/03\/IMG_6570-scaled.jpeg\",\"contentUrl\":\"https:\/\/philouequestrian.com\/wp-content\/uploads\/2026\/03\/IMG_6570-scaled.jpeg\",\"width\":1920,\"height\":2560},{\"@type\":\"BreadcrumbList\",\"@id\":\"https:\/\/philouequestrian.com\/termek\/glitter-white-shirt\/#breadcrumb\",\"itemListElement\":[{\"@type\":\"ListItem\",\"position\":1,\"name\":\"Kezd\u0151lap\",\"item\":\"https:\/\/philouequestrian.com\/\"},{\"@type\":\"ListItem\",\"position\":2,\"name\":\"\u00dczlet\",\"item\":\"https:\/\/philouequestrian.com\/uzlet\/\"},{\"@type\":\"ListItem\",\"position\":3,\"name\":\"Glitter White Shirt\"}]},{\"@type\":\"WebSite\",\"@id\":\"https:\/\/philouequestrian.com\/#website\",\"url\":\"https:\/\/philouequestrian.com\/\",\"name\":\"Philou\",\"description\":\"Equestrian Clothing\",\"publisher\":{\"@id\":\"https:\/\/philouequestrian.com\/#organization\"},\"potentialAction\":[{\"@type\":\"SearchAction\",\"target\":{\"@type\":\"EntryPoint\",\"urlTemplate\":\"https:\/\/philouequestrian.com\/?s={search_term_string}\"},\"query-input\":{\"@type\":\"PropertyValueSpecification\",\"valueRequired\":true,\"valueName\":\"search_term_string\"}}],\"inLanguage\":\"en-US\"},{\"@type\":\"Organization\",\"@id\":\"https:\/\/philouequestrian.com\/#organization\",\"name\":\"Philou Equestrian Clothing\",\"url\":\"https:\/\/philouequestrian.com\/\",\"logo\":{\"@type\":\"ImageObject\",\"inLanguage\":\"en-US\",\"@id\":\"https:\/\/philouequestrian.com\/#\/schema\/logo\/image\/\",\"url\":\"https:\/\/philouequestrian.com\/wp-content\/uploads\/2022\/05\/philou-wbg.png\",\"contentUrl\":\"https:\/\/philouequestrian.com\/wp-content\/uploads\/2022\/05\/philou-wbg.png\",\"width\":2000,\"height\":2000,\"caption\":\"Philou Equestrian Clothing\"},\"image\":{\"@id\":\"https:\/\/philouequestrian.com\/#\/schema\/logo\/image\/\"},\"sameAs\":[\"https:\/\/www.facebook.com\/philouequestrian\",\"https:\/\/www.instagram.com\/philou_equestrian\/\"]}]}<\/script>\n<!-- \/ Yoast SEO plugin. -->","yoast_head_json":{"title":"Glitter White Shirt - Philou","robots":{"index":"index","follow":"follow","max-snippet":"max-snippet:-1","max-image-preview":"max-image-preview:large","max-video-preview":"max-video-preview:-1"},"canonical":"https:\/\/philouequestrian.com\/en\/product\/glitter-white-shirt\/","og_locale":"en_US","og_type":"article","og_title":"Glitter White Shirt - Philou","og_description":"Ez az eleg\u00e1ns n\u0151i feh\u00e9r lovas versenying t\u00f6k\u00e9letes v\u00e1laszt\u00e1s azoknak a lovasoknak, akik a versenyeken is szeretn\u00e9nek st\u00edlusosan megjelenni. A finom csillog\u00f3 elemek \u00e9s gy\u00f6ngy\u00f6s d\u00edsz\u00edt\u00e9sek k\u00fcl\u00f6nleges, kifinomult megjelen\u00e9st biztos\u00edtanak, mik\u00f6zben meg\u0151rzik a klasszikus lovas eleganci\u00e1t.  A versenying k\u00f6nny\u0171, rugalmas \u00e9s l\u00e9g\u00e1tereszt\u0151 anyagb\u00f3l k\u00e9sz\u00fclt, amely maxim\u00e1lis komfortot ny\u00fajt lovagl\u00e1s k\u00f6zben. Az ergonomikus szab\u00e1s biztos\u00edtja a szabad mozg\u00e1st, \u00edgy ide\u00e1lis v\u00e1laszt\u00e1s a lovas versenyekre.  A klasszikus feh\u00e9r sz\u00edn \u00e9s a visszafogott, m\u00e9gis l\u00e1tv\u00e1nyos \u00e9s eleg\u00e1ns megjelen\u00e9st k\u00f6lcs\u00f6n\u00f6z a nyeregben, mik\u00f6zben megfelel a modern verseny \u00f6lt\u00f6zet k\u00f6vetelm\u00e9nyeinek is.","og_url":"https:\/\/philouequestrian.com\/en\/product\/glitter-white-shirt\/","og_site_name":"Philou","article_publisher":"https:\/\/www.facebook.com\/philouequestrian","og_image":[{"width":1920,"height":2560,"url":"https:\/\/philouequestrian.com\/wp-content\/uploads\/2026\/03\/IMG_6570-scaled.jpeg","type":"image\/jpeg"}],"twitter_card":"summary_large_image","twitter_misc":{"Est. reading time":"1 minute"},"schema":{"@context":"https:\/\/schema.org","@graph":[{"@type":"WebPage","@id":"https:\/\/philouequestrian.com\/termek\/glitter-white-shirt\/","url":"https:\/\/philouequestrian.com\/termek\/glitter-white-shirt\/","name":"Glitter White Shirt - Philou","isPartOf":{"@id":"https:\/\/philouequestrian.com\/#website"},"primaryImageOfPage":{"@id":"https:\/\/philouequestrian.com\/termek\/glitter-white-shirt\/#primaryimage"},"image":{"@id":"https:\/\/philouequestrian.com\/termek\/glitter-white-shirt\/#primaryimage"},"thumbnailUrl":"https:\/\/philouequestrian.com\/wp-content\/uploads\/2026\/03\/IMG_6570-scaled.jpeg","datePublished":"2026-03-10T13:28:35+00:00","dateModified":"2026-03-10T13:28:35+00:00","breadcrumb":{"@id":"https:\/\/philouequestrian.com\/termek\/glitter-white-shirt\/#breadcrumb"},"inLanguage":"en-US","potentialAction":[{"@type":"ReadAction","target":["https:\/\/philouequestrian.com\/termek\/glitter-white-shirt\/"]}]},{"@type":"ImageObject","inLanguage":"en-US","@id":"https:\/\/philouequestrian.com\/termek\/glitter-white-shirt\/#primaryimage","url":"https:\/\/philouequestrian.com\/wp-content\/uploads\/2026\/03\/IMG_6570-scaled.jpeg","contentUrl":"https:\/\/philouequestrian.com\/wp-content\/uploads\/2026\/03\/IMG_6570-scaled.jpeg","width":1920,"height":2560},{"@type":"BreadcrumbList","@id":"https:\/\/philouequestrian.com\/termek\/glitter-white-shirt\/#breadcrumb","itemListElement":[{"@type":"ListItem","position":1,"name":"Kezd\u0151lap","item":"https:\/\/philouequestrian.com\/"},{"@type":"ListItem","position":2,"name":"\u00dczlet","item":"https:\/\/philouequestrian.com\/uzlet\/"},{"@type":"ListItem","position":3,"name":"Glitter White Shirt"}]},{"@type":"WebSite","@id":"https:\/\/philouequestrian.com\/#website","url":"https:\/\/philouequestrian.com\/","name":"Philou","description":"Equestrian Clothing","publisher":{"@id":"https:\/\/philouequestrian.com\/#organization"},"potentialAction":[{"@type":"SearchAction","target":{"@type":"EntryPoint","urlTemplate":"https:\/\/philouequestrian.com\/?s={search_term_string}"},"query-input":{"@type":"PropertyValueSpecification","valueRequired":true,"valueName":"search_term_string"}}],"inLanguage":"en-US"},{"@type":"Organization","@id":"https:\/\/philouequestrian.com\/#organization","name":"Philou Equestrian Clothing","url":"https:\/\/philouequestrian.com\/","logo":{"@type":"ImageObject","inLanguage":"en-US","@id":"https:\/\/philouequestrian.com\/#\/schema\/logo\/image\/","url":"https:\/\/philouequestrian.com\/wp-content\/uploads\/2022\/05\/philou-wbg.png","contentUrl":"https:\/\/philouequestrian.com\/wp-content\/uploads\/2022\/05\/philou-wbg.png","width":2000,"height":2000,"caption":"Philou Equestrian Clothing"},"image":{"@id":"https:\/\/philouequestrian.com\/#\/schema\/logo\/image\/"},"sameAs":["https:\/\/www.facebook.com\/philouequestrian","https:\/\/www.instagram.com\/philou_equestrian\/"]}]}},"_links":{"self":[{"href":"https:\/\/philouequestrian.com\/en\/wp-json\/wp\/v2\/product\/4564","targetHints":{"allow":["GET"]}}],"collection":[{"href":"https:\/\/philouequestrian.com\/en\/wp-json\/wp\/v2\/product"}],"about":[{"href":"https:\/\/philouequestrian.com\/en\/wp-json\/wp\/v2\/types\/product"}],"wp:featuredmedia":[{"embeddable":true,"href":"https:\/\/philouequestrian.com\/en\/wp-json\/wp\/v2\/media\/4573"}],"wp:attachment":[{"href":"https:\/\/philouequestrian.com\/en\/wp-json\/wp\/v2\/media?parent=4564"}],"wp:term":[{"taxonomy":"product_cat","embeddable":true,"href":"https:\/\/philouequestrian.com\/en\/wp-json\/wp\/v2\/product_cat?post=4564"},{"taxonomy":"product_tag","embeddable":true,"href":"https:\/\/philouequestrian.com\/en\/wp-json\/wp\/v2\/product_tag?post=4564"}],"curies":[{"name":"wp","href":"https:\/\/api.w.org\/{rel}","templated":true}]}}