{"id":4583,"date":"2026-03-10T15:35:21","date_gmt":"2026-03-10T13:35:21","guid":{"rendered":"https:\/\/philouequestrian.com\/?post_type=product&#038;p=4583"},"modified":"2026-03-10T15:35:21","modified_gmt":"2026-03-10T13:35:21","slug":"velvet-rose-show-shirt","status":"publish","type":"product","link":"https:\/\/philouequestrian.com\/en\/product\/velvet-rose-show-shirt\/","title":{"rendered":"Velvet Rose Show Shirt"},"content":{"rendered":"","protected":false},"excerpt":{"rendered":"<p>This elegant women's riding shirt combines classic equestrian style with romantic details. The special velvet rose decoration gives a unique and feminine look, which makes the riding outfit truly special.<\/p>\n<p>The riding shirt is made of light, flexible and breathable material, ensuring maximum comfort while riding. The slim fit fits perfectly to the body while allowing free movement in the saddle.<\/p>","protected":false},"featured_media":4584,"template":"","meta":{"_acf_changed":false},"product_cat":[23],"product_tag":[],"class_list":{"0":"post-4583","1":"product","2":"type-product","3":"status-publish","4":"has-post-thumbnail","6":"product_cat-noi-lovas-versenying","8":"first","9":"instock","10":"taxable","11":"shipping-taxable","12":"purchasable","13":"product-type-variable"},"acf":[],"yoast_head":"<!-- This site is optimized with the Yoast SEO plugin v23.8 - https:\/\/yoast.com\/wordpress\/plugins\/seo\/ -->\n<title>Velvet Rose Show Shirt - Philou<\/title>\n<meta name=\"robots\" content=\"index, follow, max-snippet:-1, max-image-preview:large, max-video-preview:-1\" \/>\n<link rel=\"canonical\" href=\"https:\/\/philouequestrian.com\/en\/product\/velvet-rose-show-shirt\/\" \/>\n<meta property=\"og:locale\" content=\"en_US\" \/>\n<meta property=\"og:type\" content=\"article\" \/>\n<meta property=\"og:title\" content=\"Velvet Rose Show Shirt - Philou\" \/>\n<meta property=\"og:description\" content=\"Ez az eleg\u00e1ns n\u0151i lovas versenying a klasszikus lovas st\u00edlust romantikus r\u00e9szletekkel \u00f6tv\u00f6zi. A k\u00fcl\u00f6nleges b\u00e1rsony r\u00f3zsa d\u00edsz\u00edt\u00e9s egyedi \u00e9s n\u0151ies megjelen\u00e9st k\u00f6lcs\u00f6n\u00f6z, amely igaz\u00e1n k\u00fcl\u00f6nlegess\u00e9 teszi a verseny \u00f6lt\u00f6zetet.  A versenying k\u00f6nny\u0171, rugalmas \u00e9s l\u00e9g\u00e1tereszt\u0151 anyagb\u00f3l k\u00e9sz\u00fclt, \u00edgy maxim\u00e1lis k\u00e9nyelmet biztos\u00edt lovagl\u00e1s k\u00f6zben. A karcs\u00fas\u00edtott szab\u00e1s t\u00f6k\u00e9letesen illeszkedik a testhez, mik\u00f6zben szabad mozg\u00e1st tesz lehet\u0151v\u00e9 a nyeregben.\" \/>\n<meta property=\"og:url\" content=\"https:\/\/philouequestrian.com\/en\/product\/velvet-rose-show-shirt\/\" \/>\n<meta property=\"og:site_name\" content=\"Philou\" \/>\n<meta property=\"article:publisher\" content=\"https:\/\/www.facebook.com\/philouequestrian\" \/>\n<meta property=\"og:image\" content=\"https:\/\/philouequestrian.com\/wp-content\/uploads\/2026\/03\/IMG_6577-scaled.jpeg\" \/>\n\t<meta property=\"og:image:width\" content=\"1920\" \/>\n\t<meta property=\"og:image:height\" content=\"2560\" \/>\n\t<meta property=\"og:image:type\" content=\"image\/jpeg\" \/>\n<meta name=\"twitter:card\" content=\"summary_large_image\" \/>\n<meta name=\"twitter:label1\" content=\"Est. reading time\" \/>\n\t<meta name=\"twitter:data1\" content=\"1 minute\" \/>\n<script type=\"application\/ld+json\" class=\"yoast-schema-graph\">{\"@context\":\"https:\/\/schema.org\",\"@graph\":[{\"@type\":\"WebPage\",\"@id\":\"https:\/\/philouequestrian.com\/termek\/velvet-rose-show-shirt\/\",\"url\":\"https:\/\/philouequestrian.com\/termek\/velvet-rose-show-shirt\/\",\"name\":\"Velvet Rose Show Shirt - Philou\",\"isPartOf\":{\"@id\":\"https:\/\/philouequestrian.com\/#website\"},\"primaryImageOfPage\":{\"@id\":\"https:\/\/philouequestrian.com\/termek\/velvet-rose-show-shirt\/#primaryimage\"},\"image\":{\"@id\":\"https:\/\/philouequestrian.com\/termek\/velvet-rose-show-shirt\/#primaryimage\"},\"thumbnailUrl\":\"https:\/\/philouequestrian.com\/wp-content\/uploads\/2026\/03\/IMG_6577-scaled.jpeg\",\"datePublished\":\"2026-03-10T13:35:21+00:00\",\"dateModified\":\"2026-03-10T13:35:21+00:00\",\"breadcrumb\":{\"@id\":\"https:\/\/philouequestrian.com\/termek\/velvet-rose-show-shirt\/#breadcrumb\"},\"inLanguage\":\"en-US\",\"potentialAction\":[{\"@type\":\"ReadAction\",\"target\":[\"https:\/\/philouequestrian.com\/termek\/velvet-rose-show-shirt\/\"]}]},{\"@type\":\"ImageObject\",\"inLanguage\":\"en-US\",\"@id\":\"https:\/\/philouequestrian.com\/termek\/velvet-rose-show-shirt\/#primaryimage\",\"url\":\"https:\/\/philouequestrian.com\/wp-content\/uploads\/2026\/03\/IMG_6577-scaled.jpeg\",\"contentUrl\":\"https:\/\/philouequestrian.com\/wp-content\/uploads\/2026\/03\/IMG_6577-scaled.jpeg\",\"width\":1920,\"height\":2560},{\"@type\":\"BreadcrumbList\",\"@id\":\"https:\/\/philouequestrian.com\/termek\/velvet-rose-show-shirt\/#breadcrumb\",\"itemListElement\":[{\"@type\":\"ListItem\",\"position\":1,\"name\":\"Kezd\u0151lap\",\"item\":\"https:\/\/philouequestrian.com\/\"},{\"@type\":\"ListItem\",\"position\":2,\"name\":\"\u00dczlet\",\"item\":\"https:\/\/philouequestrian.com\/uzlet\/\"},{\"@type\":\"ListItem\",\"position\":3,\"name\":\"Velvet Rose Show Shirt\"}]},{\"@type\":\"WebSite\",\"@id\":\"https:\/\/philouequestrian.com\/#website\",\"url\":\"https:\/\/philouequestrian.com\/\",\"name\":\"Philou\",\"description\":\"Equestrian Clothing\",\"publisher\":{\"@id\":\"https:\/\/philouequestrian.com\/#organization\"},\"potentialAction\":[{\"@type\":\"SearchAction\",\"target\":{\"@type\":\"EntryPoint\",\"urlTemplate\":\"https:\/\/philouequestrian.com\/?s={search_term_string}\"},\"query-input\":{\"@type\":\"PropertyValueSpecification\",\"valueRequired\":true,\"valueName\":\"search_term_string\"}}],\"inLanguage\":\"en-US\"},{\"@type\":\"Organization\",\"@id\":\"https:\/\/philouequestrian.com\/#organization\",\"name\":\"Philou Equestrian Clothing\",\"url\":\"https:\/\/philouequestrian.com\/\",\"logo\":{\"@type\":\"ImageObject\",\"inLanguage\":\"en-US\",\"@id\":\"https:\/\/philouequestrian.com\/#\/schema\/logo\/image\/\",\"url\":\"https:\/\/philouequestrian.com\/wp-content\/uploads\/2022\/05\/philou-wbg.png\",\"contentUrl\":\"https:\/\/philouequestrian.com\/wp-content\/uploads\/2022\/05\/philou-wbg.png\",\"width\":2000,\"height\":2000,\"caption\":\"Philou Equestrian Clothing\"},\"image\":{\"@id\":\"https:\/\/philouequestrian.com\/#\/schema\/logo\/image\/\"},\"sameAs\":[\"https:\/\/www.facebook.com\/philouequestrian\",\"https:\/\/www.instagram.com\/philou_equestrian\/\"]}]}<\/script>\n<!-- \/ Yoast SEO plugin. -->","yoast_head_json":{"title":"Velvet Rose Show Shirt - Philou","robots":{"index":"index","follow":"follow","max-snippet":"max-snippet:-1","max-image-preview":"max-image-preview:large","max-video-preview":"max-video-preview:-1"},"canonical":"https:\/\/philouequestrian.com\/en\/product\/velvet-rose-show-shirt\/","og_locale":"en_US","og_type":"article","og_title":"Velvet Rose Show Shirt - Philou","og_description":"Ez az eleg\u00e1ns n\u0151i lovas versenying a klasszikus lovas st\u00edlust romantikus r\u00e9szletekkel \u00f6tv\u00f6zi. A k\u00fcl\u00f6nleges b\u00e1rsony r\u00f3zsa d\u00edsz\u00edt\u00e9s egyedi \u00e9s n\u0151ies megjelen\u00e9st k\u00f6lcs\u00f6n\u00f6z, amely igaz\u00e1n k\u00fcl\u00f6nlegess\u00e9 teszi a verseny \u00f6lt\u00f6zetet.  A versenying k\u00f6nny\u0171, rugalmas \u00e9s l\u00e9g\u00e1tereszt\u0151 anyagb\u00f3l k\u00e9sz\u00fclt, \u00edgy maxim\u00e1lis k\u00e9nyelmet biztos\u00edt lovagl\u00e1s k\u00f6zben. A karcs\u00fas\u00edtott szab\u00e1s t\u00f6k\u00e9letesen illeszkedik a testhez, mik\u00f6zben szabad mozg\u00e1st tesz lehet\u0151v\u00e9 a nyeregben.","og_url":"https:\/\/philouequestrian.com\/en\/product\/velvet-rose-show-shirt\/","og_site_name":"Philou","article_publisher":"https:\/\/www.facebook.com\/philouequestrian","og_image":[{"width":1920,"height":2560,"url":"https:\/\/philouequestrian.com\/wp-content\/uploads\/2026\/03\/IMG_6577-scaled.jpeg","type":"image\/jpeg"}],"twitter_card":"summary_large_image","twitter_misc":{"Est. reading time":"1 minute"},"schema":{"@context":"https:\/\/schema.org","@graph":[{"@type":"WebPage","@id":"https:\/\/philouequestrian.com\/termek\/velvet-rose-show-shirt\/","url":"https:\/\/philouequestrian.com\/termek\/velvet-rose-show-shirt\/","name":"Velvet Rose Show Shirt - Philou","isPartOf":{"@id":"https:\/\/philouequestrian.com\/#website"},"primaryImageOfPage":{"@id":"https:\/\/philouequestrian.com\/termek\/velvet-rose-show-shirt\/#primaryimage"},"image":{"@id":"https:\/\/philouequestrian.com\/termek\/velvet-rose-show-shirt\/#primaryimage"},"thumbnailUrl":"https:\/\/philouequestrian.com\/wp-content\/uploads\/2026\/03\/IMG_6577-scaled.jpeg","datePublished":"2026-03-10T13:35:21+00:00","dateModified":"2026-03-10T13:35:21+00:00","breadcrumb":{"@id":"https:\/\/philouequestrian.com\/termek\/velvet-rose-show-shirt\/#breadcrumb"},"inLanguage":"en-US","potentialAction":[{"@type":"ReadAction","target":["https:\/\/philouequestrian.com\/termek\/velvet-rose-show-shirt\/"]}]},{"@type":"ImageObject","inLanguage":"en-US","@id":"https:\/\/philouequestrian.com\/termek\/velvet-rose-show-shirt\/#primaryimage","url":"https:\/\/philouequestrian.com\/wp-content\/uploads\/2026\/03\/IMG_6577-scaled.jpeg","contentUrl":"https:\/\/philouequestrian.com\/wp-content\/uploads\/2026\/03\/IMG_6577-scaled.jpeg","width":1920,"height":2560},{"@type":"BreadcrumbList","@id":"https:\/\/philouequestrian.com\/termek\/velvet-rose-show-shirt\/#breadcrumb","itemListElement":[{"@type":"ListItem","position":1,"name":"Kezd\u0151lap","item":"https:\/\/philouequestrian.com\/"},{"@type":"ListItem","position":2,"name":"\u00dczlet","item":"https:\/\/philouequestrian.com\/uzlet\/"},{"@type":"ListItem","position":3,"name":"Velvet Rose Show Shirt"}]},{"@type":"WebSite","@id":"https:\/\/philouequestrian.com\/#website","url":"https:\/\/philouequestrian.com\/","name":"Philou","description":"Equestrian Clothing","publisher":{"@id":"https:\/\/philouequestrian.com\/#organization"},"potentialAction":[{"@type":"SearchAction","target":{"@type":"EntryPoint","urlTemplate":"https:\/\/philouequestrian.com\/?s={search_term_string}"},"query-input":{"@type":"PropertyValueSpecification","valueRequired":true,"valueName":"search_term_string"}}],"inLanguage":"en-US"},{"@type":"Organization","@id":"https:\/\/philouequestrian.com\/#organization","name":"Philou Equestrian Clothing","url":"https:\/\/philouequestrian.com\/","logo":{"@type":"ImageObject","inLanguage":"en-US","@id":"https:\/\/philouequestrian.com\/#\/schema\/logo\/image\/","url":"https:\/\/philouequestrian.com\/wp-content\/uploads\/2022\/05\/philou-wbg.png","contentUrl":"https:\/\/philouequestrian.com\/wp-content\/uploads\/2022\/05\/philou-wbg.png","width":2000,"height":2000,"caption":"Philou Equestrian Clothing"},"image":{"@id":"https:\/\/philouequestrian.com\/#\/schema\/logo\/image\/"},"sameAs":["https:\/\/www.facebook.com\/philouequestrian","https:\/\/www.instagram.com\/philou_equestrian\/"]}]}},"_links":{"self":[{"href":"https:\/\/philouequestrian.com\/en\/wp-json\/wp\/v2\/product\/4583","targetHints":{"allow":["GET"]}}],"collection":[{"href":"https:\/\/philouequestrian.com\/en\/wp-json\/wp\/v2\/product"}],"about":[{"href":"https:\/\/philouequestrian.com\/en\/wp-json\/wp\/v2\/types\/product"}],"wp:featuredmedia":[{"embeddable":true,"href":"https:\/\/philouequestrian.com\/en\/wp-json\/wp\/v2\/media\/4584"}],"wp:attachment":[{"href":"https:\/\/philouequestrian.com\/en\/wp-json\/wp\/v2\/media?parent=4583"}],"wp:term":[{"taxonomy":"product_cat","embeddable":true,"href":"https:\/\/philouequestrian.com\/en\/wp-json\/wp\/v2\/product_cat?post=4583"},{"taxonomy":"product_tag","embeddable":true,"href":"https:\/\/philouequestrian.com\/en\/wp-json\/wp\/v2\/product_tag?post=4583"}],"curies":[{"name":"wp","href":"https:\/\/api.w.org\/{rel}","templated":true}]}}