{"id":4603,"date":"2026-03-10T15:43:59","date_gmt":"2026-03-10T13:43:59","guid":{"rendered":"https:\/\/philouequestrian.com\/?post_type=product&#038;p=4603"},"modified":"2026-03-10T15:43:59","modified_gmt":"2026-03-10T13:43:59","slug":"glitter-gray-show-jacket","status":"publish","type":"product","link":"https:\/\/philouequestrian.com\/en\/product\/glitter-gray-show-jacket\/","title":{"rendered":"Glitter Gray Show Jacket"},"content":{"rendered":"","protected":false},"excerpt":{"rendered":"<p>This women's riding show jacket combines classic equestrian elegance with modern comfort. The slim fit accentuates the figure while providing maximum freedom of movement while riding. The clean gray color and contrasting trims create a particularly elegant look, making it the perfect choice for equestrian competitions, show jumping or dressage.<\/p>\n<p>The premium, stretchy material ensures that the jacket fits comfortably and remains comfortable even after extended wear. The classic button design and stylish collar give every rider an elegant, professional look.<\/p>","protected":false},"featured_media":4610,"template":"","meta":{"_acf_changed":false},"product_cat":[143],"product_tag":[],"class_list":{"0":"post-4603","1":"product","2":"type-product","3":"status-publish","4":"has-post-thumbnail","6":"product_cat-noi-lovas-versenyzako","8":"first","9":"instock","10":"taxable","11":"shipping-taxable","12":"purchasable","13":"product-type-variable"},"acf":[],"yoast_head":"<!-- This site is optimized with the Yoast SEO plugin v23.8 - https:\/\/yoast.com\/wordpress\/plugins\/seo\/ -->\n<title>Glitter Gray Show Jacket - Philou<\/title>\n<meta name=\"robots\" content=\"index, follow, max-snippet:-1, max-image-preview:large, max-video-preview:-1\" \/>\n<link rel=\"canonical\" href=\"https:\/\/philouequestrian.com\/en\/product\/glitter-gray-show-jacket\/\" \/>\n<meta property=\"og:locale\" content=\"en_US\" \/>\n<meta property=\"og:type\" content=\"article\" \/>\n<meta property=\"og:title\" content=\"Glitter Gray Show Jacket - Philou\" \/>\n<meta property=\"og:description\" content=\"Ez a n\u0151i lovas zak\u00f3 a klasszikus lovas eleganci\u00e1t \u00f6tv\u00f6zi a modern k\u00e9nyelemmel. A karcs\u00fas\u00edtott szab\u00e1s kiemeli az alakot, mik\u00f6zben maxim\u00e1lis mozg\u00e1sszabads\u00e1got biztos\u00edt lovagl\u00e1s k\u00f6zben. A letisztult sz\u00fcrke sz\u00edn \u00e9s a kontrasztos d\u00edsz\u00edt\u00e9sek k\u00fcl\u00f6n\u00f6sen eleg\u00e1ns megjelen\u00e9st adnak, \u00edgy t\u00f6k\u00e9letes v\u00e1laszt\u00e1s lovas versenyekre, d\u00edjugrat\u00e1sra vagy d\u00edjlovagl\u00e1sra.  A pr\u00e9mium min\u0151s\u00e9g\u0171, rugalmas anyag biztos\u00edtja, hogy a zak\u00f3 k\u00e9nyelmesen illeszkedjen \u00e9s hosszabb visel\u00e9s sor\u00e1n is komfortos maradjon. A klasszikus gombos kialak\u00edt\u00e1s \u00e9s a st\u00edlusos gall\u00e9r eleg\u00e1ns, professzion\u00e1lis megjelen\u00e9st k\u00f6lcs\u00f6n\u00f6z minden lovasnak.\" \/>\n<meta property=\"og:url\" content=\"https:\/\/philouequestrian.com\/en\/product\/glitter-gray-show-jacket\/\" \/>\n<meta property=\"og:site_name\" content=\"Philou\" \/>\n<meta property=\"article:publisher\" content=\"https:\/\/www.facebook.com\/philouequestrian\" \/>\n<meta property=\"og:image\" content=\"https:\/\/philouequestrian.com\/wp-content\/uploads\/2026\/03\/IMG_6569-1-scaled.jpeg\" \/>\n\t<meta property=\"og:image:width\" content=\"1920\" \/>\n\t<meta property=\"og:image:height\" content=\"2560\" \/>\n\t<meta property=\"og:image:type\" content=\"image\/jpeg\" \/>\n<meta name=\"twitter:card\" content=\"summary_large_image\" \/>\n<meta name=\"twitter:label1\" content=\"Est. reading time\" \/>\n\t<meta name=\"twitter:data1\" content=\"1 minute\" \/>\n<script type=\"application\/ld+json\" class=\"yoast-schema-graph\">{\"@context\":\"https:\/\/schema.org\",\"@graph\":[{\"@type\":\"WebPage\",\"@id\":\"https:\/\/philouequestrian.com\/termek\/glitter-gray-show-jacket\/\",\"url\":\"https:\/\/philouequestrian.com\/termek\/glitter-gray-show-jacket\/\",\"name\":\"Glitter Gray Show Jacket - Philou\",\"isPartOf\":{\"@id\":\"https:\/\/philouequestrian.com\/#website\"},\"primaryImageOfPage\":{\"@id\":\"https:\/\/philouequestrian.com\/termek\/glitter-gray-show-jacket\/#primaryimage\"},\"image\":{\"@id\":\"https:\/\/philouequestrian.com\/termek\/glitter-gray-show-jacket\/#primaryimage\"},\"thumbnailUrl\":\"https:\/\/philouequestrian.com\/wp-content\/uploads\/2026\/03\/IMG_6569-1-scaled.jpeg\",\"datePublished\":\"2026-03-10T13:43:59+00:00\",\"dateModified\":\"2026-03-10T13:43:59+00:00\",\"breadcrumb\":{\"@id\":\"https:\/\/philouequestrian.com\/termek\/glitter-gray-show-jacket\/#breadcrumb\"},\"inLanguage\":\"en-US\",\"potentialAction\":[{\"@type\":\"ReadAction\",\"target\":[\"https:\/\/philouequestrian.com\/termek\/glitter-gray-show-jacket\/\"]}]},{\"@type\":\"ImageObject\",\"inLanguage\":\"en-US\",\"@id\":\"https:\/\/philouequestrian.com\/termek\/glitter-gray-show-jacket\/#primaryimage\",\"url\":\"https:\/\/philouequestrian.com\/wp-content\/uploads\/2026\/03\/IMG_6569-1-scaled.jpeg\",\"contentUrl\":\"https:\/\/philouequestrian.com\/wp-content\/uploads\/2026\/03\/IMG_6569-1-scaled.jpeg\",\"width\":1920,\"height\":2560},{\"@type\":\"BreadcrumbList\",\"@id\":\"https:\/\/philouequestrian.com\/termek\/glitter-gray-show-jacket\/#breadcrumb\",\"itemListElement\":[{\"@type\":\"ListItem\",\"position\":1,\"name\":\"Kezd\u0151lap\",\"item\":\"https:\/\/philouequestrian.com\/\"},{\"@type\":\"ListItem\",\"position\":2,\"name\":\"\u00dczlet\",\"item\":\"https:\/\/philouequestrian.com\/uzlet\/\"},{\"@type\":\"ListItem\",\"position\":3,\"name\":\"Glitter Gray Show Jacket\"}]},{\"@type\":\"WebSite\",\"@id\":\"https:\/\/philouequestrian.com\/#website\",\"url\":\"https:\/\/philouequestrian.com\/\",\"name\":\"Philou\",\"description\":\"Equestrian Clothing\",\"publisher\":{\"@id\":\"https:\/\/philouequestrian.com\/#organization\"},\"potentialAction\":[{\"@type\":\"SearchAction\",\"target\":{\"@type\":\"EntryPoint\",\"urlTemplate\":\"https:\/\/philouequestrian.com\/?s={search_term_string}\"},\"query-input\":{\"@type\":\"PropertyValueSpecification\",\"valueRequired\":true,\"valueName\":\"search_term_string\"}}],\"inLanguage\":\"en-US\"},{\"@type\":\"Organization\",\"@id\":\"https:\/\/philouequestrian.com\/#organization\",\"name\":\"Philou Equestrian Clothing\",\"url\":\"https:\/\/philouequestrian.com\/\",\"logo\":{\"@type\":\"ImageObject\",\"inLanguage\":\"en-US\",\"@id\":\"https:\/\/philouequestrian.com\/#\/schema\/logo\/image\/\",\"url\":\"https:\/\/philouequestrian.com\/wp-content\/uploads\/2022\/05\/philou-wbg.png\",\"contentUrl\":\"https:\/\/philouequestrian.com\/wp-content\/uploads\/2022\/05\/philou-wbg.png\",\"width\":2000,\"height\":2000,\"caption\":\"Philou Equestrian Clothing\"},\"image\":{\"@id\":\"https:\/\/philouequestrian.com\/#\/schema\/logo\/image\/\"},\"sameAs\":[\"https:\/\/www.facebook.com\/philouequestrian\",\"https:\/\/www.instagram.com\/philou_equestrian\/\"]}]}<\/script>\n<!-- \/ Yoast SEO plugin. -->","yoast_head_json":{"title":"Glitter Gray Show Jacket - Philou","robots":{"index":"index","follow":"follow","max-snippet":"max-snippet:-1","max-image-preview":"max-image-preview:large","max-video-preview":"max-video-preview:-1"},"canonical":"https:\/\/philouequestrian.com\/en\/product\/glitter-gray-show-jacket\/","og_locale":"en_US","og_type":"article","og_title":"Glitter Gray Show Jacket - Philou","og_description":"Ez a n\u0151i lovas zak\u00f3 a klasszikus lovas eleganci\u00e1t \u00f6tv\u00f6zi a modern k\u00e9nyelemmel. A karcs\u00fas\u00edtott szab\u00e1s kiemeli az alakot, mik\u00f6zben maxim\u00e1lis mozg\u00e1sszabads\u00e1got biztos\u00edt lovagl\u00e1s k\u00f6zben. A letisztult sz\u00fcrke sz\u00edn \u00e9s a kontrasztos d\u00edsz\u00edt\u00e9sek k\u00fcl\u00f6n\u00f6sen eleg\u00e1ns megjelen\u00e9st adnak, \u00edgy t\u00f6k\u00e9letes v\u00e1laszt\u00e1s lovas versenyekre, d\u00edjugrat\u00e1sra vagy d\u00edjlovagl\u00e1sra.  A pr\u00e9mium min\u0151s\u00e9g\u0171, rugalmas anyag biztos\u00edtja, hogy a zak\u00f3 k\u00e9nyelmesen illeszkedjen \u00e9s hosszabb visel\u00e9s sor\u00e1n is komfortos maradjon. A klasszikus gombos kialak\u00edt\u00e1s \u00e9s a st\u00edlusos gall\u00e9r eleg\u00e1ns, professzion\u00e1lis megjelen\u00e9st k\u00f6lcs\u00f6n\u00f6z minden lovasnak.","og_url":"https:\/\/philouequestrian.com\/en\/product\/glitter-gray-show-jacket\/","og_site_name":"Philou","article_publisher":"https:\/\/www.facebook.com\/philouequestrian","og_image":[{"width":1920,"height":2560,"url":"https:\/\/philouequestrian.com\/wp-content\/uploads\/2026\/03\/IMG_6569-1-scaled.jpeg","type":"image\/jpeg"}],"twitter_card":"summary_large_image","twitter_misc":{"Est. reading time":"1 minute"},"schema":{"@context":"https:\/\/schema.org","@graph":[{"@type":"WebPage","@id":"https:\/\/philouequestrian.com\/termek\/glitter-gray-show-jacket\/","url":"https:\/\/philouequestrian.com\/termek\/glitter-gray-show-jacket\/","name":"Glitter Gray Show Jacket - Philou","isPartOf":{"@id":"https:\/\/philouequestrian.com\/#website"},"primaryImageOfPage":{"@id":"https:\/\/philouequestrian.com\/termek\/glitter-gray-show-jacket\/#primaryimage"},"image":{"@id":"https:\/\/philouequestrian.com\/termek\/glitter-gray-show-jacket\/#primaryimage"},"thumbnailUrl":"https:\/\/philouequestrian.com\/wp-content\/uploads\/2026\/03\/IMG_6569-1-scaled.jpeg","datePublished":"2026-03-10T13:43:59+00:00","dateModified":"2026-03-10T13:43:59+00:00","breadcrumb":{"@id":"https:\/\/philouequestrian.com\/termek\/glitter-gray-show-jacket\/#breadcrumb"},"inLanguage":"en-US","potentialAction":[{"@type":"ReadAction","target":["https:\/\/philouequestrian.com\/termek\/glitter-gray-show-jacket\/"]}]},{"@type":"ImageObject","inLanguage":"en-US","@id":"https:\/\/philouequestrian.com\/termek\/glitter-gray-show-jacket\/#primaryimage","url":"https:\/\/philouequestrian.com\/wp-content\/uploads\/2026\/03\/IMG_6569-1-scaled.jpeg","contentUrl":"https:\/\/philouequestrian.com\/wp-content\/uploads\/2026\/03\/IMG_6569-1-scaled.jpeg","width":1920,"height":2560},{"@type":"BreadcrumbList","@id":"https:\/\/philouequestrian.com\/termek\/glitter-gray-show-jacket\/#breadcrumb","itemListElement":[{"@type":"ListItem","position":1,"name":"Kezd\u0151lap","item":"https:\/\/philouequestrian.com\/"},{"@type":"ListItem","position":2,"name":"\u00dczlet","item":"https:\/\/philouequestrian.com\/uzlet\/"},{"@type":"ListItem","position":3,"name":"Glitter Gray Show Jacket"}]},{"@type":"WebSite","@id":"https:\/\/philouequestrian.com\/#website","url":"https:\/\/philouequestrian.com\/","name":"Philou","description":"Equestrian Clothing","publisher":{"@id":"https:\/\/philouequestrian.com\/#organization"},"potentialAction":[{"@type":"SearchAction","target":{"@type":"EntryPoint","urlTemplate":"https:\/\/philouequestrian.com\/?s={search_term_string}"},"query-input":{"@type":"PropertyValueSpecification","valueRequired":true,"valueName":"search_term_string"}}],"inLanguage":"en-US"},{"@type":"Organization","@id":"https:\/\/philouequestrian.com\/#organization","name":"Philou Equestrian Clothing","url":"https:\/\/philouequestrian.com\/","logo":{"@type":"ImageObject","inLanguage":"en-US","@id":"https:\/\/philouequestrian.com\/#\/schema\/logo\/image\/","url":"https:\/\/philouequestrian.com\/wp-content\/uploads\/2022\/05\/philou-wbg.png","contentUrl":"https:\/\/philouequestrian.com\/wp-content\/uploads\/2022\/05\/philou-wbg.png","width":2000,"height":2000,"caption":"Philou Equestrian Clothing"},"image":{"@id":"https:\/\/philouequestrian.com\/#\/schema\/logo\/image\/"},"sameAs":["https:\/\/www.facebook.com\/philouequestrian","https:\/\/www.instagram.com\/philou_equestrian\/"]}]}},"_links":{"self":[{"href":"https:\/\/philouequestrian.com\/en\/wp-json\/wp\/v2\/product\/4603","targetHints":{"allow":["GET"]}}],"collection":[{"href":"https:\/\/philouequestrian.com\/en\/wp-json\/wp\/v2\/product"}],"about":[{"href":"https:\/\/philouequestrian.com\/en\/wp-json\/wp\/v2\/types\/product"}],"wp:featuredmedia":[{"embeddable":true,"href":"https:\/\/philouequestrian.com\/en\/wp-json\/wp\/v2\/media\/4610"}],"wp:attachment":[{"href":"https:\/\/philouequestrian.com\/en\/wp-json\/wp\/v2\/media?parent=4603"}],"wp:term":[{"taxonomy":"product_cat","embeddable":true,"href":"https:\/\/philouequestrian.com\/en\/wp-json\/wp\/v2\/product_cat?post=4603"},{"taxonomy":"product_tag","embeddable":true,"href":"https:\/\/philouequestrian.com\/en\/wp-json\/wp\/v2\/product_tag?post=4603"}],"curies":[{"name":"wp","href":"https:\/\/api.w.org\/{rel}","templated":true}]}}