{"id":4661,"date":"2026-04-18T14:24:22","date_gmt":"2026-04-18T12:24:22","guid":{"rendered":"https:\/\/philouequestrian.com\/?post_type=product&#038;p=4661"},"modified":"2026-04-18T17:43:44","modified_gmt":"2026-04-18T15:43:44","slug":"classy-line-saddlepad","status":"publish","type":"product","link":"https:\/\/philouequestrian.com\/en\/product\/classy-line-saddlepad\/","title":{"rendered":"Classy Line Saddlepad"},"content":{"rendered":"","protected":false},"excerpt":{"rendered":"<p>Ez a kifinomult megjelen\u00e9s\u0171 nyeregal\u00e1t\u00e9t ide\u00e1lis v\u00e1laszt\u00e1s mindennapi edz\u00e9shez \u00e9s versenyz\u00e9shez egyar\u00e1nt. A klasszikus b\u00e9zs sz\u00edn \u00e9s a barna m\u0171b\u0151r szeg\u00e9ly eleg\u00e1ns, id\u0151t\u00e1ll\u00f3 st\u00edlust k\u00f6lcs\u00f6n\u00f6z, mik\u00f6zben\u00a0 a cikkcakk steppel\u00e9s modern mehjelen\u00e9st biztos\u00edt.<\/p>\n<p>A kiv\u00e1ll\u00f3 min\u0151s\u00e9g\u0171 l\u00e9g\u00e1tereszt\u0151s anyag seg\u00edti a megfelel\u0151 h\u0151 \u00e9s nedvess\u00e9g elvezet\u00e9st, n\u00f6velve a l\u00f3 komfort \u00e9rzet\u00e9t m\u00e9g az intenz\u00edv haszn\u00e1lat sor\u00e1n is. Anat\u00f3miai kialak\u00edt\u00e1sa biztos\u00edtja a j\u00f3 illeszked\u00e9st, stabilan tartja a nyerget.<\/p>","protected":false},"featured_media":4662,"template":"","meta":{"_acf_changed":false},"product_cat":[128],"product_tag":[144,145],"class_list":{"0":"post-4661","1":"product","2":"type-product","3":"status-publish","4":"has-post-thumbnail","6":"product_cat-nyeregalatet","7":"product_tag-nyeregalatet","8":"product_tag-ugro-nyeregalatet","10":"first","11":"instock","12":"taxable","13":"shipping-taxable","14":"purchasable","15":"product-type-simple"},"acf":[],"yoast_head":"<!-- This site is optimized with the Yoast SEO plugin v23.8 - https:\/\/yoast.com\/wordpress\/plugins\/seo\/ -->\n<title>Classy Line Saddlepad - Philou<\/title>\n<meta name=\"description\" content=\"Eleg\u00e1ns, steppelt b\u00e9zs sz\u00edn\u0171 nyeregal\u00e1t\u00e9t pr\u00e9mium anyagb\u00f3l, kiv\u00e1l\u00f3 szell\u0151z\u00e9ssel \u00e9s k\u00e9nyelmes illeszked\u00e9ssel. St\u00edlusos megjelen\u00e9s \u00e9s maxim\u00e1lis komfort l\u00f3 \u00e9s lovas sz\u00e1m\u00e1ra.\" \/>\n<meta name=\"robots\" content=\"index, follow, max-snippet:-1, max-image-preview:large, max-video-preview:-1\" \/>\n<link rel=\"canonical\" href=\"https:\/\/philouequestrian.com\/en\/product\/classy-line-saddlepad\/\" \/>\n<meta property=\"og:locale\" content=\"en_US\" \/>\n<meta property=\"og:type\" content=\"article\" \/>\n<meta property=\"og:title\" content=\"Classy Line Saddlepad - Philou\" \/>\n<meta property=\"og:description\" content=\"Eleg\u00e1ns, steppelt b\u00e9zs sz\u00edn\u0171 nyeregal\u00e1t\u00e9t pr\u00e9mium anyagb\u00f3l, kiv\u00e1l\u00f3 szell\u0151z\u00e9ssel \u00e9s k\u00e9nyelmes illeszked\u00e9ssel. St\u00edlusos megjelen\u00e9s \u00e9s maxim\u00e1lis komfort l\u00f3 \u00e9s lovas sz\u00e1m\u00e1ra.\" \/>\n<meta property=\"og:url\" content=\"https:\/\/philouequestrian.com\/en\/product\/classy-line-saddlepad\/\" \/>\n<meta property=\"og:site_name\" content=\"Philou\" \/>\n<meta property=\"article:publisher\" content=\"https:\/\/www.facebook.com\/philouequestrian\" \/>\n<meta property=\"article:modified_time\" content=\"2026-04-18T15:43:44+00:00\" \/>\n<meta property=\"og:image\" content=\"https:\/\/philouequestrian.com\/wp-content\/uploads\/2026\/04\/IMG_7488-scaled.jpeg\" \/>\n\t<meta property=\"og:image:width\" content=\"2227\" \/>\n\t<meta property=\"og:image:height\" content=\"2560\" \/>\n\t<meta property=\"og:image:type\" content=\"image\/jpeg\" \/>\n<meta name=\"twitter:card\" content=\"summary_large_image\" \/>\n<meta name=\"twitter:label1\" content=\"Est. reading time\" \/>\n\t<meta name=\"twitter:data1\" content=\"1 minute\" \/>\n<script type=\"application\/ld+json\" class=\"yoast-schema-graph\">{\"@context\":\"https:\/\/schema.org\",\"@graph\":[{\"@type\":\"WebPage\",\"@id\":\"https:\/\/philouequestrian.com\/termek\/classy-line-saddlepad\/\",\"url\":\"https:\/\/philouequestrian.com\/termek\/classy-line-saddlepad\/\",\"name\":\"Classy Line Saddlepad - Philou\",\"isPartOf\":{\"@id\":\"https:\/\/philouequestrian.com\/#website\"},\"primaryImageOfPage\":{\"@id\":\"https:\/\/philouequestrian.com\/termek\/classy-line-saddlepad\/#primaryimage\"},\"image\":{\"@id\":\"https:\/\/philouequestrian.com\/termek\/classy-line-saddlepad\/#primaryimage\"},\"thumbnailUrl\":\"https:\/\/philouequestrian.com\/wp-content\/uploads\/2026\/04\/IMG_7488-scaled.jpeg\",\"datePublished\":\"2026-04-18T12:24:22+00:00\",\"dateModified\":\"2026-04-18T15:43:44+00:00\",\"description\":\"Eleg\u00e1ns, steppelt b\u00e9zs sz\u00edn\u0171 nyeregal\u00e1t\u00e9t pr\u00e9mium anyagb\u00f3l, kiv\u00e1l\u00f3 szell\u0151z\u00e9ssel \u00e9s k\u00e9nyelmes illeszked\u00e9ssel. St\u00edlusos megjelen\u00e9s \u00e9s maxim\u00e1lis komfort l\u00f3 \u00e9s lovas sz\u00e1m\u00e1ra.\",\"breadcrumb\":{\"@id\":\"https:\/\/philouequestrian.com\/termek\/classy-line-saddlepad\/#breadcrumb\"},\"inLanguage\":\"en-US\",\"potentialAction\":[{\"@type\":\"ReadAction\",\"target\":[\"https:\/\/philouequestrian.com\/termek\/classy-line-saddlepad\/\"]}]},{\"@type\":\"ImageObject\",\"inLanguage\":\"en-US\",\"@id\":\"https:\/\/philouequestrian.com\/termek\/classy-line-saddlepad\/#primaryimage\",\"url\":\"https:\/\/philouequestrian.com\/wp-content\/uploads\/2026\/04\/IMG_7488-scaled.jpeg\",\"contentUrl\":\"https:\/\/philouequestrian.com\/wp-content\/uploads\/2026\/04\/IMG_7488-scaled.jpeg\",\"width\":2227,\"height\":2560},{\"@type\":\"BreadcrumbList\",\"@id\":\"https:\/\/philouequestrian.com\/termek\/classy-line-saddlepad\/#breadcrumb\",\"itemListElement\":[{\"@type\":\"ListItem\",\"position\":1,\"name\":\"Kezd\u0151lap\",\"item\":\"https:\/\/philouequestrian.com\/\"},{\"@type\":\"ListItem\",\"position\":2,\"name\":\"\u00dczlet\",\"item\":\"https:\/\/philouequestrian.com\/uzlet\/\"},{\"@type\":\"ListItem\",\"position\":3,\"name\":\"Classy Line Saddlepad\"}]},{\"@type\":\"WebSite\",\"@id\":\"https:\/\/philouequestrian.com\/#website\",\"url\":\"https:\/\/philouequestrian.com\/\",\"name\":\"Philou\",\"description\":\"Equestrian Clothing\",\"publisher\":{\"@id\":\"https:\/\/philouequestrian.com\/#organization\"},\"potentialAction\":[{\"@type\":\"SearchAction\",\"target\":{\"@type\":\"EntryPoint\",\"urlTemplate\":\"https:\/\/philouequestrian.com\/?s={search_term_string}\"},\"query-input\":{\"@type\":\"PropertyValueSpecification\",\"valueRequired\":true,\"valueName\":\"search_term_string\"}}],\"inLanguage\":\"en-US\"},{\"@type\":\"Organization\",\"@id\":\"https:\/\/philouequestrian.com\/#organization\",\"name\":\"Philou Equestrian Clothing\",\"url\":\"https:\/\/philouequestrian.com\/\",\"logo\":{\"@type\":\"ImageObject\",\"inLanguage\":\"en-US\",\"@id\":\"https:\/\/philouequestrian.com\/#\/schema\/logo\/image\/\",\"url\":\"https:\/\/philouequestrian.com\/wp-content\/uploads\/2022\/05\/philou-wbg.png\",\"contentUrl\":\"https:\/\/philouequestrian.com\/wp-content\/uploads\/2022\/05\/philou-wbg.png\",\"width\":2000,\"height\":2000,\"caption\":\"Philou Equestrian Clothing\"},\"image\":{\"@id\":\"https:\/\/philouequestrian.com\/#\/schema\/logo\/image\/\"},\"sameAs\":[\"https:\/\/www.facebook.com\/philouequestrian\",\"https:\/\/www.instagram.com\/philou_equestrian\/\"]}]}<\/script>\n<!-- \/ Yoast SEO plugin. -->","yoast_head_json":{"title":"Classy Line Saddlepad - Philou","description":"Eleg\u00e1ns, steppelt b\u00e9zs sz\u00edn\u0171 nyeregal\u00e1t\u00e9t pr\u00e9mium anyagb\u00f3l, kiv\u00e1l\u00f3 szell\u0151z\u00e9ssel \u00e9s k\u00e9nyelmes illeszked\u00e9ssel. St\u00edlusos megjelen\u00e9s \u00e9s maxim\u00e1lis komfort l\u00f3 \u00e9s lovas sz\u00e1m\u00e1ra.","robots":{"index":"index","follow":"follow","max-snippet":"max-snippet:-1","max-image-preview":"max-image-preview:large","max-video-preview":"max-video-preview:-1"},"canonical":"https:\/\/philouequestrian.com\/en\/product\/classy-line-saddlepad\/","og_locale":"en_US","og_type":"article","og_title":"Classy Line Saddlepad - Philou","og_description":"Eleg\u00e1ns, steppelt b\u00e9zs sz\u00edn\u0171 nyeregal\u00e1t\u00e9t pr\u00e9mium anyagb\u00f3l, kiv\u00e1l\u00f3 szell\u0151z\u00e9ssel \u00e9s k\u00e9nyelmes illeszked\u00e9ssel. St\u00edlusos megjelen\u00e9s \u00e9s maxim\u00e1lis komfort l\u00f3 \u00e9s lovas sz\u00e1m\u00e1ra.","og_url":"https:\/\/philouequestrian.com\/en\/product\/classy-line-saddlepad\/","og_site_name":"Philou","article_publisher":"https:\/\/www.facebook.com\/philouequestrian","article_modified_time":"2026-04-18T15:43:44+00:00","og_image":[{"width":2227,"height":2560,"url":"https:\/\/philouequestrian.com\/wp-content\/uploads\/2026\/04\/IMG_7488-scaled.jpeg","type":"image\/jpeg"}],"twitter_card":"summary_large_image","twitter_misc":{"Est. reading time":"1 minute"},"schema":{"@context":"https:\/\/schema.org","@graph":[{"@type":"WebPage","@id":"https:\/\/philouequestrian.com\/termek\/classy-line-saddlepad\/","url":"https:\/\/philouequestrian.com\/termek\/classy-line-saddlepad\/","name":"Classy Line Saddlepad - Philou","isPartOf":{"@id":"https:\/\/philouequestrian.com\/#website"},"primaryImageOfPage":{"@id":"https:\/\/philouequestrian.com\/termek\/classy-line-saddlepad\/#primaryimage"},"image":{"@id":"https:\/\/philouequestrian.com\/termek\/classy-line-saddlepad\/#primaryimage"},"thumbnailUrl":"https:\/\/philouequestrian.com\/wp-content\/uploads\/2026\/04\/IMG_7488-scaled.jpeg","datePublished":"2026-04-18T12:24:22+00:00","dateModified":"2026-04-18T15:43:44+00:00","description":"Eleg\u00e1ns, steppelt b\u00e9zs sz\u00edn\u0171 nyeregal\u00e1t\u00e9t pr\u00e9mium anyagb\u00f3l, kiv\u00e1l\u00f3 szell\u0151z\u00e9ssel \u00e9s k\u00e9nyelmes illeszked\u00e9ssel. St\u00edlusos megjelen\u00e9s \u00e9s maxim\u00e1lis komfort l\u00f3 \u00e9s lovas sz\u00e1m\u00e1ra.","breadcrumb":{"@id":"https:\/\/philouequestrian.com\/termek\/classy-line-saddlepad\/#breadcrumb"},"inLanguage":"en-US","potentialAction":[{"@type":"ReadAction","target":["https:\/\/philouequestrian.com\/termek\/classy-line-saddlepad\/"]}]},{"@type":"ImageObject","inLanguage":"en-US","@id":"https:\/\/philouequestrian.com\/termek\/classy-line-saddlepad\/#primaryimage","url":"https:\/\/philouequestrian.com\/wp-content\/uploads\/2026\/04\/IMG_7488-scaled.jpeg","contentUrl":"https:\/\/philouequestrian.com\/wp-content\/uploads\/2026\/04\/IMG_7488-scaled.jpeg","width":2227,"height":2560},{"@type":"BreadcrumbList","@id":"https:\/\/philouequestrian.com\/termek\/classy-line-saddlepad\/#breadcrumb","itemListElement":[{"@type":"ListItem","position":1,"name":"Kezd\u0151lap","item":"https:\/\/philouequestrian.com\/"},{"@type":"ListItem","position":2,"name":"\u00dczlet","item":"https:\/\/philouequestrian.com\/uzlet\/"},{"@type":"ListItem","position":3,"name":"Classy Line Saddlepad"}]},{"@type":"WebSite","@id":"https:\/\/philouequestrian.com\/#website","url":"https:\/\/philouequestrian.com\/","name":"Philou","description":"Equestrian Clothing","publisher":{"@id":"https:\/\/philouequestrian.com\/#organization"},"potentialAction":[{"@type":"SearchAction","target":{"@type":"EntryPoint","urlTemplate":"https:\/\/philouequestrian.com\/?s={search_term_string}"},"query-input":{"@type":"PropertyValueSpecification","valueRequired":true,"valueName":"search_term_string"}}],"inLanguage":"en-US"},{"@type":"Organization","@id":"https:\/\/philouequestrian.com\/#organization","name":"Philou Equestrian Clothing","url":"https:\/\/philouequestrian.com\/","logo":{"@type":"ImageObject","inLanguage":"en-US","@id":"https:\/\/philouequestrian.com\/#\/schema\/logo\/image\/","url":"https:\/\/philouequestrian.com\/wp-content\/uploads\/2022\/05\/philou-wbg.png","contentUrl":"https:\/\/philouequestrian.com\/wp-content\/uploads\/2022\/05\/philou-wbg.png","width":2000,"height":2000,"caption":"Philou Equestrian Clothing"},"image":{"@id":"https:\/\/philouequestrian.com\/#\/schema\/logo\/image\/"},"sameAs":["https:\/\/www.facebook.com\/philouequestrian","https:\/\/www.instagram.com\/philou_equestrian\/"]}]}},"_links":{"self":[{"href":"https:\/\/philouequestrian.com\/en\/wp-json\/wp\/v2\/product\/4661","targetHints":{"allow":["GET"]}}],"collection":[{"href":"https:\/\/philouequestrian.com\/en\/wp-json\/wp\/v2\/product"}],"about":[{"href":"https:\/\/philouequestrian.com\/en\/wp-json\/wp\/v2\/types\/product"}],"wp:featuredmedia":[{"embeddable":true,"href":"https:\/\/philouequestrian.com\/en\/wp-json\/wp\/v2\/media\/4662"}],"wp:attachment":[{"href":"https:\/\/philouequestrian.com\/en\/wp-json\/wp\/v2\/media?parent=4661"}],"wp:term":[{"taxonomy":"product_cat","embeddable":true,"href":"https:\/\/philouequestrian.com\/en\/wp-json\/wp\/v2\/product_cat?post=4661"},{"taxonomy":"product_tag","embeddable":true,"href":"https:\/\/philouequestrian.com\/en\/wp-json\/wp\/v2\/product_tag?post=4661"}],"curies":[{"name":"wp","href":"https:\/\/api.w.org\/{rel}","templated":true}]}}