{"id":4676,"date":"2026-04-18T16:15:24","date_gmt":"2026-04-18T14:15:24","guid":{"rendered":"https:\/\/philouequestrian.com\/?post_type=product&#038;p=4676"},"modified":"2026-04-18T17:24:10","modified_gmt":"2026-04-18T15:24:10","slug":"classy-line-glowes-bor-lovaglo-kesztyu-legatersztos-lovaglo-kesztyu","status":"publish","type":"product","link":"https:\/\/philouequestrian.com\/en\/product\/classy-line-glowes-bor-lovaglo-kesztyu-legatersztos-lovaglo-kesztyu\/","title":{"rendered":"Classy Line Glowes"},"content":{"rendered":"","protected":false},"excerpt":{"rendered":"<p>Ez a luxus kivitel\u0171 lovagl\u00f3keszty\u0171 a kifinomult st\u00edlus \u00e9s a modern funkcionalit\u00e1s t\u00f6k\u00e9letes \u00f6tv\u00f6zete. Az eleg\u00e1ns beige-barna sz\u00ednkombin\u00e1ci\u00f3 id\u0151t\u00e1ll\u00f3 megjelen\u00e9st biztos\u00edt, a mutat\u00f3 \u00e9s h\u00fcvelyk ujjon elhelyezett \u00e9rint\u0151k\u00e9perny\u0151 kompatibilis bet\u00e9t lehet\u0151v\u00e9 teszi a telefon haszn\u00e1latt\u00e1t an\u00e9lk\u00fcl, hogy le kellene venni a keszty\u0171t. A fels\u0151 r\u00e9sze k\u00f6nny\u0171 l\u00e9g\u00e1tereszt\u0151s anyagb\u00f3l k\u00e9sz\u00fclt amely optim\u00e1lis komfortot ny\u00fajt m\u00e9g a hosszabb edz\u00e9sek sor\u00e1n is, igazi praktikus megold\u00e1s a modern lovasok sz\u00e1m\u00e1ra.<\/p>","protected":false},"featured_media":4677,"template":"","meta":{"_acf_changed":false},"product_cat":[109],"product_tag":[],"class_list":{"0":"post-4676","1":"product","2":"type-product","3":"status-publish","4":"has-post-thumbnail","6":"product_cat-kiegeszitok","8":"first","9":"instock","10":"taxable","11":"shipping-taxable","12":"purchasable","13":"product-type-variable"},"acf":[],"yoast_head":"<!-- This site is optimized with the Yoast SEO plugin v23.8 - https:\/\/yoast.com\/wordpress\/plugins\/seo\/ -->\n<title>Classy Line Glowes - Philou<\/title>\n<meta name=\"description\" content=\"Eleg\u00e9n beige-barna b\u0151r lovagl\u00f3 keszty\u0171 l\u00e9g\u00e1terszt\u0151s anyaggal \u00e9s kiv\u00e1l\u00f3 tapad\u00e1ssal, touch bet\u00e9ttel. K\u00e9nyelmes st\u00edlusos v\u00e1laszt\u00e1s a mindennapi lovagl\u00e1shoz.\" \/>\n<meta name=\"robots\" content=\"index, follow, max-snippet:-1, max-image-preview:large, max-video-preview:-1\" \/>\n<link rel=\"canonical\" href=\"https:\/\/philouequestrian.com\/en\/product\/classy-line-glowes-bor-lovaglo-kesztyu-legatersztos-lovaglo-kesztyu\/\" \/>\n<meta property=\"og:locale\" content=\"en_US\" \/>\n<meta property=\"og:type\" content=\"article\" \/>\n<meta property=\"og:title\" content=\"Classy Line Glowes - Philou\" \/>\n<meta property=\"og:description\" content=\"Eleg\u00e9n beige-barna b\u0151r lovagl\u00f3 keszty\u0171 l\u00e9g\u00e1terszt\u0151s anyaggal \u00e9s kiv\u00e1l\u00f3 tapad\u00e1ssal, touch bet\u00e9ttel. K\u00e9nyelmes st\u00edlusos v\u00e1laszt\u00e1s a mindennapi lovagl\u00e1shoz.\" \/>\n<meta property=\"og:url\" content=\"https:\/\/philouequestrian.com\/en\/product\/classy-line-glowes-bor-lovaglo-kesztyu-legatersztos-lovaglo-kesztyu\/\" \/>\n<meta property=\"og:site_name\" content=\"Philou\" \/>\n<meta property=\"article:publisher\" content=\"https:\/\/www.facebook.com\/philouequestrian\" \/>\n<meta property=\"article:modified_time\" content=\"2026-04-18T15:24:10+00:00\" \/>\n<meta property=\"og:image\" content=\"https:\/\/philouequestrian.com\/wp-content\/uploads\/2026\/04\/IMG_7513-scaled.jpeg\" \/>\n\t<meta property=\"og:image:width\" content=\"1775\" \/>\n\t<meta property=\"og:image:height\" content=\"2560\" \/>\n\t<meta property=\"og:image:type\" content=\"image\/jpeg\" \/>\n<meta name=\"twitter:card\" content=\"summary_large_image\" \/>\n<meta name=\"twitter:label1\" content=\"Est. reading time\" \/>\n\t<meta name=\"twitter:data1\" content=\"1 minute\" \/>\n<script type=\"application\/ld+json\" class=\"yoast-schema-graph\">{\"@context\":\"https:\/\/schema.org\",\"@graph\":[{\"@type\":\"WebPage\",\"@id\":\"https:\/\/philouequestrian.com\/termek\/classy-line-glowes-bor-lovaglo-kesztyu-legatersztos-lovaglo-kesztyu\/\",\"url\":\"https:\/\/philouequestrian.com\/termek\/classy-line-glowes-bor-lovaglo-kesztyu-legatersztos-lovaglo-kesztyu\/\",\"name\":\"Classy Line Glowes - Philou\",\"isPartOf\":{\"@id\":\"https:\/\/philouequestrian.com\/#website\"},\"primaryImageOfPage\":{\"@id\":\"https:\/\/philouequestrian.com\/termek\/classy-line-glowes-bor-lovaglo-kesztyu-legatersztos-lovaglo-kesztyu\/#primaryimage\"},\"image\":{\"@id\":\"https:\/\/philouequestrian.com\/termek\/classy-line-glowes-bor-lovaglo-kesztyu-legatersztos-lovaglo-kesztyu\/#primaryimage\"},\"thumbnailUrl\":\"https:\/\/philouequestrian.com\/wp-content\/uploads\/2026\/04\/IMG_7513-scaled.jpeg\",\"datePublished\":\"2026-04-18T14:15:24+00:00\",\"dateModified\":\"2026-04-18T15:24:10+00:00\",\"description\":\"Eleg\u00e9n beige-barna b\u0151r lovagl\u00f3 keszty\u0171 l\u00e9g\u00e1terszt\u0151s anyaggal \u00e9s kiv\u00e1l\u00f3 tapad\u00e1ssal, touch bet\u00e9ttel. K\u00e9nyelmes st\u00edlusos v\u00e1laszt\u00e1s a mindennapi lovagl\u00e1shoz.\",\"breadcrumb\":{\"@id\":\"https:\/\/philouequestrian.com\/termek\/classy-line-glowes-bor-lovaglo-kesztyu-legatersztos-lovaglo-kesztyu\/#breadcrumb\"},\"inLanguage\":\"en-US\",\"potentialAction\":[{\"@type\":\"ReadAction\",\"target\":[\"https:\/\/philouequestrian.com\/termek\/classy-line-glowes-bor-lovaglo-kesztyu-legatersztos-lovaglo-kesztyu\/\"]}]},{\"@type\":\"ImageObject\",\"inLanguage\":\"en-US\",\"@id\":\"https:\/\/philouequestrian.com\/termek\/classy-line-glowes-bor-lovaglo-kesztyu-legatersztos-lovaglo-kesztyu\/#primaryimage\",\"url\":\"https:\/\/philouequestrian.com\/wp-content\/uploads\/2026\/04\/IMG_7513-scaled.jpeg\",\"contentUrl\":\"https:\/\/philouequestrian.com\/wp-content\/uploads\/2026\/04\/IMG_7513-scaled.jpeg\",\"width\":1775,\"height\":2560},{\"@type\":\"BreadcrumbList\",\"@id\":\"https:\/\/philouequestrian.com\/termek\/classy-line-glowes-bor-lovaglo-kesztyu-legatersztos-lovaglo-kesztyu\/#breadcrumb\",\"itemListElement\":[{\"@type\":\"ListItem\",\"position\":1,\"name\":\"Kezd\u0151lap\",\"item\":\"https:\/\/philouequestrian.com\/\"},{\"@type\":\"ListItem\",\"position\":2,\"name\":\"\u00dczlet\",\"item\":\"https:\/\/philouequestrian.com\/uzlet\/\"},{\"@type\":\"ListItem\",\"position\":3,\"name\":\"Classy Line Glowes\"}]},{\"@type\":\"WebSite\",\"@id\":\"https:\/\/philouequestrian.com\/#website\",\"url\":\"https:\/\/philouequestrian.com\/\",\"name\":\"Philou\",\"description\":\"Equestrian Clothing\",\"publisher\":{\"@id\":\"https:\/\/philouequestrian.com\/#organization\"},\"potentialAction\":[{\"@type\":\"SearchAction\",\"target\":{\"@type\":\"EntryPoint\",\"urlTemplate\":\"https:\/\/philouequestrian.com\/?s={search_term_string}\"},\"query-input\":{\"@type\":\"PropertyValueSpecification\",\"valueRequired\":true,\"valueName\":\"search_term_string\"}}],\"inLanguage\":\"en-US\"},{\"@type\":\"Organization\",\"@id\":\"https:\/\/philouequestrian.com\/#organization\",\"name\":\"Philou Equestrian Clothing\",\"url\":\"https:\/\/philouequestrian.com\/\",\"logo\":{\"@type\":\"ImageObject\",\"inLanguage\":\"en-US\",\"@id\":\"https:\/\/philouequestrian.com\/#\/schema\/logo\/image\/\",\"url\":\"https:\/\/philouequestrian.com\/wp-content\/uploads\/2022\/05\/philou-wbg.png\",\"contentUrl\":\"https:\/\/philouequestrian.com\/wp-content\/uploads\/2022\/05\/philou-wbg.png\",\"width\":2000,\"height\":2000,\"caption\":\"Philou Equestrian Clothing\"},\"image\":{\"@id\":\"https:\/\/philouequestrian.com\/#\/schema\/logo\/image\/\"},\"sameAs\":[\"https:\/\/www.facebook.com\/philouequestrian\",\"https:\/\/www.instagram.com\/philou_equestrian\/\"]}]}<\/script>\n<!-- \/ Yoast SEO plugin. -->","yoast_head_json":{"title":"Classy Line Glowes - Philou","description":"Eleg\u00e9n beige-barna b\u0151r lovagl\u00f3 keszty\u0171 l\u00e9g\u00e1terszt\u0151s anyaggal \u00e9s kiv\u00e1l\u00f3 tapad\u00e1ssal, touch bet\u00e9ttel. K\u00e9nyelmes st\u00edlusos v\u00e1laszt\u00e1s a mindennapi lovagl\u00e1shoz.","robots":{"index":"index","follow":"follow","max-snippet":"max-snippet:-1","max-image-preview":"max-image-preview:large","max-video-preview":"max-video-preview:-1"},"canonical":"https:\/\/philouequestrian.com\/en\/product\/classy-line-glowes-bor-lovaglo-kesztyu-legatersztos-lovaglo-kesztyu\/","og_locale":"en_US","og_type":"article","og_title":"Classy Line Glowes - Philou","og_description":"Eleg\u00e9n beige-barna b\u0151r lovagl\u00f3 keszty\u0171 l\u00e9g\u00e1terszt\u0151s anyaggal \u00e9s kiv\u00e1l\u00f3 tapad\u00e1ssal, touch bet\u00e9ttel. K\u00e9nyelmes st\u00edlusos v\u00e1laszt\u00e1s a mindennapi lovagl\u00e1shoz.","og_url":"https:\/\/philouequestrian.com\/en\/product\/classy-line-glowes-bor-lovaglo-kesztyu-legatersztos-lovaglo-kesztyu\/","og_site_name":"Philou","article_publisher":"https:\/\/www.facebook.com\/philouequestrian","article_modified_time":"2026-04-18T15:24:10+00:00","og_image":[{"width":1775,"height":2560,"url":"https:\/\/philouequestrian.com\/wp-content\/uploads\/2026\/04\/IMG_7513-scaled.jpeg","type":"image\/jpeg"}],"twitter_card":"summary_large_image","twitter_misc":{"Est. reading time":"1 minute"},"schema":{"@context":"https:\/\/schema.org","@graph":[{"@type":"WebPage","@id":"https:\/\/philouequestrian.com\/termek\/classy-line-glowes-bor-lovaglo-kesztyu-legatersztos-lovaglo-kesztyu\/","url":"https:\/\/philouequestrian.com\/termek\/classy-line-glowes-bor-lovaglo-kesztyu-legatersztos-lovaglo-kesztyu\/","name":"Classy Line Glowes - Philou","isPartOf":{"@id":"https:\/\/philouequestrian.com\/#website"},"primaryImageOfPage":{"@id":"https:\/\/philouequestrian.com\/termek\/classy-line-glowes-bor-lovaglo-kesztyu-legatersztos-lovaglo-kesztyu\/#primaryimage"},"image":{"@id":"https:\/\/philouequestrian.com\/termek\/classy-line-glowes-bor-lovaglo-kesztyu-legatersztos-lovaglo-kesztyu\/#primaryimage"},"thumbnailUrl":"https:\/\/philouequestrian.com\/wp-content\/uploads\/2026\/04\/IMG_7513-scaled.jpeg","datePublished":"2026-04-18T14:15:24+00:00","dateModified":"2026-04-18T15:24:10+00:00","description":"Eleg\u00e9n beige-barna b\u0151r lovagl\u00f3 keszty\u0171 l\u00e9g\u00e1terszt\u0151s anyaggal \u00e9s kiv\u00e1l\u00f3 tapad\u00e1ssal, touch bet\u00e9ttel. K\u00e9nyelmes st\u00edlusos v\u00e1laszt\u00e1s a mindennapi lovagl\u00e1shoz.","breadcrumb":{"@id":"https:\/\/philouequestrian.com\/termek\/classy-line-glowes-bor-lovaglo-kesztyu-legatersztos-lovaglo-kesztyu\/#breadcrumb"},"inLanguage":"en-US","potentialAction":[{"@type":"ReadAction","target":["https:\/\/philouequestrian.com\/termek\/classy-line-glowes-bor-lovaglo-kesztyu-legatersztos-lovaglo-kesztyu\/"]}]},{"@type":"ImageObject","inLanguage":"en-US","@id":"https:\/\/philouequestrian.com\/termek\/classy-line-glowes-bor-lovaglo-kesztyu-legatersztos-lovaglo-kesztyu\/#primaryimage","url":"https:\/\/philouequestrian.com\/wp-content\/uploads\/2026\/04\/IMG_7513-scaled.jpeg","contentUrl":"https:\/\/philouequestrian.com\/wp-content\/uploads\/2026\/04\/IMG_7513-scaled.jpeg","width":1775,"height":2560},{"@type":"BreadcrumbList","@id":"https:\/\/philouequestrian.com\/termek\/classy-line-glowes-bor-lovaglo-kesztyu-legatersztos-lovaglo-kesztyu\/#breadcrumb","itemListElement":[{"@type":"ListItem","position":1,"name":"Kezd\u0151lap","item":"https:\/\/philouequestrian.com\/"},{"@type":"ListItem","position":2,"name":"\u00dczlet","item":"https:\/\/philouequestrian.com\/uzlet\/"},{"@type":"ListItem","position":3,"name":"Classy Line Glowes"}]},{"@type":"WebSite","@id":"https:\/\/philouequestrian.com\/#website","url":"https:\/\/philouequestrian.com\/","name":"Philou","description":"Equestrian Clothing","publisher":{"@id":"https:\/\/philouequestrian.com\/#organization"},"potentialAction":[{"@type":"SearchAction","target":{"@type":"EntryPoint","urlTemplate":"https:\/\/philouequestrian.com\/?s={search_term_string}"},"query-input":{"@type":"PropertyValueSpecification","valueRequired":true,"valueName":"search_term_string"}}],"inLanguage":"en-US"},{"@type":"Organization","@id":"https:\/\/philouequestrian.com\/#organization","name":"Philou Equestrian Clothing","url":"https:\/\/philouequestrian.com\/","logo":{"@type":"ImageObject","inLanguage":"en-US","@id":"https:\/\/philouequestrian.com\/#\/schema\/logo\/image\/","url":"https:\/\/philouequestrian.com\/wp-content\/uploads\/2022\/05\/philou-wbg.png","contentUrl":"https:\/\/philouequestrian.com\/wp-content\/uploads\/2022\/05\/philou-wbg.png","width":2000,"height":2000,"caption":"Philou Equestrian Clothing"},"image":{"@id":"https:\/\/philouequestrian.com\/#\/schema\/logo\/image\/"},"sameAs":["https:\/\/www.facebook.com\/philouequestrian","https:\/\/www.instagram.com\/philou_equestrian\/"]}]}},"_links":{"self":[{"href":"https:\/\/philouequestrian.com\/en\/wp-json\/wp\/v2\/product\/4676","targetHints":{"allow":["GET"]}}],"collection":[{"href":"https:\/\/philouequestrian.com\/en\/wp-json\/wp\/v2\/product"}],"about":[{"href":"https:\/\/philouequestrian.com\/en\/wp-json\/wp\/v2\/types\/product"}],"wp:featuredmedia":[{"embeddable":true,"href":"https:\/\/philouequestrian.com\/en\/wp-json\/wp\/v2\/media\/4677"}],"wp:attachment":[{"href":"https:\/\/philouequestrian.com\/en\/wp-json\/wp\/v2\/media?parent=4676"}],"wp:term":[{"taxonomy":"product_cat","embeddable":true,"href":"https:\/\/philouequestrian.com\/en\/wp-json\/wp\/v2\/product_cat?post=4676"},{"taxonomy":"product_tag","embeddable":true,"href":"https:\/\/philouequestrian.com\/en\/wp-json\/wp\/v2\/product_tag?post=4676"}],"curies":[{"name":"wp","href":"https:\/\/api.w.org\/{rel}","templated":true}]}}